{"id":26320,"date":"2023-11-02T09:19:02","date_gmt":"2023-11-02T09:19:02","guid":{"rendered":"https:\/\/chilimag.hu\/webshop\/?post_type=product&#038;p=26320"},"modified":"2026-03-23T12:22:06","modified_gmt":"2026-03-23T12:22:06","slug":"csemegekukorica-hardi-f1-profy-line-florian-bg","status":"publish","type":"product","link":"https:\/\/chilimag.hu\/webshop\/termek\/csemegekukorica-hardi-f1-profy-line-florian-bg\/","title":{"rendered":"Csemegekukorica Hardi F1  Profy Line Florian Bg"},"content":{"rendered":"","protected":false},"excerpt":{"rendered":"<p><img decoding=\"async\" class=\"img-inline\" src=\"https:\/\/brcci.eu\/cache\/thumbnails\/12ecd0e6e419f1b9b1484ef02ad361979dd8e054\/1a6c5e1406ad462ca86d17b2800862d7f837862c-829875ad0a268b741b7edd818ffce098.png\" alt=\"FLORIAN OOD\" \/><\/p>\n<p>Csemegekukorica Hardi F1 mag<br \/>\nLe\u00edr\u00e1s: \u2013 Korai kukorica hibrid a szuper \u00e9des csoportb\u00f3l.<\/p>\n<p>Magok sz\u00e1ma csomagonk\u00e9nt: 50 mag (10 g)<\/p>\n<p>\u2013 A n\u00f6v\u00e9nyek 2,25 m magasak, a csutka beilleszt\u00e9si magass\u00e1ga 85 cm.<br \/>\n&#8211; a gubacs \u00e1tlagosan 22 cm hossz\u00fa, 16-18 soros, \u00e9l\u00e9nks\u00e1rga sz\u00edn\u0171.<br \/>\n&#8211; Friss fogyaszt\u00e1s \u00e9s feldolgoz\u00e1s.<br \/>\nDecime: 65.000 t\u0151\/ha aj\u00e1nlunk.<br \/>\nK\u00f3rokoz\u00f3kkal szembeni rezisztencia: \u2013 MDMV \u2013 Kukoricat\u00f6rpe mozaikv\u00edrus \u2013 A k\u00f6z\u00f6ns\u00e9ges kukoricav\u00edrus.<\/p>\n","protected":false},"featured_media":26321,"comment_status":"closed","ping_status":"closed","template":"","meta":[],"product_brand":[],"product_cat":[379],"product_tag":[],"class_list":{"0":"post-26320","1":"product","2":"type-product","3":"status-publish","4":"has-post-thumbnail","6":"product_cat-kukorica-vetomagok","8":"first","9":"instock","10":"taxable","11":"shipping-taxable","12":"purchasable","13":"product-type-simple"},"_links":{"self":[{"href":"https:\/\/chilimag.hu\/webshop\/wp-json\/wp\/v2\/product\/26320","targetHints":{"allow":["GET"]}}],"collection":[{"href":"https:\/\/chilimag.hu\/webshop\/wp-json\/wp\/v2\/product"}],"about":[{"href":"https:\/\/chilimag.hu\/webshop\/wp-json\/wp\/v2\/types\/product"}],"replies":[{"embeddable":true,"href":"https:\/\/chilimag.hu\/webshop\/wp-json\/wp\/v2\/comments?post=26320"}],"wp:featuredmedia":[{"embeddable":true,"href":"https:\/\/chilimag.hu\/webshop\/wp-json\/wp\/v2\/media\/26321"}],"wp:attachment":[{"href":"https:\/\/chilimag.hu\/webshop\/wp-json\/wp\/v2\/media?parent=26320"}],"wp:term":[{"taxonomy":"product_brand","embeddable":true,"href":"https:\/\/chilimag.hu\/webshop\/wp-json\/wp\/v2\/product_brand?post=26320"},{"taxonomy":"product_cat","embeddable":true,"href":"https:\/\/chilimag.hu\/webshop\/wp-json\/wp\/v2\/product_cat?post=26320"},{"taxonomy":"product_tag","embeddable":true,"href":"https:\/\/chilimag.hu\/webshop\/wp-json\/wp\/v2\/product_tag?post=26320"}],"curies":[{"name":"wp","href":"https:\/\/api.w.org\/{rel}","templated":true}]}}