{"id":26317,"date":"2023-11-02T09:01:47","date_gmt":"2023-11-02T09:01:47","guid":{"rendered":"https:\/\/chilimag.hu\/webshop\/?post_type=product&#038;p=26317"},"modified":"2026-02-28T17:35:19","modified_gmt":"2026-02-28T17:35:19","slug":"csemegekukorica-gia-f1-profy-line-florian-bg","status":"publish","type":"product","link":"https:\/\/chilimag.hu\/webshop\/termek\/csemegekukorica-gia-f1-profy-line-florian-bg\/","title":{"rendered":"Csemegekukorica Gia F1 Profy Line Florian Bg"},"content":{"rendered":"","protected":false},"excerpt":{"rendered":"<p><img decoding=\"async\" class=\"img-inline\" src=\"https:\/\/brcci.eu\/cache\/thumbnails\/12ecd0e6e419f1b9b1484ef02ad361979dd8e054\/1a6c5e1406ad462ca86d17b2800862d7f837862c-829875ad0a268b741b7edd818ffce098.png\" alt=\"FLORIAN OOD\" \/><\/p>\n<p>Csemegekukorica magok Gia F1<\/p>\n<p>Professzion\u00e1lis korai hibrid dupla cukor csemegekukorica magas termel\u00e9kenys\u00e9g\u00e9vel. A magvak hengeres alak\u00faak, 21 cm hossz\u00faak, 18-20 sor intenz\u00edv s\u00e1rga bogy\u00f3kkal. J\u00f3 termeszt\u00e9si k\u00f6r\u00fclm\u00e9nyek k\u00f6z\u00f6tt t\u00f6bb mint 90%-a intenz\u00edv. A hibrid friss fogyaszt\u00e1sra \u00e9s tart\u00f3s\u00edt\u00e1sra alkalmas. Alkalmas k\u00fclt\u00e9ri \u00e9s belt\u00e9ri termeszt\u00e9sre, \u00fcvegh\u00e1zakban \u00e9s szol\u00e1riumokban. J\u00f3 betegs\u00e9g\u00e1ll\u00f3s\u00e1g &#8211; mdmv (mozaik), Ps. Veget\u00e1ci\u00f3s id\u0151szak: 75-78 nap. Vet\u00e9sid\u0151: szabadf\u00f6ld\u00f6n &#8211; vid\u00e9kt\u0151l f\u00fcgg\u0151en \u00e1prilis 15-20. ut\u00e1n. M\u00e9lys\u00e9g: 2 cm. N\u00f6v\u00e9nysz\u00e1m hekt\u00e1ronk\u00e9nt: 6500 &#8211; 7000\/1000m2 \u00f6nt\u00f6z\u00e9si k\u00f6r\u00fclm\u00e9nyek k\u00f6z\u00f6tt: \u00c1t\u00fcltet\u00e9si s\u00e9ma: 20&#215;70 mc.<\/p>\n<p>Magok sz\u00e1ma csomagonk\u00e9nt: 50 mag (10 g)<\/p>\n","protected":false},"featured_media":26318,"comment_status":"closed","ping_status":"closed","template":"","meta":[],"product_brand":[],"product_cat":[379],"product_tag":[],"class_list":{"0":"post-26317","1":"product","2":"type-product","3":"status-publish","4":"has-post-thumbnail","6":"product_cat-kukorica-vetomagok","8":"first","9":"instock","10":"taxable","11":"shipping-taxable","12":"purchasable","13":"product-type-simple"},"_links":{"self":[{"href":"https:\/\/chilimag.hu\/webshop\/wp-json\/wp\/v2\/product\/26317","targetHints":{"allow":["GET"]}}],"collection":[{"href":"https:\/\/chilimag.hu\/webshop\/wp-json\/wp\/v2\/product"}],"about":[{"href":"https:\/\/chilimag.hu\/webshop\/wp-json\/wp\/v2\/types\/product"}],"replies":[{"embeddable":true,"href":"https:\/\/chilimag.hu\/webshop\/wp-json\/wp\/v2\/comments?post=26317"}],"wp:featuredmedia":[{"embeddable":true,"href":"https:\/\/chilimag.hu\/webshop\/wp-json\/wp\/v2\/media\/26318"}],"wp:attachment":[{"href":"https:\/\/chilimag.hu\/webshop\/wp-json\/wp\/v2\/media?parent=26317"}],"wp:term":[{"taxonomy":"product_brand","embeddable":true,"href":"https:\/\/chilimag.hu\/webshop\/wp-json\/wp\/v2\/product_brand?post=26317"},{"taxonomy":"product_cat","embeddable":true,"href":"https:\/\/chilimag.hu\/webshop\/wp-json\/wp\/v2\/product_cat?post=26317"},{"taxonomy":"product_tag","embeddable":true,"href":"https:\/\/chilimag.hu\/webshop\/wp-json\/wp\/v2\/product_tag?post=26317"}],"curies":[{"name":"wp","href":"https:\/\/api.w.org\/{rel}","templated":true}]}}