{"id":26313,"date":"2023-11-02T08:47:39","date_gmt":"2023-11-02T08:47:39","guid":{"rendered":"https:\/\/chilimag.hu\/webshop\/?post_type=product&#038;p=26313"},"modified":"2026-02-26T13:59:39","modified_gmt":"2026-02-26T13:59:39","slug":"sutotok-muscatna-1517-florian-bg","status":"publish","type":"product","link":"https:\/\/chilimag.hu\/webshop\/termek\/sutotok-muscatna-1517-florian-bg\/","title":{"rendered":"S\u00fct\u0151t\u00f6k Muscatna 1517 Florian Bg"},"content":{"rendered":"","protected":false},"excerpt":{"rendered":"<p><img decoding=\"async\" class=\"img-inline\" src=\"https:\/\/brcci.eu\/cache\/thumbnails\/12ecd0e6e419f1b9b1484ef02ad361979dd8e054\/1a6c5e1406ad462ca86d17b2800862d7f837862c-829875ad0a268b741b7edd818ffce098.png\" alt=\"FLORIAN OOD\" \/><\/p>\n<p>A s\u00fct\u0151t\u00f6k egy k\u00e9s\u0151i fajta, 130 napos veget\u00e1ci\u00f3val. Hossz\u00fa sz\u00e1rakat k\u00e9pez, sok levelekkel \u00e9s er\u0151s gy\u00f6k\u00e9rrel. Gy\u00fcm\u00f6lcsei nagyok, k\u00f6rte alak\u00faak, \u00e1tlagos t\u00f6meg\u00fck 7-9 kg. A gy\u00fcm\u00f6lcs h\u00e9ja enyh\u00e9n tagolt, sima. Technikailag \u00e9rett gy\u00fcm\u00f6lcs narancss\u00e1rga sz\u00edn\u0171. A p\u00e9p intenz\u00edv narancss\u00e1rga, t\u00f6r\u00e9keny, gazdag karotintartalommal. A magvakat \u00e1prilis 10-25. A vet\u00e9st 200\/200 cm t\u00e1vols\u00e1gra f\u00e9szkekben v\u00e9gezz\u00fck, f\u00e9szkenk\u00e9nt 4-5 magot helyezve, miut\u00e1n a talajh\u0151m\u00e9rs\u00e9klet folyamatosan 12 fok felett van.<\/p>\n<p>5 gr \/ csomag<\/p>\n","protected":false},"featured_media":26314,"comment_status":"closed","ping_status":"closed","template":"","meta":[],"product_brand":[],"product_cat":[373],"product_tag":[],"class_list":{"0":"post-26313","1":"product","2":"type-product","3":"status-publish","4":"has-post-thumbnail","6":"product_cat-dinnye-es-tok-vetomagok-bolgar-florian-vetomagok","8":"first","9":"instock","10":"taxable","11":"shipping-taxable","12":"purchasable","13":"product-type-simple"},"_links":{"self":[{"href":"https:\/\/chilimag.hu\/webshop\/wp-json\/wp\/v2\/product\/26313","targetHints":{"allow":["GET"]}}],"collection":[{"href":"https:\/\/chilimag.hu\/webshop\/wp-json\/wp\/v2\/product"}],"about":[{"href":"https:\/\/chilimag.hu\/webshop\/wp-json\/wp\/v2\/types\/product"}],"replies":[{"embeddable":true,"href":"https:\/\/chilimag.hu\/webshop\/wp-json\/wp\/v2\/comments?post=26313"}],"wp:featuredmedia":[{"embeddable":true,"href":"https:\/\/chilimag.hu\/webshop\/wp-json\/wp\/v2\/media\/26314"}],"wp:attachment":[{"href":"https:\/\/chilimag.hu\/webshop\/wp-json\/wp\/v2\/media?parent=26313"}],"wp:term":[{"taxonomy":"product_brand","embeddable":true,"href":"https:\/\/chilimag.hu\/webshop\/wp-json\/wp\/v2\/product_brand?post=26313"},{"taxonomy":"product_cat","embeddable":true,"href":"https:\/\/chilimag.hu\/webshop\/wp-json\/wp\/v2\/product_cat?post=26313"},{"taxonomy":"product_tag","embeddable":true,"href":"https:\/\/chilimag.hu\/webshop\/wp-json\/wp\/v2\/product_tag?post=26313"}],"curies":[{"name":"wp","href":"https:\/\/api.w.org\/{rel}","templated":true}]}}