{"id":26305,"date":"2023-11-02T08:12:40","date_gmt":"2023-11-02T08:12:40","guid":{"rendered":"https:\/\/chilimag.hu\/webshop\/?post_type=product&#038;p=26305"},"modified":"2026-02-23T19:02:33","modified_gmt":"2026-02-23T19:02:33","slug":"cukkini-ardendo-ardendo-f1-profy-line-florian-bg","status":"publish","type":"product","link":"https:\/\/chilimag.hu\/webshop\/termek\/cukkini-ardendo-ardendo-f1-profy-line-florian-bg\/","title":{"rendered":"Cukkini Ardendo F1 Profy Line Florian Bg"},"content":{"rendered":"","protected":false},"excerpt":{"rendered":"<p><img decoding=\"async\" class=\"img-inline\" src=\"https:\/\/brcci.eu\/cache\/thumbnails\/12ecd0e6e419f1b9b1484ef02ad361979dd8e054\/1a6c5e1406ad462ca86d17b2800862d7f837862c-829875ad0a268b741b7edd818ffce098.png\" alt=\"FLORIAN OOD\" \/><\/p>\n<p>Az Ardendo F1 egy nagyon j\u00f3l fejlett gy\u00f6k\u00e9rrendszer\u0171, hengeres, egyenletes term\u00e9ssel rendelkez\u0151 t\u00f6k, feh\u00e9r, enyh\u00e9n z\u00f6ldes sz\u00edn\u0171.<\/p>\n<p>Az Ardendo F1 extra korai \u00e9s magas termel\u00e9st biztos\u00edt, sz\u00e1nt\u00f3f\u00f6ldi n\u00f6v\u00e9nyekhez aj\u00e1nlott.<\/p>\n<p>El\u00e9rhet\u0151s\u00e9g El\u00e9rhet\u0151<br \/>\nKlasszikus cukkini t\u00edpus\u00fa (kr\u00e9mes)<br \/>\nKorais\u00e1g Korai<br \/>\nHossza (cm) 15 &#8211; 18cm<\/p>\n<p>A csomag 20 szem magot tartalmaz<\/p>\n","protected":false},"featured_media":26306,"comment_status":"closed","ping_status":"closed","template":"","meta":[],"product_brand":[],"product_cat":[373],"product_tag":[],"class_list":{"0":"post-26305","1":"product","2":"type-product","3":"status-publish","4":"has-post-thumbnail","6":"product_cat-dinnye-es-tok-vetomagok-bolgar-florian-vetomagok","8":"first","9":"instock","10":"taxable","11":"shipping-taxable","12":"purchasable","13":"product-type-simple"},"_links":{"self":[{"href":"https:\/\/chilimag.hu\/webshop\/wp-json\/wp\/v2\/product\/26305","targetHints":{"allow":["GET"]}}],"collection":[{"href":"https:\/\/chilimag.hu\/webshop\/wp-json\/wp\/v2\/product"}],"about":[{"href":"https:\/\/chilimag.hu\/webshop\/wp-json\/wp\/v2\/types\/product"}],"replies":[{"embeddable":true,"href":"https:\/\/chilimag.hu\/webshop\/wp-json\/wp\/v2\/comments?post=26305"}],"wp:featuredmedia":[{"embeddable":true,"href":"https:\/\/chilimag.hu\/webshop\/wp-json\/wp\/v2\/media\/26306"}],"wp:attachment":[{"href":"https:\/\/chilimag.hu\/webshop\/wp-json\/wp\/v2\/media?parent=26305"}],"wp:term":[{"taxonomy":"product_brand","embeddable":true,"href":"https:\/\/chilimag.hu\/webshop\/wp-json\/wp\/v2\/product_brand?post=26305"},{"taxonomy":"product_cat","embeddable":true,"href":"https:\/\/chilimag.hu\/webshop\/wp-json\/wp\/v2\/product_cat?post=26305"},{"taxonomy":"product_tag","embeddable":true,"href":"https:\/\/chilimag.hu\/webshop\/wp-json\/wp\/v2\/product_tag?post=26305"}],"curies":[{"name":"wp","href":"https:\/\/api.w.org\/{rel}","templated":true}]}}