{"id":26302,"date":"2023-11-02T08:03:50","date_gmt":"2023-11-02T08:03:50","guid":{"rendered":"https:\/\/chilimag.hu\/webshop\/?post_type=product&#038;p=26302"},"modified":"2026-05-07T10:17:15","modified_gmt":"2026-05-07T10:17:15","slug":"karfiol-nautilus-f1-profy-line-florian-bg","status":"publish","type":"product","link":"https:\/\/chilimag.hu\/webshop\/termek\/karfiol-nautilus-f1-profy-line-florian-bg\/","title":{"rendered":"Karfiol Nautilus F1 Profy Line Florian Bg"},"content":{"rendered":"","protected":false},"excerpt":{"rendered":"<p><img decoding=\"async\" class=\"img-inline\" src=\"https:\/\/brcci.eu\/cache\/thumbnails\/12ecd0e6e419f1b9b1484ef02ad361979dd8e054\/1a6c5e1406ad462ca86d17b2800862d7f837862c-829875ad0a268b741b7edd818ffce098.png\" alt=\"FLORIAN OOD\" \/><\/p>\n<p>F\u00e9lkorai, tavaszi-\u0151szi fajta, ellen\u00e1ll a magas h\u0151m\u00e9rs\u00e9kletnek. Tart\u00f3s n\u00f6v\u00e9ny kiv\u00e1l\u00f3 kapatafed\u00e9ssel. A capataana feh\u00e9r, t\u00f6m\u00f6r, 2 kg k\u00f6r\u00fcli, ki\u00fcltet\u00e9s ut\u00e1n 70-75 napon bel\u00fcl \u00e9rik.<\/p>\n<p>Vet\u00e9si id\u0151szak &#8211; m\u00e1jus 10 &#8211; j\u00fanius 25<\/p>\n<p>N\u00f6v\u00e9nyek sz\u00e1ma 1000 m\u00e9terenk\u00e9nt &#8211; 2800-3500<\/p>\n<p>Vet\u00e9si m\u00e9lys\u00e9g &#8211; 1-1,5 cm<\/p>\n<p>M\u0171szaki adatok:<\/p>\n<p>M\u00e9lys\u00e9ge 1-1,5 cm<br \/>\nVet\u00e9smennyis\u00e9g 2800-3500 mag\/1000 m\u00e9ter<br \/>\nA pal\u00e1nt\u00e1kb\u00f3l t\u00f6rt\u00e9n\u0151 termel\u00e9s t\u00edpusai<br \/>\n\u00c1ltal\u00e1noss\u00e1gok:<\/p>\n<p>\u00dcltet\u00e9s m\u00e1jus 10 &#8211; j\u00fanius 25<br \/>\nA betakar\u00edt\u00e1s augusztusban kezd\u0151dik<br \/>\nVeget\u00e1ci\u00f3ja 70-75 nap<\/p>\n<p>A csomag 30 szem magot tartalmaz<\/p>\n","protected":false},"featured_media":26303,"comment_status":"closed","ping_status":"closed","template":"","meta":[],"product_brand":[],"product_cat":[378],"product_tag":[],"class_list":{"0":"post-26302","1":"product","2":"type-product","3":"status-publish","4":"has-post-thumbnail","6":"product_cat-kaposzta-es-karfiol-vetomagok","8":"first","9":"instock","10":"taxable","11":"shipping-taxable","12":"purchasable","13":"product-type-simple"},"_links":{"self":[{"href":"https:\/\/chilimag.hu\/webshop\/wp-json\/wp\/v2\/product\/26302","targetHints":{"allow":["GET"]}}],"collection":[{"href":"https:\/\/chilimag.hu\/webshop\/wp-json\/wp\/v2\/product"}],"about":[{"href":"https:\/\/chilimag.hu\/webshop\/wp-json\/wp\/v2\/types\/product"}],"replies":[{"embeddable":true,"href":"https:\/\/chilimag.hu\/webshop\/wp-json\/wp\/v2\/comments?post=26302"}],"wp:featuredmedia":[{"embeddable":true,"href":"https:\/\/chilimag.hu\/webshop\/wp-json\/wp\/v2\/media\/26303"}],"wp:attachment":[{"href":"https:\/\/chilimag.hu\/webshop\/wp-json\/wp\/v2\/media?parent=26302"}],"wp:term":[{"taxonomy":"product_brand","embeddable":true,"href":"https:\/\/chilimag.hu\/webshop\/wp-json\/wp\/v2\/product_brand?post=26302"},{"taxonomy":"product_cat","embeddable":true,"href":"https:\/\/chilimag.hu\/webshop\/wp-json\/wp\/v2\/product_cat?post=26302"},{"taxonomy":"product_tag","embeddable":true,"href":"https:\/\/chilimag.hu\/webshop\/wp-json\/wp\/v2\/product_tag?post=26302"}],"curies":[{"name":"wp","href":"https:\/\/api.w.org\/{rel}","templated":true}]}}