{"id":26299,"date":"2023-11-02T07:56:40","date_gmt":"2023-11-02T07:56:40","guid":{"rendered":"https:\/\/chilimag.hu\/webshop\/?post_type=product&#038;p=26299"},"modified":"2026-02-19T13:48:08","modified_gmt":"2026-02-19T13:48:08","slug":"uborka-jazzer-f1-profy-line-florian-bg","status":"publish","type":"product","link":"https:\/\/chilimag.hu\/webshop\/termek\/uborka-jazzer-f1-profy-line-florian-bg\/","title":{"rendered":"Uborka Jazzer F1 Profy Line Florian Bg"},"content":{"rendered":"","protected":false},"excerpt":{"rendered":"<p><img decoding=\"async\" class=\"img-inline\" src=\"https:\/\/brcci.eu\/cache\/thumbnails\/12ecd0e6e419f1b9b1484ef02ad361979dd8e054\/1a6c5e1406ad462ca86d17b2800862d7f837862c-829875ad0a268b741b7edd818ffce098.png\" alt=\"FLORIAN OOD\" \/><\/p>\n<p>Le\u00edr\u00e1s<\/p>\n<p>Kerti uborka partenokarp hibrid sal\u00e1t\u00e1hoz, alkalmas korai termeszt\u00e9sre \u00fcvegh\u00e1zakban \u00e9s alag\u00fatban, valamint k\u00fclt\u00e9ri termeszt\u00e9sre k\u00fcl\u00f6nb\u00f6z\u0151 \u00e9p\u00edtm\u00e9nyeken \u00e9s szabadon a talajon. Korai term\u00e9st ad \u00e9s j\u00f3 \u00f6sszterm\u00e9st ad. S\u00f6t\u00e9tz\u00f6ld, sima, t\u00f6vissel bor\u00edtott term\u00e9sei 20-23 cm hossz\u00faak. Ellen\u00e1ll az uborka mozaiknak, lisztharmatnak, nagyon ellen\u00e1ll a rothad\u00e1snak \u00e9s a sz\u00f6gletes foltosod\u00e1snak.<\/p>\n<p>Vet\u00e9si id\u0151szakok:<\/p>\n<p>febru\u00e1r 15-\u00e1prilis 15<\/p>\n<p>\u00e1prilis 15 &#8211; j\u00fanius 15<\/p>\n<p>N\u00f6v\u00e9nyek sz\u00e1ma 1000 m\u00e9terenk\u00e9nt &#8211; 1400 &#8211; 2400 mag<\/p>\n<p>Vet\u00e9si m\u00e9lys\u00e9g &#8211; 1,5 &#8211; 2 cm<\/p>\n<p>M\u0171szaki adatok:<\/p>\n<p>M\u00e9lys\u00e9ge 1,5-2 cm<br \/>\nVet\u00e9smennyis\u00e9g 1400 &#8211; 2400 mag\/1000 m\u00e9ter<br \/>\nA magvakb\u00f3l, pal\u00e1nt\u00e1kb\u00f3l t\u00f6rt\u00e9n\u0151 el\u0151\u00e1ll\u00edt\u00e1s fajt\u00e1i<br \/>\n\u00c1ltal\u00e1noss\u00e1gok:<\/p>\n<p>20 db magot tartalmaz<br \/>\nS\u00falya 20 mag<br \/>\n\u00dcltet\u00e9s febru\u00e1r 15 &#8211; \u00e1prilis 15 \u00e1prilis 15 &#8211; j\u00fanius 15<br \/>\nA betakar\u00edt\u00e1s m\u00e1jusban kezd\u0151dik<br \/>\nVeget\u00e1ci\u00f3 56 nap<\/p>\n<p>A csomag 20 szem magot tartalmaz<\/p>\n","protected":false},"featured_media":26300,"comment_status":"closed","ping_status":"closed","template":"","meta":[],"product_brand":[],"product_cat":[383],"product_tag":[],"class_list":{"0":"post-26299","1":"product","2":"type-product","3":"status-publish","4":"has-post-thumbnail","6":"product_cat-uborka-es-padlizsan-vetomagok","8":"first","9":"instock","10":"taxable","11":"shipping-taxable","12":"purchasable","13":"product-type-simple"},"_links":{"self":[{"href":"https:\/\/chilimag.hu\/webshop\/wp-json\/wp\/v2\/product\/26299","targetHints":{"allow":["GET"]}}],"collection":[{"href":"https:\/\/chilimag.hu\/webshop\/wp-json\/wp\/v2\/product"}],"about":[{"href":"https:\/\/chilimag.hu\/webshop\/wp-json\/wp\/v2\/types\/product"}],"replies":[{"embeddable":true,"href":"https:\/\/chilimag.hu\/webshop\/wp-json\/wp\/v2\/comments?post=26299"}],"wp:featuredmedia":[{"embeddable":true,"href":"https:\/\/chilimag.hu\/webshop\/wp-json\/wp\/v2\/media\/26300"}],"wp:attachment":[{"href":"https:\/\/chilimag.hu\/webshop\/wp-json\/wp\/v2\/media?parent=26299"}],"wp:term":[{"taxonomy":"product_brand","embeddable":true,"href":"https:\/\/chilimag.hu\/webshop\/wp-json\/wp\/v2\/product_brand?post=26299"},{"taxonomy":"product_cat","embeddable":true,"href":"https:\/\/chilimag.hu\/webshop\/wp-json\/wp\/v2\/product_cat?post=26299"},{"taxonomy":"product_tag","embeddable":true,"href":"https:\/\/chilimag.hu\/webshop\/wp-json\/wp\/v2\/product_tag?post=26299"}],"curies":[{"name":"wp","href":"https:\/\/api.w.org\/{rel}","templated":true}]}}