{"id":26297,"date":"2023-11-02T07:36:55","date_gmt":"2023-11-02T07:36:55","guid":{"rendered":"https:\/\/chilimag.hu\/webshop\/?post_type=product&#038;p=26297"},"modified":"2025-12-07T17:35:08","modified_gmt":"2025-12-07T17:35:08","slug":"paradicsom-rila-f1-250-szem-geosem-bg","status":"publish","type":"product","link":"https:\/\/chilimag.hu\/webshop\/termek\/paradicsom-rila-f1-250-szem-geosem-bg\/","title":{"rendered":"Paradicsom Rila F1 250 szem Geosem Bg"},"content":{"rendered":"","protected":false},"excerpt":{"rendered":"<p><img decoding=\"async\" class=\"manufacturer-logo\" src=\"https:\/\/www.agropataki.ro\/img\/m\/15.jpg\" alt=\"Geosem\" width=\"210\" height=\"50\" \/><\/p>\n<p>A Rila F1 egy f\u00e9lkorai hibrid, hat\u00e1rozatlan, v\u00e9dett helyeken (\u00fcvegh\u00e1zak, szol\u00e1riumok) \u00e9s sz\u00e1nt\u00f3f\u00f6ldi termeszt\u00e9sre alkalmas.<br \/>\nA n\u00f6v\u00e9ny ellen\u00e1ll a paradicsommozaikv\u00edrusnak, a verticiliumnak, a fuz\u00e1riumnak \u00e9s a fon\u00e1lf\u00e9rgeknek.<br \/>\nGy\u00fcm\u00f6lcse: 180-200 g, kerek, sima, kem\u00e9ny, z\u00f6ld kalap n\u00e9lk\u00fcl<\/p>\n","protected":false},"featured_media":26298,"comment_status":"closed","ping_status":"closed","template":"","meta":[],"product_brand":[],"product_cat":[318],"product_tag":[],"class_list":{"0":"post-26297","1":"product","2":"type-product","3":"status-publish","4":"has-post-thumbnail","6":"product_cat-bolgar-geosem-es-egyeb-vetomagok","8":"first","9":"outofstock","10":"taxable","11":"shipping-taxable","12":"purchasable","13":"product-type-simple"},"_links":{"self":[{"href":"https:\/\/chilimag.hu\/webshop\/wp-json\/wp\/v2\/product\/26297","targetHints":{"allow":["GET"]}}],"collection":[{"href":"https:\/\/chilimag.hu\/webshop\/wp-json\/wp\/v2\/product"}],"about":[{"href":"https:\/\/chilimag.hu\/webshop\/wp-json\/wp\/v2\/types\/product"}],"replies":[{"embeddable":true,"href":"https:\/\/chilimag.hu\/webshop\/wp-json\/wp\/v2\/comments?post=26297"}],"wp:featuredmedia":[{"embeddable":true,"href":"https:\/\/chilimag.hu\/webshop\/wp-json\/wp\/v2\/media\/26298"}],"wp:attachment":[{"href":"https:\/\/chilimag.hu\/webshop\/wp-json\/wp\/v2\/media?parent=26297"}],"wp:term":[{"taxonomy":"product_brand","embeddable":true,"href":"https:\/\/chilimag.hu\/webshop\/wp-json\/wp\/v2\/product_brand?post=26297"},{"taxonomy":"product_cat","embeddable":true,"href":"https:\/\/chilimag.hu\/webshop\/wp-json\/wp\/v2\/product_cat?post=26297"},{"taxonomy":"product_tag","embeddable":true,"href":"https:\/\/chilimag.hu\/webshop\/wp-json\/wp\/v2\/product_tag?post=26297"}],"curies":[{"name":"wp","href":"https:\/\/api.w.org\/{rel}","templated":true}]}}