{"id":26287,"date":"2023-11-01T16:41:29","date_gmt":"2023-11-01T16:41:29","guid":{"rendered":"https:\/\/chilimag.hu\/webshop\/?post_type=product&#038;p=26287"},"modified":"2026-03-03T07:14:53","modified_gmt":"2026-03-03T07:14:53","slug":"karfiol-delta-florian-bg","status":"publish","type":"product","link":"https:\/\/chilimag.hu\/webshop\/termek\/karfiol-delta-florian-bg\/","title":{"rendered":"Karfiol Delta Florian Bg"},"content":{"rendered":"","protected":false},"excerpt":{"rendered":"<p><img decoding=\"async\" class=\"img-inline\" src=\"https:\/\/brcci.eu\/cache\/thumbnails\/12ecd0e6e419f1b9b1484ef02ad361979dd8e054\/1a6c5e1406ad462ca86d17b2800862d7f837862c-829875ad0a268b741b7edd818ffce098.png\" alt=\"FLORIAN OOD\" \/><\/p>\n<p>F\u00e9lkorai karfiolfajta k\u00e9s\u0151i betakar\u00edt\u00e1sra, \u0151sz v\u00e9g\u00e9ig. A n\u00f6v\u00e9ny egyenes, z\u00f6ld level\u0171, kalapja nagy, feh\u00e9r sz\u00edn\u0171, nagyon j\u00f3 \u00edz\u0171. A t\u00e1panyagban gazdag talajokat kedveli. A veget\u00e1ci\u00f3s id\u0151szak 70-75 nap.<\/p>\n<p>A korai termeszt\u00e9sn\u00e9l a vet\u00e9s janu\u00e1r 25-30-ig, a k\u00e9sein\u00e9l m\u00e1jus 25-j\u00fanius 1-ig t\u00f6rt\u00e9nik.<\/p>\n<p>Magok mennyis\u00e9ge zs\u00e1konk\u00e9nt: 1,5 gramm (450-500 db).<\/p>\n<p>M\u0171szaki adatok:<\/p>\n<p>M\u00e9lys\u00e9ge 1,5-2 cm<br \/>\nA magvakb\u00f3l, pal\u00e1nt\u00e1kb\u00f3l t\u00f6rt\u00e9n\u0151 el\u0151\u00e1ll\u00edt\u00e1s fajt\u00e1i<br \/>\n\u00c1ltal\u00e1noss\u00e1gok:<\/p>\n<p>S\u00falya 1,5 gramm<br \/>\n\u00dcltet\u00e9s janu\u00e1r (eleje) j\u00fanius (v\u00e9ge)<br \/>\nA betakar\u00edt\u00e1s j\u00faniusban kezd\u0151dik<br \/>\nVeget\u00e1ci\u00f3ja 70-75 nap<\/p>\n","protected":false},"featured_media":26288,"comment_status":"closed","ping_status":"closed","template":"","meta":[],"product_brand":[],"product_cat":[378],"product_tag":[],"class_list":{"0":"post-26287","1":"product","2":"type-product","3":"status-publish","4":"has-post-thumbnail","6":"product_cat-kaposzta-es-karfiol-vetomagok","8":"first","9":"instock","10":"taxable","11":"shipping-taxable","12":"purchasable","13":"product-type-simple"},"_links":{"self":[{"href":"https:\/\/chilimag.hu\/webshop\/wp-json\/wp\/v2\/product\/26287","targetHints":{"allow":["GET"]}}],"collection":[{"href":"https:\/\/chilimag.hu\/webshop\/wp-json\/wp\/v2\/product"}],"about":[{"href":"https:\/\/chilimag.hu\/webshop\/wp-json\/wp\/v2\/types\/product"}],"replies":[{"embeddable":true,"href":"https:\/\/chilimag.hu\/webshop\/wp-json\/wp\/v2\/comments?post=26287"}],"wp:featuredmedia":[{"embeddable":true,"href":"https:\/\/chilimag.hu\/webshop\/wp-json\/wp\/v2\/media\/26288"}],"wp:attachment":[{"href":"https:\/\/chilimag.hu\/webshop\/wp-json\/wp\/v2\/media?parent=26287"}],"wp:term":[{"taxonomy":"product_brand","embeddable":true,"href":"https:\/\/chilimag.hu\/webshop\/wp-json\/wp\/v2\/product_brand?post=26287"},{"taxonomy":"product_cat","embeddable":true,"href":"https:\/\/chilimag.hu\/webshop\/wp-json\/wp\/v2\/product_cat?post=26287"},{"taxonomy":"product_tag","embeddable":true,"href":"https:\/\/chilimag.hu\/webshop\/wp-json\/wp\/v2\/product_tag?post=26287"}],"curies":[{"name":"wp","href":"https:\/\/api.w.org\/{rel}","templated":true}]}}