{"id":26283,"date":"2023-11-01T16:31:21","date_gmt":"2023-11-01T16:31:21","guid":{"rendered":"https:\/\/chilimag.hu\/webshop\/?post_type=product&#038;p=26283"},"modified":"2026-02-12T06:51:58","modified_gmt":"2026-02-12T06:51:58","slug":"karfiol-marvel-4-seasons-florian-bg","status":"publish","type":"product","link":"https:\/\/chilimag.hu\/webshop\/termek\/karfiol-marvel-4-seasons-florian-bg\/","title":{"rendered":"Karfiol Marvel 4 Seasons Florian Bg"},"content":{"rendered":"","protected":false},"excerpt":{"rendered":"<p><img decoding=\"async\" class=\"img-inline\" src=\"https:\/\/brcci.eu\/cache\/thumbnails\/12ecd0e6e419f1b9b1484ef02ad361979dd8e054\/1a6c5e1406ad462ca86d17b2800862d7f837862c-829875ad0a268b741b7edd818ffce098.png\" alt=\"FLORIAN OOD\" \/><\/p>\n<p>Karfiol MARVEL 4<\/p>\n<p>K\u00f6z\u00e9pkorai fajta karfiol, nagy, feh\u00e9r fej\u0171, ov\u00e1lis \u00e9s enyh\u00e9n lapos alak\u00fa, s\u00f6t\u00e9tz\u00f6ld levelekkel, amelyek a terjedelmes fejet bor\u00edtj\u00e1k, \u00e1tlagosan 1,8-2,2 kg-os teny\u00e9szid\u0151vel 110-130 nap.<\/p>\n<p>Vet\u00e9sid\u0151: janu\u00e1rt\u00f3l j\u00faniusig a k\u00e9sz n\u00f6v\u00e9nyeket a n\u00f6v\u00e9nyek k\u00f6z\u00f6tt 30 cm, a sorok k\u00f6z\u00f6tt 50 cm t\u00e1vols\u00e1gra \u00fcltetj\u00fck.<\/p>\n<p>Magok mennyis\u00e9ge zs\u00e1konk\u00e9nt: 1,5 gramm (450-500 db)<\/p>\n<p>M\u0171szaki adatok:<\/p>\n<p>M\u00e9lys\u00e9ge 1,5-2 cm<br \/>\nJanu\u00e1r 25-t\u0151l j\u00faniusig vetik<br \/>\nVet\u00e9smennyis\u00e9g 50-60 gramm\/hekt\u00e1r<br \/>\nA vet\u0151magb\u00f3l t\u00f6rt\u00e9n\u0151 termel\u00e9s t\u00edpusai<br \/>\n\u00c1ltal\u00e1noss\u00e1gok:<\/p>\n<p>300-350 magot tartalmaz grammonk\u00e9nt<br \/>\nS\u00falya 1,5 gramm<br \/>\n\u00dcltet\u00e9s janu\u00e1r\/\u00e1prilis-j\u00fanius<br \/>\nSz\u00fcret j\u00fanius-szeptember-november<br \/>\nVeget\u00e1ci\u00f3ja 110-130 nap<\/p>\n","protected":false},"featured_media":26284,"comment_status":"closed","ping_status":"closed","template":"","meta":[],"product_brand":[],"product_cat":[378],"product_tag":[],"class_list":{"0":"post-26283","1":"product","2":"type-product","3":"status-publish","4":"has-post-thumbnail","6":"product_cat-kaposzta-es-karfiol-vetomagok","8":"first","9":"instock","10":"taxable","11":"shipping-taxable","12":"purchasable","13":"product-type-simple"},"_links":{"self":[{"href":"https:\/\/chilimag.hu\/webshop\/wp-json\/wp\/v2\/product\/26283","targetHints":{"allow":["GET"]}}],"collection":[{"href":"https:\/\/chilimag.hu\/webshop\/wp-json\/wp\/v2\/product"}],"about":[{"href":"https:\/\/chilimag.hu\/webshop\/wp-json\/wp\/v2\/types\/product"}],"replies":[{"embeddable":true,"href":"https:\/\/chilimag.hu\/webshop\/wp-json\/wp\/v2\/comments?post=26283"}],"wp:featuredmedia":[{"embeddable":true,"href":"https:\/\/chilimag.hu\/webshop\/wp-json\/wp\/v2\/media\/26284"}],"wp:attachment":[{"href":"https:\/\/chilimag.hu\/webshop\/wp-json\/wp\/v2\/media?parent=26283"}],"wp:term":[{"taxonomy":"product_brand","embeddable":true,"href":"https:\/\/chilimag.hu\/webshop\/wp-json\/wp\/v2\/product_brand?post=26283"},{"taxonomy":"product_cat","embeddable":true,"href":"https:\/\/chilimag.hu\/webshop\/wp-json\/wp\/v2\/product_cat?post=26283"},{"taxonomy":"product_tag","embeddable":true,"href":"https:\/\/chilimag.hu\/webshop\/wp-json\/wp\/v2\/product_tag?post=26283"}],"curies":[{"name":"wp","href":"https:\/\/api.w.org\/{rel}","templated":true}]}}