{"id":26280,"date":"2023-11-01T16:15:29","date_gmt":"2023-11-01T16:15:29","guid":{"rendered":"https:\/\/chilimag.hu\/webshop\/?post_type=product&#038;p=26280"},"modified":"2025-08-12T21:00:25","modified_gmt":"2025-08-12T21:00:25","slug":"kaposzta-rufus-florian-bg","status":"publish","type":"product","link":"https:\/\/chilimag.hu\/webshop\/termek\/kaposzta-rufus-florian-bg\/","title":{"rendered":"K\u00e1poszta Rufus Florian Bg"},"content":{"rendered":"","protected":false},"excerpt":{"rendered":"<p><img decoding=\"async\" class=\"img-inline\" src=\"https:\/\/brcci.eu\/cache\/thumbnails\/12ecd0e6e419f1b9b1484ef02ad361979dd8e054\/1a6c5e1406ad462ca86d17b2800862d7f837862c-829875ad0a268b741b7edd818ffce098.png\" alt=\"FLORIAN OOD\" \/><\/p>\n<p>Korai v\u00f6r\u00f6s k\u00e1poszta, 100-120 napos veget\u00e1ci\u00f3s peri\u00f3dussal. A fej kerek, hossz\u00fak\u00e1s, egys\u00e9ges, s\u00f6t\u00e9tlila sz\u00edn\u0171, \u00e1tlagos s\u00falya 1,3-2 kg. Magas termel\u00e9si kapacit\u00e1ssal rendelkezik. Aktu\u00e1lis fogyaszt\u00e1sra \u00e9s t\u00e1rol\u00e1sra is alkalmas.<\/p>\n<p>A bor\u00edt\u00e9k 700 magot (3 gr) tartalmaz<\/p>\n<p>&#8211; korai v\u00f6r\u00f6s k\u00e1poszta<\/p>\n<p>&#8211; hossz\u00fak\u00e1s kerek fej, egys\u00e9ges, s\u00f6t\u00e9tlila sz\u00edn\u0171<\/p>\n","protected":false},"featured_media":26281,"comment_status":"closed","ping_status":"closed","template":"","meta":[],"product_brand":[],"product_cat":[378],"product_tag":[],"class_list":{"0":"post-26280","1":"product","2":"type-product","3":"status-publish","4":"has-post-thumbnail","6":"product_cat-kaposzta-es-karfiol-vetomagok","8":"first","9":"outofstock","10":"taxable","11":"shipping-taxable","12":"purchasable","13":"product-type-simple"},"_links":{"self":[{"href":"https:\/\/chilimag.hu\/webshop\/wp-json\/wp\/v2\/product\/26280","targetHints":{"allow":["GET"]}}],"collection":[{"href":"https:\/\/chilimag.hu\/webshop\/wp-json\/wp\/v2\/product"}],"about":[{"href":"https:\/\/chilimag.hu\/webshop\/wp-json\/wp\/v2\/types\/product"}],"replies":[{"embeddable":true,"href":"https:\/\/chilimag.hu\/webshop\/wp-json\/wp\/v2\/comments?post=26280"}],"wp:featuredmedia":[{"embeddable":true,"href":"https:\/\/chilimag.hu\/webshop\/wp-json\/wp\/v2\/media\/26281"}],"wp:attachment":[{"href":"https:\/\/chilimag.hu\/webshop\/wp-json\/wp\/v2\/media?parent=26280"}],"wp:term":[{"taxonomy":"product_brand","embeddable":true,"href":"https:\/\/chilimag.hu\/webshop\/wp-json\/wp\/v2\/product_brand?post=26280"},{"taxonomy":"product_cat","embeddable":true,"href":"https:\/\/chilimag.hu\/webshop\/wp-json\/wp\/v2\/product_cat?post=26280"},{"taxonomy":"product_tag","embeddable":true,"href":"https:\/\/chilimag.hu\/webshop\/wp-json\/wp\/v2\/product_tag?post=26280"}],"curies":[{"name":"wp","href":"https:\/\/api.w.org\/{rel}","templated":true}]}}