{"id":26278,"date":"2023-11-01T16:10:42","date_gmt":"2023-11-01T16:10:42","guid":{"rendered":"https:\/\/chilimag.hu\/webshop\/?post_type=product&#038;p=26278"},"modified":"2026-03-03T07:14:53","modified_gmt":"2026-03-03T07:14:53","slug":"sargadinnye-cantalupo-florian-bg","status":"publish","type":"product","link":"https:\/\/chilimag.hu\/webshop\/termek\/sargadinnye-cantalupo-florian-bg\/","title":{"rendered":"S\u00e1rgadinnye Cantalupo Florian Bg"},"content":{"rendered":"","protected":false},"excerpt":{"rendered":"<p><img decoding=\"async\" class=\"img-inline\" src=\"https:\/\/brcci.eu\/cache\/thumbnails\/12ecd0e6e419f1b9b1484ef02ad361979dd8e054\/1a6c5e1406ad462ca86d17b2800862d7f837862c-829875ad0a268b741b7edd818ffce098.png\" alt=\"FLORIAN OOD\" \/><\/p>\n<p>Kerek alak\u00fa, 0,900-1,2 kg t\u00f6meg\u0171 dinnye korai fajt\u00e1ja. A k\u00e9reg sima, v\u00e9kony, kis erekkel \u00e9s sz\u00fcrk\u00e9s-z\u00f6ld sz\u00edn\u0171. A bels\u0151 r\u00e9sz intenz\u00edv narancss\u00e1rga, l\u00e9d\u00fas, nagyon \u00e9des \u00e9s arom\u00e1s, t\u00fal s\u00e9r\u00fcl\u00e9keny a sz\u00e1ll\u00edt\u00e1shoz. A veget\u00e1ci\u00f3s id\u0151szak 90 nap.<\/p>\n<p>Vet\u00e9sid\u0151 \u00e1prilis 15-20.<\/p>\n<p>T\u00e1vols\u00e1g: 150\/50-60 cm M\u00e9lys\u00e9g 3-5 cm.<\/p>\n<p>Magok mennyis\u00e9ge zs\u00e1konk\u00e9nt: 2 gramm &#8211; 60 mag<\/p>\n<p>M\u0171szaki adatok<br \/>\nM\u00e9lys\u00e9ge 3-5 cm<br \/>\nVet\u0151mennyis\u00e9g 100-150 gramm\/1000 m\u00e9ter<br \/>\nA magvakb\u00f3l, pal\u00e1nt\u00e1kb\u00f3l t\u00f6rt\u00e9n\u0151 el\u0151\u00e1ll\u00edt\u00e1s fajt\u00e1i<br \/>\n\u00c1ttekint\u00e9s<br \/>\n30-35 magot tartalmaz grammonk\u00e9nt<br \/>\nS\u00falya 2 gramm<br \/>\n\u00dcltet\u00e9s \u00e1prilis 15-20<br \/>\nA betakar\u00edt\u00e1s j\u00falius-augusztust\u00f3l kezd\u0151dik<br \/>\nVeget\u00e1ci\u00f3 90 nap<\/p>\n","protected":false},"featured_media":30860,"comment_status":"closed","ping_status":"closed","template":"","meta":[],"product_brand":[],"product_cat":[373],"product_tag":[],"class_list":{"0":"post-26278","1":"product","2":"type-product","3":"status-publish","4":"has-post-thumbnail","6":"product_cat-dinnye-es-tok-vetomagok-bolgar-florian-vetomagok","8":"first","9":"instock","10":"taxable","11":"shipping-taxable","12":"purchasable","13":"product-type-simple"},"_links":{"self":[{"href":"https:\/\/chilimag.hu\/webshop\/wp-json\/wp\/v2\/product\/26278","targetHints":{"allow":["GET"]}}],"collection":[{"href":"https:\/\/chilimag.hu\/webshop\/wp-json\/wp\/v2\/product"}],"about":[{"href":"https:\/\/chilimag.hu\/webshop\/wp-json\/wp\/v2\/types\/product"}],"replies":[{"embeddable":true,"href":"https:\/\/chilimag.hu\/webshop\/wp-json\/wp\/v2\/comments?post=26278"}],"wp:featuredmedia":[{"embeddable":true,"href":"https:\/\/chilimag.hu\/webshop\/wp-json\/wp\/v2\/media\/30860"}],"wp:attachment":[{"href":"https:\/\/chilimag.hu\/webshop\/wp-json\/wp\/v2\/media?parent=26278"}],"wp:term":[{"taxonomy":"product_brand","embeddable":true,"href":"https:\/\/chilimag.hu\/webshop\/wp-json\/wp\/v2\/product_brand?post=26278"},{"taxonomy":"product_cat","embeddable":true,"href":"https:\/\/chilimag.hu\/webshop\/wp-json\/wp\/v2\/product_cat?post=26278"},{"taxonomy":"product_tag","embeddable":true,"href":"https:\/\/chilimag.hu\/webshop\/wp-json\/wp\/v2\/product_tag?post=26278"}],"curies":[{"name":"wp","href":"https:\/\/api.w.org\/{rel}","templated":true}]}}