{"id":26274,"date":"2023-11-01T15:49:00","date_gmt":"2023-11-01T15:49:00","guid":{"rendered":"https:\/\/chilimag.hu\/webshop\/?post_type=product&#038;p=26274"},"modified":"2026-02-03T15:19:00","modified_gmt":"2026-02-03T15:19:00","slug":"gorogdinnye-rosario-f1-florian-bg","status":"publish","type":"product","link":"https:\/\/chilimag.hu\/webshop\/termek\/gorogdinnye-rosario-f1-florian-bg\/","title":{"rendered":"G\u00f6r\u00f6gdinnye Rosario F1 Florian Bg"},"content":{"rendered":"","protected":false},"excerpt":{"rendered":"<p><img decoding=\"async\" class=\"img-inline\" src=\"https:\/\/brcci.eu\/cache\/thumbnails\/12ecd0e6e419f1b9b1484ef02ad361979dd8e054\/1a6c5e1406ad462ca86d17b2800862d7f837862c-829875ad0a268b741b7edd818ffce098.png\" alt=\"FLORIAN OOD\" \/><\/p>\n<p>A Rosario g\u00f6r\u00f6gdinnye az els\u0151 lengyel g\u00f6r\u00f6gdinnyefajta; kor\u00e1bbi, \u00e9s elviseli a m\u00e9rs\u00e9kelt \u00e9ghajlatra jellemz\u0151 v\u00e1ltoz\u00f3 id\u0151j\u00e1r\u00e1si viszonyokat. Gy\u00fcm\u00f6lcsei nagyra n\u0151nek, el\u00e9rik a 4 kilogrammot, s\u00f6t\u00e9tz\u00f6ld h\u00e9j\u00faak, r\u00f3zsasz\u00ednes-v\u00f6r\u00f6s h\u00fasuk nagyon l\u00e9d\u00fas \u00e9s \u00e9des. A \u201eRosario\u201d g\u00f6r\u00f6gdinnye m\u00e9g h\u0171v\u00f6sebb h\u0151m\u00e9rs\u00e9kleten is vir\u00e1gzik. Ez a n\u00f6v\u00e9ny termeszthet\u0151 a talajban vagy fed\u00e9l alatt.<\/p>\n<p>&nbsp;<\/p>\n","protected":false},"featured_media":26275,"comment_status":"closed","ping_status":"closed","template":"","meta":[],"product_brand":[],"product_cat":[373],"product_tag":[],"class_list":{"0":"post-26274","1":"product","2":"type-product","3":"status-publish","4":"has-post-thumbnail","6":"product_cat-dinnye-es-tok-vetomagok-bolgar-florian-vetomagok","8":"first","9":"instock","10":"taxable","11":"shipping-taxable","12":"purchasable","13":"product-type-simple"},"_links":{"self":[{"href":"https:\/\/chilimag.hu\/webshop\/wp-json\/wp\/v2\/product\/26274","targetHints":{"allow":["GET"]}}],"collection":[{"href":"https:\/\/chilimag.hu\/webshop\/wp-json\/wp\/v2\/product"}],"about":[{"href":"https:\/\/chilimag.hu\/webshop\/wp-json\/wp\/v2\/types\/product"}],"replies":[{"embeddable":true,"href":"https:\/\/chilimag.hu\/webshop\/wp-json\/wp\/v2\/comments?post=26274"}],"wp:featuredmedia":[{"embeddable":true,"href":"https:\/\/chilimag.hu\/webshop\/wp-json\/wp\/v2\/media\/26275"}],"wp:attachment":[{"href":"https:\/\/chilimag.hu\/webshop\/wp-json\/wp\/v2\/media?parent=26274"}],"wp:term":[{"taxonomy":"product_brand","embeddable":true,"href":"https:\/\/chilimag.hu\/webshop\/wp-json\/wp\/v2\/product_brand?post=26274"},{"taxonomy":"product_cat","embeddable":true,"href":"https:\/\/chilimag.hu\/webshop\/wp-json\/wp\/v2\/product_cat?post=26274"},{"taxonomy":"product_tag","embeddable":true,"href":"https:\/\/chilimag.hu\/webshop\/wp-json\/wp\/v2\/product_tag?post=26274"}],"curies":[{"name":"wp","href":"https:\/\/api.w.org\/{rel}","templated":true}]}}