{"id":26263,"date":"2023-11-01T09:35:44","date_gmt":"2023-11-01T09:35:44","guid":{"rendered":"https:\/\/chilimag.hu\/webshop\/?post_type=product&#038;p=26263"},"modified":"2026-03-28T04:18:01","modified_gmt":"2026-03-28T04:18:01","slug":"sargadinnye-ananas-florian-bg","status":"publish","type":"product","link":"https:\/\/chilimag.hu\/webshop\/termek\/sargadinnye-ananas-florian-bg\/","title":{"rendered":"S\u00e1rgadinnye Ananas Florian Bg"},"content":{"rendered":"","protected":false},"excerpt":{"rendered":"<p>&nbsp;<\/p>\n<p><img decoding=\"async\" src=\"https:\/\/c.cdnmp.net\/592978066\/brands\/1000002_logo.png\" alt=\"Florian\" \/><\/p>\n<p>K\u00e9s\u0151i dinnye fajta. A term\u00e9sek ov\u00e1lisak, s\u00falyuk el\u00e9ri a 2,5-3 kg-ot, a h\u00e9ja h\u00e1l\u00f3s megjelen\u00e9s\u0171. Magja vil\u00e1gosz\u00f6ld, l\u00e9d\u00fas, \u00e9des, anan\u00e1sz arom\u00e1j\u00fa, t\u00f6m\u00f6r magja \u00fcres helyek n\u00e9lk\u00fcl Veget\u00e1ci\u00f3s peri\u00f3dus 100-110 nap.<\/p>\n<p>Vet\u00e9sid\u0151 \u00e1prilis 15-20, m\u00e9lys\u00e9g 3-5 cm.<\/p>\n<p>Magok mennyis\u00e9ge zs\u00e1konk\u00e9nt: 2 gramm &#8211; 70 mag<\/p>\n<p>M\u0171szaki adatok<br \/>\nM\u00e9lys\u00e9ge 3-5 cm<br \/>\n\u00c1prilis 15-20-ig vetik<br \/>\nVet\u00e9smennyis\u00e9g 100-150 gramm\/hekt\u00e1r<br \/>\nA vet\u0151magb\u00f3l t\u00f6rt\u00e9n\u0151 termel\u00e9s t\u00edpusai<br \/>\n\u00c1ttekint\u00e9s<br \/>\n30-35 magot tartalmaz grammonk\u00e9nt<br \/>\nS\u00falya 2 gramm<br \/>\n\u00c1prilis \u00fcltet\u00e9s<br \/>\nSz\u00fcret j\u00falius-augusztus<br \/>\nVeget\u00e1ci\u00f3ja 100-110 nap<\/p>\n","protected":false},"featured_media":26264,"comment_status":"closed","ping_status":"closed","template":"","meta":[],"product_brand":[],"product_cat":[373],"product_tag":[],"class_list":{"0":"post-26263","1":"product","2":"type-product","3":"status-publish","4":"has-post-thumbnail","6":"product_cat-dinnye-es-tok-vetomagok-bolgar-florian-vetomagok","8":"first","9":"instock","10":"taxable","11":"shipping-taxable","12":"purchasable","13":"product-type-simple"},"_links":{"self":[{"href":"https:\/\/chilimag.hu\/webshop\/wp-json\/wp\/v2\/product\/26263","targetHints":{"allow":["GET"]}}],"collection":[{"href":"https:\/\/chilimag.hu\/webshop\/wp-json\/wp\/v2\/product"}],"about":[{"href":"https:\/\/chilimag.hu\/webshop\/wp-json\/wp\/v2\/types\/product"}],"replies":[{"embeddable":true,"href":"https:\/\/chilimag.hu\/webshop\/wp-json\/wp\/v2\/comments?post=26263"}],"wp:featuredmedia":[{"embeddable":true,"href":"https:\/\/chilimag.hu\/webshop\/wp-json\/wp\/v2\/media\/26264"}],"wp:attachment":[{"href":"https:\/\/chilimag.hu\/webshop\/wp-json\/wp\/v2\/media?parent=26263"}],"wp:term":[{"taxonomy":"product_brand","embeddable":true,"href":"https:\/\/chilimag.hu\/webshop\/wp-json\/wp\/v2\/product_brand?post=26263"},{"taxonomy":"product_cat","embeddable":true,"href":"https:\/\/chilimag.hu\/webshop\/wp-json\/wp\/v2\/product_cat?post=26263"},{"taxonomy":"product_tag","embeddable":true,"href":"https:\/\/chilimag.hu\/webshop\/wp-json\/wp\/v2\/product_tag?post=26263"}],"curies":[{"name":"wp","href":"https:\/\/api.w.org\/{rel}","templated":true}]}}