{"id":26261,"date":"2023-11-01T09:23:41","date_gmt":"2023-11-01T09:23:41","guid":{"rendered":"https:\/\/chilimag.hu\/webshop\/?post_type=product&#038;p=26261"},"modified":"2026-02-22T22:20:01","modified_gmt":"2026-02-22T22:20:01","slug":"uborka-gemini-f1-florian-bg","status":"publish","type":"product","link":"https:\/\/chilimag.hu\/webshop\/termek\/uborka-gemini-f1-florian-bg\/","title":{"rendered":"Uborka Gemini F1 Florian Bg"},"content":{"rendered":"","protected":false},"excerpt":{"rendered":"<p><img decoding=\"async\" class=\"img-inline\" src=\"https:\/\/brcci.eu\/cache\/thumbnails\/12ecd0e6e419f1b9b1484ef02ad361979dd8e054\/1a6c5e1406ad462ca86d17b2800862d7f837862c-829875ad0a268b741b7edd818ffce098.png\" alt=\"FLORIAN OOD\" \/><\/p>\n<p>A Gemini \u00a0F1 uborka a f\u00e9lhossz\u00fa uborka korai hibridje, 20-22 cm-es, s\u00f6t\u00e9tz\u00f6ld term\u00e9ssel.<\/p>\n<p>\u00cdze kellemes, ropog\u00f3s, megjelen\u00e9se gy\u00f6ny\u00f6r\u0171.<\/p>\n<p>Az uborka egyenes, nagyra \u00e9rt\u00e9kelik a ny\u00e1ri szezonban.<\/p>\n<p>Sz\u00e1nt\u00f3f\u00f6ld\u00f6n \u00e9s v\u00e9dett ter\u00fcleteken termesztik.<\/p>\n<p>Termel\u0151 fajta.<\/p>\n<p>V\u00e9dett ter\u00fcleteken vet\u00e9s: m\u00e1rcius-j\u00falius.<\/p>\n<p>Pal\u00e1nta \u00fcltet\u00e9s: m\u00e1jus-j\u00fanius.<\/p>\n<p>N\u00f6v\u00e9nyek k\u00f6z\u00f6tti t\u00e1vols\u00e1g: 80&#215;30 cm.<\/p>\n<p>Betakar\u00edt\u00e1s: j\u00fanius-szeptember.<\/p>\n","protected":false},"featured_media":26262,"comment_status":"closed","ping_status":"closed","template":"","meta":[],"product_brand":[],"product_cat":[383],"product_tag":[],"class_list":{"0":"post-26261","1":"product","2":"type-product","3":"status-publish","4":"has-post-thumbnail","6":"product_cat-uborka-es-padlizsan-vetomagok","8":"first","9":"instock","10":"taxable","11":"shipping-taxable","12":"purchasable","13":"product-type-simple"},"_links":{"self":[{"href":"https:\/\/chilimag.hu\/webshop\/wp-json\/wp\/v2\/product\/26261","targetHints":{"allow":["GET"]}}],"collection":[{"href":"https:\/\/chilimag.hu\/webshop\/wp-json\/wp\/v2\/product"}],"about":[{"href":"https:\/\/chilimag.hu\/webshop\/wp-json\/wp\/v2\/types\/product"}],"replies":[{"embeddable":true,"href":"https:\/\/chilimag.hu\/webshop\/wp-json\/wp\/v2\/comments?post=26261"}],"wp:featuredmedia":[{"embeddable":true,"href":"https:\/\/chilimag.hu\/webshop\/wp-json\/wp\/v2\/media\/26262"}],"wp:attachment":[{"href":"https:\/\/chilimag.hu\/webshop\/wp-json\/wp\/v2\/media?parent=26261"}],"wp:term":[{"taxonomy":"product_brand","embeddable":true,"href":"https:\/\/chilimag.hu\/webshop\/wp-json\/wp\/v2\/product_brand?post=26261"},{"taxonomy":"product_cat","embeddable":true,"href":"https:\/\/chilimag.hu\/webshop\/wp-json\/wp\/v2\/product_cat?post=26261"},{"taxonomy":"product_tag","embeddable":true,"href":"https:\/\/chilimag.hu\/webshop\/wp-json\/wp\/v2\/product_tag?post=26261"}],"curies":[{"name":"wp","href":"https:\/\/api.w.org\/{rel}","templated":true}]}}