{"id":25964,"date":"2023-10-24T15:25:52","date_gmt":"2023-10-24T15:25:52","guid":{"rendered":"https:\/\/chilimag.hu\/webshop\/?post_type=product&#038;p=25964"},"modified":"2025-12-19T06:20:28","modified_gmt":"2025-12-19T06:20:28","slug":"stevia-florian-bg","status":"publish","type":"product","link":"https:\/\/chilimag.hu\/webshop\/termek\/stevia-florian-bg\/","title":{"rendered":"Stevia Florian Bg"},"content":{"rendered":"","protected":false},"excerpt":{"rendered":"<p><img decoding=\"async\" class=\"img-inline\" src=\"https:\/\/brcci.eu\/cache\/thumbnails\/12ecd0e6e419f1b9b1484ef02ad361979dd8e054\/1a6c5e1406ad462ca86d17b2800862d7f837862c-829875ad0a268b741b7edd818ffce098.png\" alt=\"FLORIAN OOD\" \/><\/p>\n<p>A stevia egy egyny\u00e1ri n\u00f6v\u00e9ny, t\u00f6r\u00e9keny sz\u00e1rral, amely bolyhos, ov\u00e1lis leveleket \u00e9s kicsi, feh\u00e9r vir\u00e1gokat k\u00e9pez. A gy\u00f6k\u00e9rrendszer is nagyon fejlett \u00e9s nagyon el\u00e1gaz\u00f3. A n\u00f6v\u00e9ny a f\u00e9nyt \u00e9s a meleget kedveli, de az \u00e1lland\u00f3 p\u00e1ratartalm\u00fa k\u00f6r\u00fclm\u00e9nyeket is kedveli, magass\u00e1ga 40-50 cm. A fajt\u00e1t frissen \u00e9s sz\u00e1razon, gy\u00f3gyn\u00f6v\u00e9nyk\u00e9nt, \u00e9des\u00edt\u0151szerk\u00e9nt, tea- \u00e9s gy\u00fcm\u00f6lcssal\u00e1t\u00e1k kieg\u00e9sz\u00edt\u00e9sek\u00e9nt aj\u00e1nljuk fogyasztani.<\/p>\n<p>Kiszerel\u00e9s: 25 mag<\/p>\n<p>M\u0171szaki adatok:<\/p>\n<p>M\u00e9lys\u00e9ge 2 cm<br \/>\nFebru\u00e1r-m\u00e1rciust\u00f3l, \u00e1prilis-m\u00e1just\u00f3l kezd\u0151d\u0151en vetik<br \/>\nVet\u0151mennyis\u00e9g 0,600 Kg\/hekt\u00e1r<br \/>\nA magvakb\u00f3l, pal\u00e1nt\u00e1kb\u00f3l t\u00f6rt\u00e9n\u0151 el\u0151\u00e1ll\u00edt\u00e1s fajt\u00e1i<br \/>\n\u00c1ltal\u00e1noss\u00e1gok:<\/p>\n<p>2500 magot tartalmaz grammonk\u00e9nt<br \/>\n\u00dcltet\u00e9s febru\u00e1r-j\u00fanius<br \/>\nSz\u00fcret j\u00falius-szeptember<br \/>\nVeget\u00e1ci\u00f3 120 nap<\/p>\n","protected":false},"featured_media":25965,"comment_status":"closed","ping_status":"closed","template":"","meta":[],"product_brand":[],"product_cat":[374],"product_tag":[],"class_list":{"0":"post-25964","1":"product","2":"type-product","3":"status-publish","4":"has-post-thumbnail","6":"product_cat-fuszer-es-gyogynoveny-vetomagok-bolgar-florian-vetomagok","8":"first","9":"instock","10":"taxable","11":"shipping-taxable","12":"purchasable","13":"product-type-simple"},"_links":{"self":[{"href":"https:\/\/chilimag.hu\/webshop\/wp-json\/wp\/v2\/product\/25964","targetHints":{"allow":["GET"]}}],"collection":[{"href":"https:\/\/chilimag.hu\/webshop\/wp-json\/wp\/v2\/product"}],"about":[{"href":"https:\/\/chilimag.hu\/webshop\/wp-json\/wp\/v2\/types\/product"}],"replies":[{"embeddable":true,"href":"https:\/\/chilimag.hu\/webshop\/wp-json\/wp\/v2\/comments?post=25964"}],"wp:featuredmedia":[{"embeddable":true,"href":"https:\/\/chilimag.hu\/webshop\/wp-json\/wp\/v2\/media\/25965"}],"wp:attachment":[{"href":"https:\/\/chilimag.hu\/webshop\/wp-json\/wp\/v2\/media?parent=25964"}],"wp:term":[{"taxonomy":"product_brand","embeddable":true,"href":"https:\/\/chilimag.hu\/webshop\/wp-json\/wp\/v2\/product_brand?post=25964"},{"taxonomy":"product_cat","embeddable":true,"href":"https:\/\/chilimag.hu\/webshop\/wp-json\/wp\/v2\/product_cat?post=25964"},{"taxonomy":"product_tag","embeddable":true,"href":"https:\/\/chilimag.hu\/webshop\/wp-json\/wp\/v2\/product_tag?post=25964"}],"curies":[{"name":"wp","href":"https:\/\/api.w.org\/{rel}","templated":true}]}}