{"id":25936,"date":"2023-10-21T14:58:17","date_gmt":"2023-10-21T14:58:17","guid":{"rendered":"https:\/\/chilimag.hu\/webshop\/?post_type=product&#038;p=25936"},"modified":"2025-08-12T20:54:30","modified_gmt":"2025-08-12T20:54:30","slug":"porehagyma-starozagorski-kamushi-florian-bg","status":"publish","type":"product","link":"https:\/\/chilimag.hu\/webshop\/termek\/porehagyma-starozagorski-kamushi-florian-bg\/","title":{"rendered":"P\u00f3r\u00e9hagyma Starozagorski Kamushi Florian Bg"},"content":{"rendered":"","protected":false},"excerpt":{"rendered":"<p><img decoding=\"async\" class=\"img-inline\" src=\"https:\/\/brcci.eu\/cache\/thumbnails\/12ecd0e6e419f1b9b1484ef02ad361979dd8e054\/1a6c5e1406ad462ca86d17b2800862d7f837862c-829875ad0a268b741b7edd818ffce098.png\" alt=\"FLORIAN OOD\" \/><\/p>\n<p>A p\u00f3r\u00e9hagyma n\u00e9pszer\u0171 helyi fajt\u00e1ja, amelyre jellemz\u0151 a hossz\u00fa, v\u00e9kony sz\u00e1r, amely gyorsan n\u00f6vekszik, ak\u00e1r 70 cm-es magass\u00e1gig. A fajt\u00e1ra jellemz\u0151, hogy kis sapk\u00e1t alkot. Levelei keskenyek, hossz\u00fak\u00e1sak, vastagok, vil\u00e1gosz\u00f6ldek, ragacsos viasszal bor\u00edtva. A fajta j\u00f3 t\u00e9l\u00e1ll\u00f3s\u00e1ggal rendelkezik, ide\u00e1lis ny\u00e1ri \u00e9s \u0151szi betakar\u00edt\u00e1sra. Kiv\u00e1l\u00f3 \u00edze van. A n\u00f6v\u00e9nyeket j\u00falius 1-15. k\u00f6z\u00f6tt \u00fcltetj\u00fck \u00e1t, a veget\u00e1ci\u00f3s id\u0151szak 220-240 nap. M\u00e1rcius 15. \u00e9s \u00e1prilis 15. k\u00f6z\u00f6tt vetik 2 cm m\u00e9lyre. M\u0171szaki adatok: M\u00e9lys\u00e9g 2 cm Vet\u00e9s m\u00e1rcius 15. &#8211; \u00e1prilis 15. Vet\u00e9smennyis\u00e9g 0,300-0,400 Kg\/hekt\u00e1r Vet\u0151magb\u00f3l t\u00f6rt\u00e9n\u0151 termeszt\u00e9s fajt\u00e1i<\/p>\n","protected":false},"featured_media":25937,"comment_status":"closed","ping_status":"closed","template":"","meta":[],"product_brand":[],"product_cat":[376],"product_tag":[],"class_list":{"0":"post-25936","1":"product","2":"type-product","3":"status-publish","4":"has-post-thumbnail","6":"product_cat-hagyma-vetomagok","8":"first","9":"outofstock","10":"taxable","11":"shipping-taxable","12":"purchasable","13":"product-type-simple"},"_links":{"self":[{"href":"https:\/\/chilimag.hu\/webshop\/wp-json\/wp\/v2\/product\/25936","targetHints":{"allow":["GET"]}}],"collection":[{"href":"https:\/\/chilimag.hu\/webshop\/wp-json\/wp\/v2\/product"}],"about":[{"href":"https:\/\/chilimag.hu\/webshop\/wp-json\/wp\/v2\/types\/product"}],"replies":[{"embeddable":true,"href":"https:\/\/chilimag.hu\/webshop\/wp-json\/wp\/v2\/comments?post=25936"}],"wp:featuredmedia":[{"embeddable":true,"href":"https:\/\/chilimag.hu\/webshop\/wp-json\/wp\/v2\/media\/25937"}],"wp:attachment":[{"href":"https:\/\/chilimag.hu\/webshop\/wp-json\/wp\/v2\/media?parent=25936"}],"wp:term":[{"taxonomy":"product_brand","embeddable":true,"href":"https:\/\/chilimag.hu\/webshop\/wp-json\/wp\/v2\/product_brand?post=25936"},{"taxonomy":"product_cat","embeddable":true,"href":"https:\/\/chilimag.hu\/webshop\/wp-json\/wp\/v2\/product_cat?post=25936"},{"taxonomy":"product_tag","embeddable":true,"href":"https:\/\/chilimag.hu\/webshop\/wp-json\/wp\/v2\/product_tag?post=25936"}],"curies":[{"name":"wp","href":"https:\/\/api.w.org\/{rel}","templated":true}]}}