{"id":25924,"date":"2023-10-21T10:16:18","date_gmt":"2023-10-21T10:16:18","guid":{"rendered":"https:\/\/chilimag.hu\/webshop\/?post_type=product&#038;p=25924"},"modified":"2026-03-15T12:35:42","modified_gmt":"2026-03-15T12:35:42","slug":"bab-capitano-florian-bg","status":"publish","type":"product","link":"https:\/\/chilimag.hu\/webshop\/termek\/bab-capitano-florian-bg\/","title":{"rendered":"Bab Capitano Florian Bg"},"content":{"rendered":"","protected":false},"excerpt":{"rendered":"<p><img decoding=\"async\" class=\"img-inline\" src=\"https:\/\/brcci.eu\/cache\/thumbnails\/12ecd0e6e419f1b9b1484ef02ad361979dd8e054\/1a6c5e1406ad462ca86d17b2800862d7f837862c-829875ad0a268b741b7edd818ffce098.png\" alt=\"FLORIAN OOD\" \/><\/p>\n<p>Capitano t\u00f6rpe babszem (50 gr) t\u00f6rpebab Capitano babmag Op\u00e1lb\u00f3l<\/p>\n<p>Professzion\u00e1lis Capitano t\u00f6rpebab magvak az Opalt\u00f3l<\/p>\n<p>A h\u00fcvelyek sz\u00e9lesek, 20 mm-esek, egys\u00e9gesek, 15 cm hossz\u00faak, viaszs\u00e1rga sz\u00edn\u0171ek. A n\u00f6v\u00e9ny magass\u00e1ga el\u00e9rheti az 50 cm-t.<\/p>\n<p>Bor\u00edt\u00e9k kiszerel\u00e9se: 50 gr<\/p>\n<p>G\u00e9pes\u00edtett betakar\u00edt\u00e1sra alkalmas. J\u00f3 betegs\u00e9g\u00e1ll\u00f3s\u00e1g, friss forgalomba hozatalra, iparos\u00edt\u00e1sra \u00e9s fagyaszt\u00e1sra aj\u00e1nlott.<\/p>\n<p>A magvakat \u00e1prilis 1-t\u0151l m\u00e1jus 15-ig vetik el, amikor a talaj h\u0151m\u00e9rs\u00e9klete 12 Celsius-fok \u00e9s a fagyvesz\u00e9ly elm\u00falt.<\/p>\n<p>A soros vet\u00e9st a k\u00f6vetkez\u0151 t\u00e1vols\u00e1gra haszn\u00e1lj\u00e1k:<\/p>\n<p>&#8211; alacsony kult\u00far\u00e1khoz &#8211; 40\/60 cm;<\/p>\n<p>&#8211; az arakon l\u00e9v\u0151 kult\u00far\u00e1hoz &#8211; 80\/50<\/p>\n<p>Veget\u00e1ci\u00f3s id\u0151szak: 70-95 nap.<\/p>\n<p>Vet\u0151mennyis\u00e9g: 1 kg\/1 ar (100 m2)<\/p>\n<p>M\u0171szaki adatok<br \/>\nM\u00e9lys\u00e9ge 4-7 cm<br \/>\n\u00c1prilist\u00f3l kezd\u0151d\u0151en vetik<br \/>\nVet\u00e9smennyis\u00e9g 8-10 Kg\/hekt\u00e1r<br \/>\nA vet\u0151magb\u00f3l t\u00f6rt\u00e9n\u0151 termel\u00e9s t\u00edpusai<br \/>\n\u00c1ttekint\u00e9s<br \/>\nS\u00faly 40 g<br \/>\n\u00dcltet\u00e9s \u00e1prilis-m\u00e1jus<br \/>\nSz\u00fcret j\u00falius-augusztus<br \/>\nVeget\u00e1ci\u00f3ja 70-95 nap<\/p>\n<p>50 gr \/ csomag<\/p>\n","protected":false},"featured_media":25925,"comment_status":"closed","ping_status":"closed","template":"","meta":[],"product_brand":[],"product_cat":[377],"product_tag":[],"class_list":{"0":"post-25924","1":"product","2":"type-product","3":"status-publish","4":"has-post-thumbnail","6":"product_cat-huvelyesek-vetomagok","8":"first","9":"instock","10":"taxable","11":"shipping-taxable","12":"purchasable","13":"product-type-simple"},"_links":{"self":[{"href":"https:\/\/chilimag.hu\/webshop\/wp-json\/wp\/v2\/product\/25924","targetHints":{"allow":["GET"]}}],"collection":[{"href":"https:\/\/chilimag.hu\/webshop\/wp-json\/wp\/v2\/product"}],"about":[{"href":"https:\/\/chilimag.hu\/webshop\/wp-json\/wp\/v2\/types\/product"}],"replies":[{"embeddable":true,"href":"https:\/\/chilimag.hu\/webshop\/wp-json\/wp\/v2\/comments?post=25924"}],"wp:featuredmedia":[{"embeddable":true,"href":"https:\/\/chilimag.hu\/webshop\/wp-json\/wp\/v2\/media\/25925"}],"wp:attachment":[{"href":"https:\/\/chilimag.hu\/webshop\/wp-json\/wp\/v2\/media?parent=25924"}],"wp:term":[{"taxonomy":"product_brand","embeddable":true,"href":"https:\/\/chilimag.hu\/webshop\/wp-json\/wp\/v2\/product_brand?post=25924"},{"taxonomy":"product_cat","embeddable":true,"href":"https:\/\/chilimag.hu\/webshop\/wp-json\/wp\/v2\/product_cat?post=25924"},{"taxonomy":"product_tag","embeddable":true,"href":"https:\/\/chilimag.hu\/webshop\/wp-json\/wp\/v2\/product_tag?post=25924"}],"curies":[{"name":"wp","href":"https:\/\/api.w.org\/{rel}","templated":true}]}}