{"id":25922,"date":"2023-10-21T10:09:18","date_gmt":"2023-10-21T10:09:18","guid":{"rendered":"https:\/\/chilimag.hu\/webshop\/?post_type=product&#038;p=25922"},"modified":"2026-02-25T10:09:38","modified_gmt":"2026-02-25T10:09:38","slug":"borso-gloriosa-florian-bg","status":"publish","type":"product","link":"https:\/\/chilimag.hu\/webshop\/termek\/borso-gloriosa-florian-bg\/","title":{"rendered":"Bors\u00f3 Gloriosa Florian Bg"},"content":{"rendered":"","protected":false},"excerpt":{"rendered":"<p><img decoding=\"async\" class=\"img-inline\" src=\"https:\/\/brcci.eu\/cache\/thumbnails\/12ecd0e6e419f1b9b1484ef02ad361979dd8e054\/1a6c5e1406ad462ca86d17b2800862d7f837862c-829875ad0a268b741b7edd818ffce098.png\" alt=\"FLORIAN OOD\" \/><\/p>\n<p>T\u00e9l el\u0151tti vet\u00e9s: okt\u00f3ber k\u00f6zep\u00e9t\u0151l november k\u00f6zep\u00e9ig &#8211; a talaj fagy\u00e1s\u00e1ig.<\/p>\n<p>Tavaszi vet\u00e9s: febru\u00e1r v\u00e9g\u00e9t\u0151l m\u00e1rcius k\u00f6zep\u00e9ig.<\/p>\n<p>A vet\u00e9s 15 cm-es sort\u00e1vols\u00e1gra, soronk\u00e9nt 5 cm-re t\u00f6rt\u00e9nik.<\/p>\n<p>Veget\u00e1ci\u00f3s id\u0151szak: 50-60 nap.<\/p>\n<p>Csomagol\u00e1s m\u00f3dja: 200 gr-os kiszerel\u00e9s<\/p>\n<p>M\u0171szaki adatok<br \/>\nM\u00e9lys\u00e9ge 4-6 cm<br \/>\nVet\u00e9s febru\u00e1rt\u00f3l kezd\u0151d\u0151en<br \/>\nA vet\u0151magb\u00f3l t\u00f6rt\u00e9n\u0151 termel\u00e9s t\u00edpusai<br \/>\n\u00c1ttekint\u00e9s<\/p>\n<p>\u00dcltet\u00e9s febru\u00e1r-m\u00e1rcius<br \/>\nSz\u00fcret \u00e1prilis-m\u00e1jus<br \/>\nVeget\u00e1ci\u00f3ja 50-60 nap<\/p>\n<p>100 gr\/ csomag<\/p>\n","protected":false},"featured_media":25923,"comment_status":"closed","ping_status":"closed","template":"","meta":[],"product_brand":[],"product_cat":[377],"product_tag":[],"class_list":{"0":"post-25922","1":"product","2":"type-product","3":"status-publish","4":"has-post-thumbnail","6":"product_cat-huvelyesek-vetomagok","8":"first","9":"instock","10":"taxable","11":"shipping-taxable","12":"purchasable","13":"product-type-simple"},"_links":{"self":[{"href":"https:\/\/chilimag.hu\/webshop\/wp-json\/wp\/v2\/product\/25922","targetHints":{"allow":["GET"]}}],"collection":[{"href":"https:\/\/chilimag.hu\/webshop\/wp-json\/wp\/v2\/product"}],"about":[{"href":"https:\/\/chilimag.hu\/webshop\/wp-json\/wp\/v2\/types\/product"}],"replies":[{"embeddable":true,"href":"https:\/\/chilimag.hu\/webshop\/wp-json\/wp\/v2\/comments?post=25922"}],"wp:featuredmedia":[{"embeddable":true,"href":"https:\/\/chilimag.hu\/webshop\/wp-json\/wp\/v2\/media\/25923"}],"wp:attachment":[{"href":"https:\/\/chilimag.hu\/webshop\/wp-json\/wp\/v2\/media?parent=25922"}],"wp:term":[{"taxonomy":"product_brand","embeddable":true,"href":"https:\/\/chilimag.hu\/webshop\/wp-json\/wp\/v2\/product_brand?post=25922"},{"taxonomy":"product_cat","embeddable":true,"href":"https:\/\/chilimag.hu\/webshop\/wp-json\/wp\/v2\/product_cat?post=25922"},{"taxonomy":"product_tag","embeddable":true,"href":"https:\/\/chilimag.hu\/webshop\/wp-json\/wp\/v2\/product_tag?post=25922"}],"curies":[{"name":"wp","href":"https:\/\/api.w.org\/{rel}","templated":true}]}}