{"id":25920,"date":"2023-10-21T08:51:41","date_gmt":"2023-10-21T08:51:41","guid":{"rendered":"https:\/\/chilimag.hu\/webshop\/?post_type=product&#038;p=25920"},"modified":"2026-03-28T17:25:21","modified_gmt":"2026-03-28T17:25:21","slug":"bab-lorincz-florian-bg","status":"publish","type":"product","link":"https:\/\/chilimag.hu\/webshop\/termek\/bab-lorincz-florian-bg\/","title":{"rendered":"Bab Lorin Florian Bg"},"content":{"rendered":"","protected":false},"excerpt":{"rendered":"<p><img decoding=\"async\" class=\"img-inline\" src=\"https:\/\/brcci.eu\/cache\/thumbnails\/12ecd0e6e419f1b9b1484ef02ad361979dd8e054\/1a6c5e1406ad462ca86d17b2800862d7f837862c-829875ad0a268b741b7edd818ffce098.png\" alt=\"FLORIAN OOD\" \/><\/p>\n<p>Alacsony n\u00f6v\u00e9s\u0171 z\u00f6ld h\u00fcvely\u0171<\/p>\n<p>Lorin (40 gr) kerti bab mag z\u00f6ld h\u00fcvely Lorin mag, Florian Bulg\u00e1ria<\/p>\n<p>A &#8222;Lorin&#8221; bab a nagy term\u0151k\u00e9pess\u00e9g\u0171 t\u00f6rpe kerti babfajta<br \/>\nFl\u00f3ri\u00e1n v\u00e1logat\u00e1s, friss fogyaszt\u00e1sra \u00e9s tart\u00f3s\u00edt\u00e1sra alkalmas. n\u00f6v\u00e9ny<br \/>\n45-50 cm magas, nagyon j\u00f3l levelezett, egyenes \u00e9s t\u00f6m\u00f6r sz\u00e1r\u00fa t\u00f6rp\u00e9k.<br \/>\nA h\u00fcvelyek a k\u00f6zponti sz\u00e1r k\u00f6r\u00fcli \u00e1gakon kiv\u00e1l\u00f3an illeszkednek \u00e9s fejl\u0151dnek<br \/>\na n\u00f6v\u00e9ny fels\u0151 r\u00e9sz\u00e9ben az, amely garant\u00e1lja a fel\u00fclettel val\u00f3 \u00e9rintkez\u00e9s hi\u00e1ny\u00e1t<br \/>\na talaj. A gy\u00fcm\u00f6lcs\u00f6k z\u00f6ldek, a vir\u00e1gok feh\u00e9rek, viszonylag nagyok<br \/>\nkiv\u00e1l\u00f3 \u00e9s fedett \u00e9l\u0151hely. A h\u00fcvelyek 10-14 cm hossz\u00faak, laposak, sz\u00ednesek<br \/>\ns\u00f6t\u00e9tz\u00f6ld, sz\u00e9les, h\u00fasos \u00e9s \u00edzletes, fonal n\u00e9lk\u00fcli. A fajta ellen\u00e1ll a sz\u00e1razs\u00e1gnak \u00e9s<br \/>\nhajl\u00edt\u00e1s.<\/p>\n<p>40 gr \/ csomag<\/p>\n","protected":false},"featured_media":25921,"comment_status":"closed","ping_status":"closed","template":"","meta":[],"product_brand":[],"product_cat":[377],"product_tag":[],"class_list":{"0":"post-25920","1":"product","2":"type-product","3":"status-publish","4":"has-post-thumbnail","6":"product_cat-huvelyesek-vetomagok","8":"first","9":"instock","10":"taxable","11":"shipping-taxable","12":"purchasable","13":"product-type-simple"},"_links":{"self":[{"href":"https:\/\/chilimag.hu\/webshop\/wp-json\/wp\/v2\/product\/25920","targetHints":{"allow":["GET"]}}],"collection":[{"href":"https:\/\/chilimag.hu\/webshop\/wp-json\/wp\/v2\/product"}],"about":[{"href":"https:\/\/chilimag.hu\/webshop\/wp-json\/wp\/v2\/types\/product"}],"replies":[{"embeddable":true,"href":"https:\/\/chilimag.hu\/webshop\/wp-json\/wp\/v2\/comments?post=25920"}],"wp:featuredmedia":[{"embeddable":true,"href":"https:\/\/chilimag.hu\/webshop\/wp-json\/wp\/v2\/media\/25921"}],"wp:attachment":[{"href":"https:\/\/chilimag.hu\/webshop\/wp-json\/wp\/v2\/media?parent=25920"}],"wp:term":[{"taxonomy":"product_brand","embeddable":true,"href":"https:\/\/chilimag.hu\/webshop\/wp-json\/wp\/v2\/product_brand?post=25920"},{"taxonomy":"product_cat","embeddable":true,"href":"https:\/\/chilimag.hu\/webshop\/wp-json\/wp\/v2\/product_cat?post=25920"},{"taxonomy":"product_tag","embeddable":true,"href":"https:\/\/chilimag.hu\/webshop\/wp-json\/wp\/v2\/product_tag?post=25920"}],"curies":[{"name":"wp","href":"https:\/\/api.w.org\/{rel}","templated":true}]}}