{"id":25910,"date":"2023-10-21T08:39:06","date_gmt":"2023-10-21T08:39:06","guid":{"rendered":"https:\/\/chilimag.hu\/webshop\/?post_type=product&#038;p=25910"},"modified":"2025-04-10T06:00:45","modified_gmt":"2025-04-10T06:00:45","slug":"bab-marconi-florian-bg","status":"publish","type":"product","link":"https:\/\/chilimag.hu\/webshop\/termek\/bab-marconi-florian-bg\/","title":{"rendered":"Bab Marconi Fut\u00f3bab Florian Bg"},"content":{"rendered":"","protected":false},"excerpt":{"rendered":"<p><img decoding=\"async\" class=\"img-inline\" src=\"https:\/\/brcci.eu\/cache\/thumbnails\/12ecd0e6e419f1b9b1484ef02ad361979dd8e054\/1a6c5e1406ad462ca86d17b2800862d7f837862c-829875ad0a268b741b7edd818ffce098.png\" alt=\"FLORIAN OOD\" \/><\/p>\n<p>Z\u00f6ld h\u00fcvely\u0171 fut\u00f3ban<\/p>\n<p>Podai Bean Seeds &#8211; z\u00f6ld, sima, fut\u00f3bab<\/p>\n<p>A magvakat \u00e1prilis 1-t\u0151l m\u00e1jus 15-ig vetik el, amikor a talaj h\u0151m\u00e9rs\u00e9klete 12 Celsius-fok \u00e9s a fagyvesz\u00e9ly elm\u00falt.<\/p>\n<p>Magok sz\u00e1ma zs\u00e1konk\u00e9nt: 50 gr<\/p>\n<p>A soros vet\u00e9st a k\u00f6vetkez\u0151 t\u00e1vols\u00e1gra haszn\u00e1lj\u00e1k:<\/p>\n<p>&#8211; az arakon t\u00f6rt\u00e9n\u0151 teny\u00e9szethez &#8211; 80\/50 cm.<\/p>\n<p>Veget\u00e1ci\u00f3s id\u0151szak 70-95 nap.<\/p>\n<p>M\u0171szaki adatok:<\/p>\n<p>M\u00e9lys\u00e9ge 4-7 cm<br \/>\nZ\u00f6ld sz\u00edn<br \/>\nVet\u0151mennyis\u00e9g 8-10 Kg\/1000 m\u00e9ter<br \/>\nA vet\u0151magb\u00f3l t\u00f6rt\u00e9n\u0151 termel\u00e9s t\u00edpusai<br \/>\n\u00c1ltal\u00e1noss\u00e1gok:<\/p>\n<p>S\u00falya 50 gramm<br \/>\nMegfigyel\u00e9sek z\u00f6ld, sz\u00e9les, hegym\u00e1sz\u00f3<br \/>\n\u00dcltet\u00e9s \u00e1prilis 1-m\u00e1jus 15<br \/>\nA betakar\u00edt\u00e1s j\u00faniusban kezd\u0151dik<br \/>\nVeget\u00e1ci\u00f3ja 70-95 nap<\/p>\n<p>50 gr \/ csomag<\/p>\n","protected":false},"featured_media":25912,"comment_status":"closed","ping_status":"closed","template":"","meta":[],"product_brand":[],"product_cat":[377],"product_tag":[],"class_list":{"0":"post-25910","1":"product","2":"type-product","3":"status-publish","4":"has-post-thumbnail","6":"product_cat-huvelyesek-vetomagok","8":"first","9":"instock","10":"taxable","11":"shipping-taxable","12":"purchasable","13":"product-type-simple"},"_links":{"self":[{"href":"https:\/\/chilimag.hu\/webshop\/wp-json\/wp\/v2\/product\/25910","targetHints":{"allow":["GET"]}}],"collection":[{"href":"https:\/\/chilimag.hu\/webshop\/wp-json\/wp\/v2\/product"}],"about":[{"href":"https:\/\/chilimag.hu\/webshop\/wp-json\/wp\/v2\/types\/product"}],"replies":[{"embeddable":true,"href":"https:\/\/chilimag.hu\/webshop\/wp-json\/wp\/v2\/comments?post=25910"}],"wp:featuredmedia":[{"embeddable":true,"href":"https:\/\/chilimag.hu\/webshop\/wp-json\/wp\/v2\/media\/25912"}],"wp:attachment":[{"href":"https:\/\/chilimag.hu\/webshop\/wp-json\/wp\/v2\/media?parent=25910"}],"wp:term":[{"taxonomy":"product_brand","embeddable":true,"href":"https:\/\/chilimag.hu\/webshop\/wp-json\/wp\/v2\/product_brand?post=25910"},{"taxonomy":"product_cat","embeddable":true,"href":"https:\/\/chilimag.hu\/webshop\/wp-json\/wp\/v2\/product_cat?post=25910"},{"taxonomy":"product_tag","embeddable":true,"href":"https:\/\/chilimag.hu\/webshop\/wp-json\/wp\/v2\/product_tag?post=25910"}],"curies":[{"name":"wp","href":"https:\/\/api.w.org\/{rel}","templated":true}]}}