{"id":25898,"date":"2023-10-20T12:32:37","date_gmt":"2023-10-20T12:32:37","guid":{"rendered":"https:\/\/chilimag.hu\/webshop\/?post_type=product&#038;p=25898"},"modified":"2026-02-08T21:12:44","modified_gmt":"2026-02-08T21:12:44","slug":"lobab-duet-50-gr-florian-bg","status":"publish","type":"product","link":"https:\/\/chilimag.hu\/webshop\/termek\/lobab-duet-50-gr-florian-bg\/","title":{"rendered":"L\u00f3bab Duet 50 gr Florian Bg"},"content":{"rendered":"","protected":false},"excerpt":{"rendered":"<p><img decoding=\"async\" class=\"img-inline\" src=\"https:\/\/brcci.eu\/cache\/thumbnails\/12ecd0e6e419f1b9b1484ef02ad361979dd8e054\/1a6c5e1406ad462ca86d17b2800862d7f837862c-829875ad0a268b741b7edd818ffce098.png\" alt=\"FLORIAN OOD\" \/><\/p>\n<p>A Duet \u00a0bab egyny\u00e1ri n\u00f6v\u00e9ny, fel\u00e1ll\u00f3 sz\u00e1rral \u00e9s 0,7-0,9 m magass\u00e1ggal.<\/p>\n<p>A bab m\u00e9rs\u00e9kelt h\u0151ig\u00e9ny\u0171, de v\u00e1logat\u00f3s a p\u00e1ratartalomra.<\/p>\n<p>A h\u00fcvelyben 5-7 nagy, \u00e9des szem tal\u00e1lhat\u00f3.<\/p>\n<p>A fiatal h\u00fcvelyeket \u00e9s szemeket frissen vagy tart\u00f3s\u00edtva fogyasztj\u00e1k.<\/p>\n<p>Vet\u00e9s: m\u00e1rcius-\u00e1prilis.<\/p>\n<p>N\u00f6v\u00e9nyek k\u00f6z\u00f6tti t\u00e1vols\u00e1g: 50&#215;20 cm.<\/p>\n<p>Betakar\u00edt\u00e1s: j\u00fanius-j\u00falius.<\/p>\n","protected":false},"featured_media":25899,"comment_status":"closed","ping_status":"closed","template":"","meta":[],"product_brand":[],"product_cat":[377],"product_tag":[],"class_list":{"0":"post-25898","1":"product","2":"type-product","3":"status-publish","4":"has-post-thumbnail","6":"product_cat-huvelyesek-vetomagok","8":"first","9":"outofstock","10":"taxable","11":"shipping-taxable","12":"purchasable","13":"product-type-simple"},"_links":{"self":[{"href":"https:\/\/chilimag.hu\/webshop\/wp-json\/wp\/v2\/product\/25898","targetHints":{"allow":["GET"]}}],"collection":[{"href":"https:\/\/chilimag.hu\/webshop\/wp-json\/wp\/v2\/product"}],"about":[{"href":"https:\/\/chilimag.hu\/webshop\/wp-json\/wp\/v2\/types\/product"}],"replies":[{"embeddable":true,"href":"https:\/\/chilimag.hu\/webshop\/wp-json\/wp\/v2\/comments?post=25898"}],"wp:featuredmedia":[{"embeddable":true,"href":"https:\/\/chilimag.hu\/webshop\/wp-json\/wp\/v2\/media\/25899"}],"wp:attachment":[{"href":"https:\/\/chilimag.hu\/webshop\/wp-json\/wp\/v2\/media?parent=25898"}],"wp:term":[{"taxonomy":"product_brand","embeddable":true,"href":"https:\/\/chilimag.hu\/webshop\/wp-json\/wp\/v2\/product_brand?post=25898"},{"taxonomy":"product_cat","embeddable":true,"href":"https:\/\/chilimag.hu\/webshop\/wp-json\/wp\/v2\/product_cat?post=25898"},{"taxonomy":"product_tag","embeddable":true,"href":"https:\/\/chilimag.hu\/webshop\/wp-json\/wp\/v2\/product_tag?post=25898"}],"curies":[{"name":"wp","href":"https:\/\/api.w.org\/{rel}","templated":true}]}}