{"id":25887,"date":"2023-10-20T10:02:35","date_gmt":"2023-10-20T10:02:35","guid":{"rendered":"https:\/\/chilimag.hu\/webshop\/?post_type=product&#038;p=25887"},"modified":"2025-06-03T15:40:32","modified_gmt":"2025-06-03T15:40:32","slug":"paradicsom-ruen-f1-geosem-250-szem","status":"publish","type":"product","link":"https:\/\/chilimag.hu\/webshop\/termek\/paradicsom-ruen-f1-geosem-250-szem\/","title":{"rendered":"Paradicsom Ruen F1 Geosem 250 szem"},"content":{"rendered":"","protected":false},"excerpt":{"rendered":"<p><img decoding=\"async\" class=\"manufacturer-logo\" src=\"https:\/\/www.agropataki.ro\/img\/m\/15.jpg\" alt=\"Geosem\" width=\"210\" height=\"50\" \/><\/p>\n<p>RUEN F1 Professzion\u00e1lis bolg\u00e1r paradicsommag \/ F\u00e9lkorai hibrid \/ Bulg\u00e1ria<\/p>\n<p>Magok sz\u00e1ma csomagonk\u00e9nt: 250 mag<\/p>\n<p>K\u00f6z\u00e9pkorai \u00e9r\u00e9s\u0171, magas sz\u00e1r\u00fa hibrid korai \u00e9s k\u00e9s\u0151i termeszt\u00e9sre polietil\u00e9n \u00fcvegh\u00e1zakban vagy szabadf\u00f6ld\u00f6n.<br \/>\nTobacco Mosaic, Vertisillium \u00e9s Fusarium ellen ellen\u00e1ll\u00f3.<br \/>\nGy\u00fcm\u00f6lcse: 180-200 g, kerek, kem\u00e9ny, nagyon j\u00f3 \u00edz\u0171 \u00e9s min\u0151s\u00e9g\u0171.<br \/>\nTermeszt\u00e9s: oszlopokon \u2013 80\/35 cm, 5-6 vir\u00e1gcsokronk\u00e9nt egy n\u00f6v\u00e9nyre.<br \/>\nBetakar\u00edt\u00e1s: 8-10 t\/ezer n\u00e9gyzetm\u00e9ter<br \/>\nVet\u0151mennyis\u00e9g: 15-20 g\/ezer n\u00e9gyzetm\u00e9ter (pal\u00e1nt\u00e1nk\u00e9nt)<\/p>\n<p>250 szem \/ csomag<\/p>\n","protected":false},"featured_media":25888,"comment_status":"closed","ping_status":"closed","template":"","meta":[],"product_brand":[],"product_cat":[318],"product_tag":[],"class_list":{"0":"post-25887","1":"product","2":"type-product","3":"status-publish","4":"has-post-thumbnail","6":"product_cat-bolgar-geosem-es-egyeb-vetomagok","8":"first","9":"outofstock","10":"taxable","11":"shipping-taxable","12":"purchasable","13":"product-type-simple"},"_links":{"self":[{"href":"https:\/\/chilimag.hu\/webshop\/wp-json\/wp\/v2\/product\/25887","targetHints":{"allow":["GET"]}}],"collection":[{"href":"https:\/\/chilimag.hu\/webshop\/wp-json\/wp\/v2\/product"}],"about":[{"href":"https:\/\/chilimag.hu\/webshop\/wp-json\/wp\/v2\/types\/product"}],"replies":[{"embeddable":true,"href":"https:\/\/chilimag.hu\/webshop\/wp-json\/wp\/v2\/comments?post=25887"}],"wp:featuredmedia":[{"embeddable":true,"href":"https:\/\/chilimag.hu\/webshop\/wp-json\/wp\/v2\/media\/25888"}],"wp:attachment":[{"href":"https:\/\/chilimag.hu\/webshop\/wp-json\/wp\/v2\/media?parent=25887"}],"wp:term":[{"taxonomy":"product_brand","embeddable":true,"href":"https:\/\/chilimag.hu\/webshop\/wp-json\/wp\/v2\/product_brand?post=25887"},{"taxonomy":"product_cat","embeddable":true,"href":"https:\/\/chilimag.hu\/webshop\/wp-json\/wp\/v2\/product_cat?post=25887"},{"taxonomy":"product_tag","embeddable":true,"href":"https:\/\/chilimag.hu\/webshop\/wp-json\/wp\/v2\/product_tag?post=25887"}],"curies":[{"name":"wp","href":"https:\/\/api.w.org\/{rel}","templated":true}]}}