{"id":25872,"date":"2023-10-19T15:07:34","date_gmt":"2023-10-19T15:07:34","guid":{"rendered":"https:\/\/chilimag.hu\/webshop\/?post_type=product&#038;p=25872"},"modified":"2026-03-20T17:55:51","modified_gmt":"2026-03-20T17:55:51","slug":"salata-moonred-mini-ht-h","status":"publish","type":"product","link":"https:\/\/chilimag.hu\/webshop\/termek\/salata-moonred-mini-ht-h\/","title":{"rendered":"Sal\u00e1ta Moonred mini Ht H"},"content":{"rendered":"","protected":false},"excerpt":{"rendered":"<p><img decoding=\"async\" class=\"img-responsive\" title=\"Horti Tops\" src=\"https:\/\/tuinplus.nl\/Documents\/Images\/Banners\/Horti_Tops_Roll_Over.jpg\" alt=\"Horti Tops\" \/><\/p>\n<p><span id=\"column_2_uc_product_details_ctl04_lbl_ff_desc2\" class=\"value\">Botanicai n\u00e9v:Lactuca sativa<\/span><\/p>\n<p><span id=\"column_2_uc_product_details_ctl04_lbl_ff_desc2\" class=\"value\">Cos sal\u00e1ta &#8211; holdv\u00f6r\u00f6s<br \/>\nVets\u00fck el \u00fcvegh\u00e1zban febru\u00e1rt\u00f3l m\u00e1rciusig vagy szabadf\u00f6ld\u00f6n m\u00e1rcius k\u00f6zep\u00e9t\u0151l augusztus v\u00e9g\u00e9ig. A Moonred egy er\u0151s \u00faj sal\u00e1tafajta, gy\u00f6ny\u00f6r\u0171 v\u00f6r\u00f6s sz\u00edn\u0171. Gyors n\u00f6veked\u00e9se \u00e9s sz\u00e1mos betegs\u00e9ggel szembeni ellen\u00e1ll\u00f3 k\u00e9pess\u00e9ge miatt ez a fajta szinte eg\u00e9sz \u00e9vben termeszthet\u0151.<\/span><\/p>\n<p>&nbsp;<\/p>\n","protected":false},"featured_media":25873,"comment_status":"closed","ping_status":"closed","template":"","meta":[],"product_brand":[],"product_cat":[438],"product_tag":[],"class_list":{"0":"post-25872","1":"product","2":"type-product","3":"status-publish","4":"has-post-thumbnail","6":"product_cat-horti-tops","8":"first","9":"instock","10":"taxable","11":"shipping-taxable","12":"purchasable","13":"product-type-simple"},"_links":{"self":[{"href":"https:\/\/chilimag.hu\/webshop\/wp-json\/wp\/v2\/product\/25872","targetHints":{"allow":["GET"]}}],"collection":[{"href":"https:\/\/chilimag.hu\/webshop\/wp-json\/wp\/v2\/product"}],"about":[{"href":"https:\/\/chilimag.hu\/webshop\/wp-json\/wp\/v2\/types\/product"}],"replies":[{"embeddable":true,"href":"https:\/\/chilimag.hu\/webshop\/wp-json\/wp\/v2\/comments?post=25872"}],"wp:featuredmedia":[{"embeddable":true,"href":"https:\/\/chilimag.hu\/webshop\/wp-json\/wp\/v2\/media\/25873"}],"wp:attachment":[{"href":"https:\/\/chilimag.hu\/webshop\/wp-json\/wp\/v2\/media?parent=25872"}],"wp:term":[{"taxonomy":"product_brand","embeddable":true,"href":"https:\/\/chilimag.hu\/webshop\/wp-json\/wp\/v2\/product_brand?post=25872"},{"taxonomy":"product_cat","embeddable":true,"href":"https:\/\/chilimag.hu\/webshop\/wp-json\/wp\/v2\/product_cat?post=25872"},{"taxonomy":"product_tag","embeddable":true,"href":"https:\/\/chilimag.hu\/webshop\/wp-json\/wp\/v2\/product_tag?post=25872"}],"curies":[{"name":"wp","href":"https:\/\/api.w.org\/{rel}","templated":true}]}}