{"id":25869,"date":"2023-10-19T15:02:39","date_gmt":"2023-10-19T15:02:39","guid":{"rendered":"https:\/\/chilimag.hu\/webshop\/?post_type=product&#038;p=25869"},"modified":"2026-04-21T14:13:19","modified_gmt":"2026-04-21T14:13:19","slug":"sargarepa-redsun-f1-ht-h","status":"publish","type":"product","link":"https:\/\/chilimag.hu\/webshop\/termek\/sargarepa-redsun-f1-ht-h\/","title":{"rendered":"S\u00e1rgar\u00e9pa Redsun F1 Ht H"},"content":{"rendered":"","protected":false},"excerpt":{"rendered":"<p><img decoding=\"async\" class=\"img-responsive\" title=\"Horti Tops\" src=\"https:\/\/tuinplus.nl\/Documents\/Images\/Banners\/Horti_Tops_Roll_Over.jpg\" alt=\"Horti Tops\" \/><\/p>\n<p>Botanikai n\u00e9v:\u00a0<span id=\"column_2_uc_product_details_ctl04_lbl_ff_desc2\" class=\"value\">Daucus carota<\/span><\/p>\n<p><span id=\"column_2_uc_product_details_ctl04_lbl_ff_desc2\" class=\"value\">S\u00e1rgar\u00e9pa &#8211; Redsun F1<br \/>\nM\u00e1rcius k\u00f6zep\u00e9t\u0151l j\u00faniusig vess\u00fck sorokba a kertben. Amikor a pal\u00e1nt\u00e1k elkezdenek kikelni, ritk\u00edtsuk, hogy a gy\u00f6kereknek elegend\u0151 teret biztos\u00edtsunk. A Redsun egy v\u00f6r\u00f6s s\u00e1rgar\u00e9pa, j\u00f3 csavarod\u00e1st\u0171r\u0151 k\u00e9pess\u00e9ggel \u00e9s likopinban gazdag. Megtartja a v\u00f6r\u00f6s sz\u00edn\u00e9t<br \/>\nsz\u00edne m\u00e9g f\u0151z\u00e9s ut\u00e1n is.<\/span><\/p>\n<p>&nbsp;<\/p>\n","protected":false},"featured_media":25870,"comment_status":"closed","ping_status":"closed","template":"","meta":[],"product_brand":[],"product_cat":[438],"product_tag":[],"class_list":{"0":"post-25869","1":"product","2":"type-product","3":"status-publish","4":"has-post-thumbnail","6":"product_cat-horti-tops","8":"first","9":"instock","10":"taxable","11":"shipping-taxable","12":"purchasable","13":"product-type-simple"},"_links":{"self":[{"href":"https:\/\/chilimag.hu\/webshop\/wp-json\/wp\/v2\/product\/25869","targetHints":{"allow":["GET"]}}],"collection":[{"href":"https:\/\/chilimag.hu\/webshop\/wp-json\/wp\/v2\/product"}],"about":[{"href":"https:\/\/chilimag.hu\/webshop\/wp-json\/wp\/v2\/types\/product"}],"replies":[{"embeddable":true,"href":"https:\/\/chilimag.hu\/webshop\/wp-json\/wp\/v2\/comments?post=25869"}],"wp:featuredmedia":[{"embeddable":true,"href":"https:\/\/chilimag.hu\/webshop\/wp-json\/wp\/v2\/media\/25870"}],"wp:attachment":[{"href":"https:\/\/chilimag.hu\/webshop\/wp-json\/wp\/v2\/media?parent=25869"}],"wp:term":[{"taxonomy":"product_brand","embeddable":true,"href":"https:\/\/chilimag.hu\/webshop\/wp-json\/wp\/v2\/product_brand?post=25869"},{"taxonomy":"product_cat","embeddable":true,"href":"https:\/\/chilimag.hu\/webshop\/wp-json\/wp\/v2\/product_cat?post=25869"},{"taxonomy":"product_tag","embeddable":true,"href":"https:\/\/chilimag.hu\/webshop\/wp-json\/wp\/v2\/product_tag?post=25869"}],"curies":[{"name":"wp","href":"https:\/\/api.w.org\/{rel}","templated":true}]}}