{"id":25739,"date":"2023-10-13T17:59:56","date_gmt":"2023-10-13T17:59:56","guid":{"rendered":"https:\/\/chilimag.hu\/webshop\/?post_type=product&#038;p=25739"},"modified":"2026-03-09T12:12:16","modified_gmt":"2026-03-09T12:12:16","slug":"aji-colorado","status":"publish","type":"product","link":"https:\/\/chilimag.hu\/webshop\/termek\/aji-colorado\/","title":{"rendered":"Aji Colorado"},"content":{"rendered":"","protected":false},"excerpt":{"rendered":"<p><img decoding=\"async\" src=\"https:\/\/chilimag.hu\/webshop\/wp-content\/uploads\/2014\/11\/chilimag-logo-2-150x150.jpg\" \/><\/p>\n<p>Le\u00edr\u00e1s<\/p>\n<p>Az Aji Colorado Chili Bol\u00edvi\u00e1b\u00f3l sz\u00e1rmazik, \u00e9s itt kev\u00e9ss\u00e9 ismert fajta. Kev\u00e9sb\u00e9 ig\u00e9nyes, mint a tr\u00f3pusi chili fajt\u00e1k: h\u0171v\u00f6sebb h\u0151m\u00e9rs\u00e9kleten is j\u00f3l cs\u00edr\u00e1zik, kib\u00edrja a r\u00f6vid ideig tart\u00f3 rossz id\u0151j\u00e1r\u00e1st, \u00e9s nem t\u00fal hossz\u00fa az \u00e9r\u00e9si ideje, ez\u00e9rt ide\u00e1lis kl\u00edm\u00e1nkon val\u00f3 termeszt\u00e9sre. A hossz\u00fa chilipaprik\u00e1nak kiv\u00e1l\u00f3 az \u00edze \u00e9s j\u00f3 a f\u0171szeress\u00e9ge. A gy\u00fcm\u00f6lcs\u00f6k k\u00fcl\u00f6n\u00f6sen alkalmasak finom salsa k\u00e9sz\u00edt\u00e9s\u00e9re vagy grillez\u00e9sre, de p\u00e1col\u00e1sra \u00e9s sz\u00e1r\u00edt\u00e1sra is alkalmasak.<\/p>\n<p>Gondoz\u00e1sa: A cs\u00edr\u00e1z\u00e1si h\u0151m\u00e9rs\u00e9klet 20 \u00e9s 28\u00b0C k\u00f6z\u00f6tt van (8-21 napos cs\u00edr\u00e1z\u00e1si id\u0151szak), ez\u00e9rt a&lt; \u00fcvegh\u00e1z \u00e9s f\u0171t\u0151sz\u0151nyeg haszn\u00e1lata javasolt. A n\u00f6v\u00e9nyeknek friss, j\u00f3l tr\u00e1gy\u00e1zott, v\u00edz\u00e1tereszt\u0151 talajra van sz\u00fcks\u00e9g\u00fck, nem t\u0171rik a bevizesed\u00e9st. Napos, v\u00e9dett helyre \u00fcltess\u00fck, ahol legal\u00e1bb 6 \u00f3ra \u2013 lehet\u0151leg t\u00f6bb \u2013 napf\u00e9ny \u00e9ri. Tedd ki a n\u00f6v\u00e9nyeket kb. 2-3 h\u00e9ttel az utols\u00f3 fagy ut\u00e1n.<\/p>\n<p>T\u00edpus Capsicum baccatum<br \/>\nF\u0171szeress\u00e9gi szint 6<br \/>\nScoville 5.000 &#8211; 15.000 SHU<br \/>\noptim\u00e1lis cs\u00edr\u00e1z\u00e1si h\u0151m\u00e9rs\u00e9klet 20 &#8211; 28 \u00b0C<br \/>\nVet\u00e9s febru\u00e1r &#8211; \u00e1pr.<br \/>\nVir\u00e1gok feh\u00e9rek (m\u00e1jus-j\u00falius)<br \/>\nN\u00f6v\u00e9nyn\u00f6veked\u00e9si szok\u00e1s el\u00e1gaz\u00f3, ki\u00e1ll\u00f3, kb. 120 cm magas<br \/>\nZ\u00f6ldr\u0151l pirosra \u00e9rik<br \/>\nGy\u00fcm\u00f6lcs megjelen\u00e9se hossz\u00fa, kb. 3 x 15 cm<br \/>\n\u00c9r\u00e9si id\u0151 60-70 nap<br \/>\nSz\u00e1rmaz\u00e1si hely Bol\u00edvia<\/p>\n<p>A csomag 10 szem magot tartalmaz<\/p>\n","protected":false},"featured_media":25740,"comment_status":"closed","ping_status":"closed","template":"","meta":[],"product_brand":[],"product_cat":[8],"product_tag":[],"class_list":{"0":"post-25739","1":"product","2":"type-product","3":"status-publish","4":"has-post-thumbnail","6":"product_cat-paprika","8":"first","9":"outofstock","10":"taxable","11":"shipping-taxable","12":"purchasable","13":"product-type-simple"},"_links":{"self":[{"href":"https:\/\/chilimag.hu\/webshop\/wp-json\/wp\/v2\/product\/25739","targetHints":{"allow":["GET"]}}],"collection":[{"href":"https:\/\/chilimag.hu\/webshop\/wp-json\/wp\/v2\/product"}],"about":[{"href":"https:\/\/chilimag.hu\/webshop\/wp-json\/wp\/v2\/types\/product"}],"replies":[{"embeddable":true,"href":"https:\/\/chilimag.hu\/webshop\/wp-json\/wp\/v2\/comments?post=25739"}],"wp:featuredmedia":[{"embeddable":true,"href":"https:\/\/chilimag.hu\/webshop\/wp-json\/wp\/v2\/media\/25740"}],"wp:attachment":[{"href":"https:\/\/chilimag.hu\/webshop\/wp-json\/wp\/v2\/media?parent=25739"}],"wp:term":[{"taxonomy":"product_brand","embeddable":true,"href":"https:\/\/chilimag.hu\/webshop\/wp-json\/wp\/v2\/product_brand?post=25739"},{"taxonomy":"product_cat","embeddable":true,"href":"https:\/\/chilimag.hu\/webshop\/wp-json\/wp\/v2\/product_cat?post=25739"},{"taxonomy":"product_tag","embeddable":true,"href":"https:\/\/chilimag.hu\/webshop\/wp-json\/wp\/v2\/product_tag?post=25739"}],"curies":[{"name":"wp","href":"https:\/\/api.w.org\/{rel}","templated":true}]}}