{"id":25737,"date":"2023-10-13T17:53:10","date_gmt":"2023-10-13T17:53:10","guid":{"rendered":"https:\/\/chilimag.hu\/webshop\/?post_type=product&#038;p=25737"},"modified":"2025-08-11T08:45:37","modified_gmt":"2025-08-11T08:45:37","slug":"inca-peach-drops","status":"publish","type":"product","link":"https:\/\/chilimag.hu\/webshop\/termek\/inca-peach-drops\/","title":{"rendered":"Inca Peach Drops"},"content":{"rendered":"","protected":false},"excerpt":{"rendered":"<p><img decoding=\"async\" src=\"https:\/\/chilimag.hu\/webshop\/wp-content\/uploads\/2014\/11\/chilimag-logo-2-150x150.jpg\" \/><\/p>\n<p>&nbsp;<\/p>\n<p>Le\u00edr\u00e1s<\/p>\n<p>Az inka peach csepp Perub\u00f3l sz\u00e1rmazik, \u00e9s a Capsicum baccatum (&#8222;chilifa&#8221;) fajhoz tartozik. A n\u00f6v\u00e9nyek viszonylag kicsik maradnak a t\u00f6bbi chilis fajokhoz k\u00e9pest, \u00e9s sok kis h\u00fcvelyt hordoznak, amelyek k\u00f6r\u00fclbel\u00fcl 2-3 cm hossz\u00faak, \u00e9s egy kis horoggal a v\u00e9g\u00e9n. \u00cdze illatos \u00e9s gy\u00fcm\u00f6lcs\u00f6s, \u00e9s nagyon f\u0171szeres. Ide\u00e1lisak minden cs\u00edp\u0151s sz\u00f3szhoz, olyan gy\u00fcm\u00f6lcs\u00f6kh\u00f6z is, mint a papaya, mang\u00f3 stb. A chili v\u00e9kony fal\u00fa, j\u00f3l sz\u00e1r\u00edthat\u00f3 \u00e9s chiliporr\u00e1 \u0151r\u00f6lhet\u0151. \u00c9rdemes fajta &#8211; term\u00e9keny, finom \u00e9s dekorat\u00edv!<\/p>\n<p>Gondoz\u00e1s: A cs\u00edr\u00e1z\u00e1si h\u0151m\u00e9rs\u00e9klet 22\u00b0C \u00e9s 28\u00b0C k\u00f6z\u00f6tt van (cs\u00edr\u00e1z\u00e1si id\u0151: 8-21 nap); ez\u00e9rt \u00fcvegh\u00e1z \u00e9s f\u0171t\u0151sz\u0151nyeg haszn\u00e1lata javasolt. A n\u00f6v\u00e9nyeknek friss, j\u00f3l tr\u00e1gy\u00e1zott, v\u00edz\u00e1tereszt\u0151 talajra van sz\u00fcks\u00e9g\u00fck, nem t\u0171rik a bevizesed\u00e9st. Napos, v\u00e9dett helyre kell \u00fcltetni, ahol legal\u00e1bb 6 \u00f3ra napf\u00e9ny \u2013 lehet\u0151leg t\u00f6bb. Tedd ki a n\u00f6v\u00e9nyeket kb. 2-3 h\u00e9ttel az utols\u00f3 fagy ut\u00e1n. Ahhoz, hogy a n\u00f6v\u00e9nyt t\u00e9len is meg\u0151rizze, betakar\u00edt\u00e1s ut\u00e1n v\u00e1gja vissza 20 cm-rel, \u00e9s tegye vil\u00e1gos helyre, ahol legal\u00e1bb 15\u00b0C h\u0151m\u00e9rs\u00e9klet\u0171.<\/p>\n<p>T\u00edpus Capsicum baccatum<br \/>\nF\u0171szerszint 7<br \/>\nScoville 12 000 &#8211; 30 000 SHU<br \/>\nOptim\u00e1lis cs\u00edr\u00e1z\u00e1si h\u0151m\u00e9rs\u00e9klet 22 &#8211; 28 \u00b0C<br \/>\nVet\u00e9s febru\u00e1r &#8211; \u00e1pr<br \/>\nVir\u00e1gok feh\u00e9r (m\u00e1jus-augusztus)<br \/>\nN\u00f6veked\u00e9si szok\u00e1s bokros, kb. 70 cm magas<br \/>\n\u00c9rlel\u00e9s z\u00f6ldr\u0151l v\u00f6r\u00f6sre<br \/>\nA gy\u00fcm\u00f6lcs megjelen\u00e9se 2-3 cm hossz\u00fa, a v\u00e9g\u00e9n kis horoggal<br \/>\n\u00c9rlel\u00e9si id\u0151 80-90 nap<br \/>\nSz\u00e1rmaz\u00e1si hely Peru<\/p>\n<p>&nbsp;<\/p>\n<p>A csomag 10 szem magot tartalmaz<\/p>\n","protected":false},"featured_media":25738,"comment_status":"closed","ping_status":"closed","template":"","meta":[],"product_brand":[],"product_cat":[8],"product_tag":[],"class_list":{"0":"post-25737","1":"product","2":"type-product","3":"status-publish","4":"has-post-thumbnail","6":"product_cat-paprika","8":"first","9":"instock","10":"taxable","11":"shipping-taxable","12":"purchasable","13":"product-type-simple"},"_links":{"self":[{"href":"https:\/\/chilimag.hu\/webshop\/wp-json\/wp\/v2\/product\/25737","targetHints":{"allow":["GET"]}}],"collection":[{"href":"https:\/\/chilimag.hu\/webshop\/wp-json\/wp\/v2\/product"}],"about":[{"href":"https:\/\/chilimag.hu\/webshop\/wp-json\/wp\/v2\/types\/product"}],"replies":[{"embeddable":true,"href":"https:\/\/chilimag.hu\/webshop\/wp-json\/wp\/v2\/comments?post=25737"}],"wp:featuredmedia":[{"embeddable":true,"href":"https:\/\/chilimag.hu\/webshop\/wp-json\/wp\/v2\/media\/25738"}],"wp:attachment":[{"href":"https:\/\/chilimag.hu\/webshop\/wp-json\/wp\/v2\/media?parent=25737"}],"wp:term":[{"taxonomy":"product_brand","embeddable":true,"href":"https:\/\/chilimag.hu\/webshop\/wp-json\/wp\/v2\/product_brand?post=25737"},{"taxonomy":"product_cat","embeddable":true,"href":"https:\/\/chilimag.hu\/webshop\/wp-json\/wp\/v2\/product_cat?post=25737"},{"taxonomy":"product_tag","embeddable":true,"href":"https:\/\/chilimag.hu\/webshop\/wp-json\/wp\/v2\/product_tag?post=25737"}],"curies":[{"name":"wp","href":"https:\/\/api.w.org\/{rel}","templated":true}]}}