{"id":25721,"date":"2023-10-13T12:45:37","date_gmt":"2023-10-13T12:45:37","guid":{"rendered":"https:\/\/chilimag.hu\/webshop\/?post_type=product&#038;p=25721"},"modified":"2026-02-18T09:03:49","modified_gmt":"2026-02-18T09:03:49","slug":"rocoto-manzano-rojo","status":"publish","type":"product","link":"https:\/\/chilimag.hu\/webshop\/termek\/rocoto-manzano-rojo\/","title":{"rendered":"Rocoto Manzano Rojo"},"content":{"rendered":"","protected":false},"excerpt":{"rendered":"<p><img decoding=\"async\" src=\"https:\/\/chilimag.hu\/webshop\/wp-content\/uploads\/2014\/11\/chilimag-logo-2-150x150.jpg\" \/><\/p>\n<p>&nbsp;<\/p>\n<p>Le\u00edr\u00e1s<\/p>\n<p>A Rocoto a Capsicum pubescens fajb\u00f3l sz\u00e1rmaz\u00f3 chilipaprika d\u00e9l-amerikai elnevez\u00e9se, m\u00edg a \u201eManzano\u201d jelent\u00e9se alma alak\u00fa. A \u201epubescens\u201d jelent\u00e9se \u201esz\u0151r\u00f6s\u201d, \u00e9s abb\u00f3l fakad, hogy a n\u00f6v\u00e9nyek levelei sz\u0151r\u00f6sek. M\u00e1s fajokt\u00f3l a legvil\u00e1gosabban az ibolyasz\u00edn\u0171, dekorat\u00edv vir\u00e1gok k\u00fcl\u00f6nb\u00f6ztetik meg. A rokot\u00f3kat \u00e9rdemes \u00e1tteleltetni, hiszen el\u00e9g magas kort is el\u00e9rhetnek. Mivel sz\u00e1ruk gyorsan lignifik\u00e1l, \u201efapaprikak\u00e9nt\u201d is emlegetik. A rokot\u00f3 n\u00f6v\u00e9nyek j\u00f3l b\u00edrj\u00e1k a k\u00f6z\u00e9p-eur\u00f3pai \u00e9ghajlat h\u0171v\u00f6sebb \u00e9jszak\u00e1it. J\u00f3 gondoz\u00e1ssal \u00e9s megfelel\u0151 k\u00f6r\u00fclm\u00e9nyek k\u00f6z\u00f6tt a Rocotos ak\u00e1r 10 \u00e9vig is \u00e9lhet.<\/p>\n<p>A Rocoto Manzano Red gy\u00fcm\u00f6lcsei vastag fal\u00faak \u00e9s l\u00e9d\u00fasak, \u00e9s fantasztikus, gy\u00fcm\u00f6lcs\u00f6s \u00edz\u00fck van, amely az alm\u00e1ra eml\u00e9keztet. A d\u00e9l-amerikai orsz\u00e1gokban f\u0171szeress\u00e9g\u00fck miatt a \u201eGringo gyilkos\u201d becenevet is viselik. A Rocotos kiv\u00e1l\u00f3an alkalmas sals\u00e1k k\u00e9sz\u00edt\u00e9s\u00e9re, vagy k\u00fcl\u00f6nf\u00e9le t\u00f6ltel\u00e9kekkel val\u00f3 s\u00fct\u00e9sre. A legismertebb recept (Rocoto relleno &#8211; t\u00f6lt\u00f6tt Rocotos) Perub\u00f3l sz\u00e1rmazik: a rokot\u00f3 fel\u00e9t egy \u00e9jszak\u00e1n \u00e1t tejben p\u00e1colj\u00e1k, majd megt\u00f6ltik vagdalttal, kem\u00e9nyre f\u0151tt \u00e9s apr\u00f3ra v\u00e1gott toj\u00e1ssal, \u00e9s sajttal megkenik.<\/p>\n<p>Gondoz\u00e1sa: A cs\u00edr\u00e1z\u00e1si h\u0151m\u00e9rs\u00e9klet 20 \u00e9s 28\u00b0C k\u00f6z\u00f6tt van (7-20 napos cs\u00edr\u00e1z\u00e1si id\u0151), ez\u00e9rt \u00fcvegh\u00e1z \u00e9s f\u0171t\u0151sz\u0151nyeg haszn\u00e1lata javasolt. A n\u00f6v\u00e9nyeknek friss, j\u00f3l tr\u00e1gy\u00e1zott, v\u00edz\u00e1tereszt\u0151 talajra van sz\u00fcks\u00e9g\u00fck, nem t\u0171rik a bevizesed\u00e9st. Napos, v\u00e9dett helyre kell \u00fcltetni, ahol legal\u00e1bb 6 \u00f3ra napf\u00e9ny \u2013 lehet\u0151leg t\u00f6bb. Tedd ki a n\u00f6v\u00e9nyeket kb. 2-3 h\u00e9ttel az utols\u00f3 fagy ut\u00e1n. Mivel a n\u00f6v\u00e9nyek hossz\u00fa \u00e9r\u00e9si idej\u0171ek \u00e9s \u00e9vel\u0151k, ez\u00e9rt \u00e9rdemes cser\u00e9pben nevelni, hogy a napk\u00f6zbeni h\u0151m\u00e9rs\u00e9klet 10\u00b0C al\u00e1 s\u00fcllyed\u00e9sekor bevihess\u00fck a n\u00f6v\u00e9nyeket. A betakar\u00edt\u00e1s ut\u00e1ni \u00e1ttelel\u00e9shez 20 cm-rel v\u00e1gjuk le, \u00e9s tegy\u00fck vil\u00e1gos, legal\u00e1bb 15\u00b0C h\u0151m\u00e9rs\u00e9klet\u0171 helyre.<\/p>\n<p>T\u00edpus Capsicum pubescens<br \/>\nF\u0171szeress\u00e9gi fokozat 8<br \/>\nScoville 30 000 &#8211; 50 000 SHU<br \/>\noptim\u00e1lis cs\u00edr\u00e1z\u00e1si h\u0151m\u00e9rs\u00e9klet 22 &#8211; 28 \u00b0C<br \/>\nVet\u00e9s jan. &#8211; \u00e1pr.<br \/>\nVir\u00e1gok ibolya (m\u00e1jus-j\u00fal.)<br \/>\nN\u00f6v\u00e9nyn\u00f6veked\u00e9si szok\u00e1s bokros, ki\u00e1ll\u00f3 korona, kb. 200 cm magas<br \/>\nZ\u00f6ldr\u0151l pirosra \u00e9rik<br \/>\nGy\u00fcm\u00f6lcs megjelen\u00e9se ov\u00e1lis alak\u00fa, kb. 4 x 6 cm<br \/>\n\u00c9r\u00e9si id\u0151 100 nap<br \/>\nSz\u00e1rmaz\u00e1si hely Peru<\/p>\n<p>&nbsp;<\/p>\n<p>A csomag 10 szem magot tartalmaz<\/p>\n","protected":false},"featured_media":25722,"comment_status":"closed","ping_status":"closed","template":"","meta":[],"product_brand":[],"product_cat":[8],"product_tag":[],"class_list":{"0":"post-25721","1":"product","2":"type-product","3":"status-publish","4":"has-post-thumbnail","6":"product_cat-paprika","8":"first","9":"outofstock","10":"taxable","11":"shipping-taxable","12":"purchasable","13":"product-type-simple"},"_links":{"self":[{"href":"https:\/\/chilimag.hu\/webshop\/wp-json\/wp\/v2\/product\/25721","targetHints":{"allow":["GET"]}}],"collection":[{"href":"https:\/\/chilimag.hu\/webshop\/wp-json\/wp\/v2\/product"}],"about":[{"href":"https:\/\/chilimag.hu\/webshop\/wp-json\/wp\/v2\/types\/product"}],"replies":[{"embeddable":true,"href":"https:\/\/chilimag.hu\/webshop\/wp-json\/wp\/v2\/comments?post=25721"}],"wp:featuredmedia":[{"embeddable":true,"href":"https:\/\/chilimag.hu\/webshop\/wp-json\/wp\/v2\/media\/25722"}],"wp:attachment":[{"href":"https:\/\/chilimag.hu\/webshop\/wp-json\/wp\/v2\/media?parent=25721"}],"wp:term":[{"taxonomy":"product_brand","embeddable":true,"href":"https:\/\/chilimag.hu\/webshop\/wp-json\/wp\/v2\/product_brand?post=25721"},{"taxonomy":"product_cat","embeddable":true,"href":"https:\/\/chilimag.hu\/webshop\/wp-json\/wp\/v2\/product_cat?post=25721"},{"taxonomy":"product_tag","embeddable":true,"href":"https:\/\/chilimag.hu\/webshop\/wp-json\/wp\/v2\/product_tag?post=25721"}],"curies":[{"name":"wp","href":"https:\/\/api.w.org\/{rel}","templated":true}]}}