{"id":25719,"date":"2023-10-13T12:42:01","date_gmt":"2023-10-13T12:42:01","guid":{"rendered":"https:\/\/chilimag.hu\/webshop\/?post_type=product&#038;p=25719"},"modified":"2025-08-11T07:34:42","modified_gmt":"2025-08-11T07:34:42","slug":"aji-mango-long-pointy","status":"publish","type":"product","link":"https:\/\/chilimag.hu\/webshop\/termek\/aji-mango-long-pointy\/","title":{"rendered":"Aji Mango Long Pointy"},"content":{"rendered":"","protected":false},"excerpt":{"rendered":"<p><img decoding=\"async\" src=\"https:\/\/chilimag.hu\/webshop\/wp-content\/uploads\/2014\/11\/chilimag-logo-2-150x150.jpg\" \/><\/p>\n<p>Le\u00edr\u00e1s<\/p>\n<p>Nagyon nagyon finom, \u00e9des, gy\u00fcm\u00f6lcs\u00f6s, arom\u00e1s Baccatum chili paprika.<\/p>\n<p>\u00cdze szinte azonos az aji mang\u00f3 \u00a0chili paprik\u00e1hoz, viszont a term\u00e9se hossz\u00fak\u00e1sabb \u00e9s a sz\u00e1ra nyultabb.<\/p>\n<p>Val\u00f3j\u00e1ban a n\u00e9v nagyon illik ehhez a chilihez, mert \u00edze val\u00f3ban egy kicsit friss mang\u00f3ra eml\u00e9keztet, de igazi var\u00e1zslat t\u00e1rul el\u00e9nk, ha sz\u00e1r\u00edtjuk \u00e9s p\u00f3r\u00edtjuk ezt a kiv\u00e1l\u00f3 fajt\u00e1t! Az \u00edze annyira gy\u00fcm\u00f6lcs\u00f6s \u00e9s mang\u00f3s, hogy enn\u00e9l jobbat aligha lehet!<br \/>\nKompakt n\u00f6v\u00e9ny a C. baccatum sz\u00e1m\u00e1ra, nagyon j\u00f3l toler\u00e1lja a k\u00fcl\u00f6nb\u00f6z\u0151 h\u0151m\u00e9rs\u00e9kleteket, \u00edgy t\u00f6k\u00e9letes mindenhol.<\/p>\n<p>Gondoz\u00e1saA cs\u00edr\u00e1z\u00e1si h\u0151m\u00e9rs\u00e9klet 22 \u00e9s 28\u00b0C k\u00f6z\u00f6tt van (8-22 napos cs\u00edr\u00e1z\u00e1si id\u0151szak), ez\u00e9rt \u00fcvegh\u00e1z \u00e9s f\u0171t\u0151sz\u0151nyeg haszn\u00e1lata javasolt. A n\u00f6v\u00e9nyeknek friss, j\u00f3l tr\u00e1gy\u00e1zott, v\u00edz\u00e1tereszt\u0151 talajra van sz\u00fcks\u00e9g\u00fck, nem t\u0171rik a bevizesed\u00e9st. Napos, v\u00e9dett helyre kell \u00fcltetni, ahol legal\u00e1bb 6 \u00f3ra napf\u00e9ny \u2013 lehet\u0151leg t\u00f6bb. Tedd ki a n\u00f6v\u00e9nyeket kb. 2-3 h\u00e9ttel az utols\u00f3 fagy ut\u00e1n.<\/p>\n<p>Scoville: 30.000-45.000<\/p>\n<p>A csomag 10 szem magot tartalmaz<\/p>\n","protected":false},"featured_media":25720,"comment_status":"closed","ping_status":"closed","template":"","meta":[],"product_brand":[],"product_cat":[8],"product_tag":[],"class_list":{"0":"post-25719","1":"product","2":"type-product","3":"status-publish","4":"has-post-thumbnail","6":"product_cat-paprika","8":"first","9":"instock","10":"taxable","11":"shipping-taxable","12":"purchasable","13":"product-type-simple"},"_links":{"self":[{"href":"https:\/\/chilimag.hu\/webshop\/wp-json\/wp\/v2\/product\/25719","targetHints":{"allow":["GET"]}}],"collection":[{"href":"https:\/\/chilimag.hu\/webshop\/wp-json\/wp\/v2\/product"}],"about":[{"href":"https:\/\/chilimag.hu\/webshop\/wp-json\/wp\/v2\/types\/product"}],"replies":[{"embeddable":true,"href":"https:\/\/chilimag.hu\/webshop\/wp-json\/wp\/v2\/comments?post=25719"}],"wp:featuredmedia":[{"embeddable":true,"href":"https:\/\/chilimag.hu\/webshop\/wp-json\/wp\/v2\/media\/25720"}],"wp:attachment":[{"href":"https:\/\/chilimag.hu\/webshop\/wp-json\/wp\/v2\/media?parent=25719"}],"wp:term":[{"taxonomy":"product_brand","embeddable":true,"href":"https:\/\/chilimag.hu\/webshop\/wp-json\/wp\/v2\/product_brand?post=25719"},{"taxonomy":"product_cat","embeddable":true,"href":"https:\/\/chilimag.hu\/webshop\/wp-json\/wp\/v2\/product_cat?post=25719"},{"taxonomy":"product_tag","embeddable":true,"href":"https:\/\/chilimag.hu\/webshop\/wp-json\/wp\/v2\/product_tag?post=25719"}],"curies":[{"name":"wp","href":"https:\/\/api.w.org\/{rel}","templated":true}]}}