{"id":25717,"date":"2023-10-13T12:37:59","date_gmt":"2023-10-13T12:37:59","guid":{"rendered":"https:\/\/chilimag.hu\/webshop\/?post_type=product&#038;p=25717"},"modified":"2025-08-11T07:21:26","modified_gmt":"2025-08-11T07:21:26","slug":"aji-cajamarca","status":"publish","type":"product","link":"https:\/\/chilimag.hu\/webshop\/termek\/aji-cajamarca\/","title":{"rendered":"Aji cajamarca"},"content":{"rendered":"","protected":false},"excerpt":{"rendered":"<p><img decoding=\"async\" src=\"https:\/\/chilimag.hu\/webshop\/wp-content\/uploads\/2014\/11\/chilimag-logo-2-150x150.jpg\" \/><\/p>\n<p>Le\u00edr\u00e1s<\/p>\n<p>Az Aji Cajamarca chili Perub\u00f3l sz\u00e1rmazik, \u00e9s a hossz\u00fak\u00e1s h\u00fcvelyek sz\u00e9p sz\u00ednj\u00e1t\u00e9kban \u00e9rnek, a vil\u00e1gos lil\u00e1t\u00f3l a s\u00e1rg\u00e1ig \u00e9s a narancss\u00e1rg\u00e1t\u00f3l a pirosig. Haz\u00e1j\u00e1ban nem csak gy\u00f6ny\u00f6r\u0171 sz\u00ednei miatt n\u00e9pszer\u0171, hanem kellemes, habaner\u00f3hoz hasonl\u00f3, de citromos illat\u00fa gy\u00fcm\u00f6lcs\u00f6s \u00edze miatt is. A n\u00f6v\u00e9nyek k\u00f6r\u00fclbel\u00fcl 75 cm magasra n\u0151nek \u00e9s nagyon term\u00e9kenyek.<\/p>\n<p>Gondoz\u00e1sa: A cs\u00edr\u00e1z\u00e1si h\u0151m\u00e9rs\u00e9klet 22\u00b0C \u00e9s 30\u00b0C k\u00f6z\u00f6tt van (cs\u00edr\u00e1z\u00e1si id\u0151: 6-20 nap); ez\u00e9rt \u00fcvegh\u00e1z \u00e9s f\u0171t\u0151sz\u0151nyeg haszn\u00e1lata javasolt. A n\u00f6v\u00e9nyeknek friss, j\u00f3l tr\u00e1gy\u00e1zott v\u00edz\u00e1tereszt\u0151 talajra van sz\u00fcks\u00e9g\u00fck, \u00e9s nem szabad \u00e1ll\u00f3v\u00edzben hagyni. Napos, v\u00e9dett helyre kell helyezni, ahol legal\u00e1bb napi 6 \u00f3ra napf\u00e9ny \u00e9ri, ha nem t\u00f6bb. K\u00f6r\u00fclbel\u00fcl 2-3 h\u00e9ttel az utols\u00f3 fagy ut\u00e1n helyezze ki a n\u00f6v\u00e9nyeket a szabadba.<\/p>\n<p>T\u00edpus: Capsicum chinense<br \/>\n7-es h\u0151fok<br \/>\nScoville 15 000 &#8211; 30 000 SHU<br \/>\nOptim\u00e1lis cs\u00edr\u00e1z\u00e1si h\u0151m\u00e9rs\u00e9klet 22 &#8211; 30 \u00b0C<br \/>\nVet\u00e9s jan-\u00e1pr<br \/>\nVir\u00e1gok feh\u00e9rek (j\u00fan.-aug.)<br \/>\nN\u00f6veked\u00e9si szok\u00e1sa bokros, 75 cm magas<br \/>\n\u00c9rlel\u00e9s Vil\u00e1gos lil\u00e1t\u00f3l s\u00e1rg\u00e1ig \u00e9s narancst\u00f3l pirosig<br \/>\nA gy\u00fcm\u00f6lcs megjelen\u00e9se hossz\u00fak\u00e1s, kb. 1 x 6 cm<br \/>\n\u00c9rlel\u00e9si id\u0151 90 nap<br \/>\nSz\u00e1rmaz\u00e1si hely Peru<\/p>\n<p>A csomag 10 szem magot tartalmaz<\/p>\n","protected":false},"featured_media":25718,"comment_status":"closed","ping_status":"closed","template":"","meta":[],"product_brand":[],"product_cat":[8],"product_tag":[],"class_list":{"0":"post-25717","1":"product","2":"type-product","3":"status-publish","4":"has-post-thumbnail","6":"product_cat-paprika","8":"first","9":"instock","10":"taxable","11":"shipping-taxable","12":"purchasable","13":"product-type-simple"},"_links":{"self":[{"href":"https:\/\/chilimag.hu\/webshop\/wp-json\/wp\/v2\/product\/25717","targetHints":{"allow":["GET"]}}],"collection":[{"href":"https:\/\/chilimag.hu\/webshop\/wp-json\/wp\/v2\/product"}],"about":[{"href":"https:\/\/chilimag.hu\/webshop\/wp-json\/wp\/v2\/types\/product"}],"replies":[{"embeddable":true,"href":"https:\/\/chilimag.hu\/webshop\/wp-json\/wp\/v2\/comments?post=25717"}],"wp:featuredmedia":[{"embeddable":true,"href":"https:\/\/chilimag.hu\/webshop\/wp-json\/wp\/v2\/media\/25718"}],"wp:attachment":[{"href":"https:\/\/chilimag.hu\/webshop\/wp-json\/wp\/v2\/media?parent=25717"}],"wp:term":[{"taxonomy":"product_brand","embeddable":true,"href":"https:\/\/chilimag.hu\/webshop\/wp-json\/wp\/v2\/product_brand?post=25717"},{"taxonomy":"product_cat","embeddable":true,"href":"https:\/\/chilimag.hu\/webshop\/wp-json\/wp\/v2\/product_cat?post=25717"},{"taxonomy":"product_tag","embeddable":true,"href":"https:\/\/chilimag.hu\/webshop\/wp-json\/wp\/v2\/product_tag?post=25717"}],"curies":[{"name":"wp","href":"https:\/\/api.w.org\/{rel}","templated":true}]}}