{"id":25715,"date":"2023-10-13T12:33:31","date_gmt":"2023-10-13T12:33:31","guid":{"rendered":"https:\/\/chilimag.hu\/webshop\/?post_type=product&#038;p=25715"},"modified":"2025-08-11T09:33:21","modified_gmt":"2025-08-11T09:33:21","slug":"rocoto-canario-yellow","status":"publish","type":"product","link":"https:\/\/chilimag.hu\/webshop\/termek\/rocoto-canario-yellow\/","title":{"rendered":"Rocoto Canario Yellow"},"content":{"rendered":"","protected":false},"excerpt":{"rendered":"<p><img decoding=\"async\" src=\"https:\/\/chilimag.hu\/webshop\/wp-content\/uploads\/2014\/11\/chilimag-logo-2-150x150.jpg\" \/><\/p>\n<p>&nbsp;<\/p>\n<p>Le\u00edr\u00e1s<\/p>\n<p>A Rocoto Canario Yellow Chili a Capsicum pubescens fajhoz tartozik, amely a d\u00e9l-amerikai Andokb\u00f3l sz\u00e1rmazik, \u00e9s gyakran &#8222;fa chili&#8221; n\u00e9ven emlegetik. A n\u00f6v\u00e9nyek levelei sz\u0151r\u00f6sek. M\u00e1s fajokkal szemben a legtiszt\u00e1bb megk\u00fcl\u00f6nb\u00f6ztet\u0151 jegy az ibolyasz\u00edn\u0171, dekorat\u00edv vir\u00e1gok. A Rocoto Yellow sz\u00edv alak\u00fa gy\u00fcm\u00f6lcsei \u00e9l\u00e9nks\u00e1rg\u00e1ra \u00e9rnek, l\u00e9d\u00fasak \u00e9s vastag fal\u00faak. Kiv\u00e9teles gy\u00fcm\u00f6lcs\u00f6s arom\u00e1juk van, enyhe alm\u00e1s jegyekkel. A h\u0151s\u00e9g er\u0151s.<\/p>\n<p>A rokot\u00f3 paprika kiv\u00e1l\u00f3an haszn\u00e1lhat\u00f3 sals\u00e1khoz, vagy t\u00f6bbf\u00e9le t\u00f6ltel\u00e9kkel t\u00f6lthet\u0151 \u00e9s kis\u00fcthet\u0151. A legh\u00edresebb recept &#8211; rocoto relleno vagy t\u00f6lt\u00f6tt rocotos &#8211; Perub\u00f3l sz\u00e1rmazik. Ennek az \u00e9telnek az elk\u00e9sz\u00edt\u00e9s\u00e9hez a rokot\u00f3f\u00e9l\u00e9ket egy \u00e9jszak\u00e1n \u00e1t a tejben hagyjuk, majd megt\u00f6ltj\u00fck dar\u00e1lt marhah\u00fassal, kem\u00e9nyre f\u0151tt, kock\u00e1ra v\u00e1gott toj\u00e1ssal \u00e9s sajttal megs\u00fctj\u00fck.<\/p>\n<p>A rokot\u00f3kat \u00e9rdemes \u00e1tteleltetni, mert el\u00e9g magas kort is el\u00e9rhetnek. A rokot\u00f3 n\u00f6v\u00e9nyek j\u00f3l t\u0171rik k\u00f6z\u00e9p-eur\u00f3pai \u00e9ghajlatunk h\u0171v\u00f6sebb \u00e9jszak\u00e1it is.<\/p>\n<p>Gondoz\u00e1sa: A cs\u00edr\u00e1z\u00e1si h\u0151m\u00e9rs\u00e9klet 22\u00b0C \u00e9s 28\u00b0C k\u00f6z\u00f6tt van (cs\u00edr\u00e1z\u00e1si id\u0151: 8-21 nap); ez\u00e9rt \u00fcvegh\u00e1z \u00e9s f\u0171t\u0151sz\u0151nyeg haszn\u00e1lata javasolt. A n\u00f6v\u00e9nyeknek friss, j\u00f3l tr\u00e1gy\u00e1zott, v\u00edz\u00e1tereszt\u0151 talajra van sz\u00fcks\u00e9g\u00fck, nem t\u0171rik a bevizesed\u00e9st. Napos, v\u00e9dett helyre kell \u00fcltetni, ahol legal\u00e1bb 6 \u00f3ra napf\u00e9ny \u2013 lehet\u0151leg t\u00f6bb. Tedd ki a n\u00f6v\u00e9nyeket kb. 2-3 h\u00e9ttel az utols\u00f3 fagy ut\u00e1n. Mivel a n\u00f6v\u00e9nyeknek k\u00fcl\u00f6n\u00f6sen hossz\u00fa az \u00e9r\u00e9si ideje, \u00e9rdemes cser\u00e9pben termeszteni \u0151ket, \u00edgy a napk\u00f6zbeni h\u0151m\u00e9rs\u00e9klet 12\u00b0C al\u00e1 s\u00fcllyed\u00e9sekor k\u00f6nnyen be lehet vinni a n\u00f6v\u00e9nyt, \u00edgy minden gy\u00fcm\u00f6lcs be\u00e9rik. Ahhoz, hogy a n\u00f6v\u00e9nyt t\u00e9len is meg\u0151rizze, betakar\u00edt\u00e1s ut\u00e1n v\u00e1gja vissza 20 cm-rel, \u00e9s tegye vil\u00e1gos helyre, ahol legal\u00e1bb 15\u00b0C h\u0151m\u00e9rs\u00e9klet\u0171.<\/p>\n<p>T\u00edpus Capsicum pubescens<br \/>\nF\u0171szerszint 8<br \/>\nScoville 30 000 &#8211; 50 000 SHU<br \/>\nOptim\u00e1lis cs\u00edr\u00e1z\u00e1si h\u0151m\u00e9rs\u00e9klet 22 &#8211; 28 \u00b0C<br \/>\nVet\u00e9s jan-\u00e1pr<br \/>\nLila vir\u00e1gok (m\u00e1jus-augusztus)<br \/>\nN\u00f6veked\u00e9si szok\u00e1s Bokros, 100-180 cm magas, sz\u00e9lesen elter\u00fcl\u0151 korona<br \/>\n\u00c9rlel\u00e9s Z\u00f6ldt\u0151l s\u00e1rg\u00e1ig<br \/>\nGy\u00fcm\u00f6lcs megjelen\u00e9se Toj\u00e1s alak\u00fa, kb. 4 x 6 cm<br \/>\n\u00c9rlel\u00e9si id\u0151 100-110 nap<br \/>\nSz\u00e1rmaz\u00e1sa D\u00e9l-Amerika<\/p>\n<p>A csomag 10 szem magot tartalmaz<\/p>\n<p>&nbsp;<\/p>\n","protected":false},"featured_media":25716,"comment_status":"closed","ping_status":"closed","template":"","meta":[],"product_brand":[],"product_cat":[8],"product_tag":[],"class_list":{"0":"post-25715","1":"product","2":"type-product","3":"status-publish","4":"has-post-thumbnail","6":"product_cat-paprika","8":"first","9":"instock","10":"taxable","11":"shipping-taxable","12":"purchasable","13":"product-type-simple"},"_links":{"self":[{"href":"https:\/\/chilimag.hu\/webshop\/wp-json\/wp\/v2\/product\/25715","targetHints":{"allow":["GET"]}}],"collection":[{"href":"https:\/\/chilimag.hu\/webshop\/wp-json\/wp\/v2\/product"}],"about":[{"href":"https:\/\/chilimag.hu\/webshop\/wp-json\/wp\/v2\/types\/product"}],"replies":[{"embeddable":true,"href":"https:\/\/chilimag.hu\/webshop\/wp-json\/wp\/v2\/comments?post=25715"}],"wp:featuredmedia":[{"embeddable":true,"href":"https:\/\/chilimag.hu\/webshop\/wp-json\/wp\/v2\/media\/25716"}],"wp:attachment":[{"href":"https:\/\/chilimag.hu\/webshop\/wp-json\/wp\/v2\/media?parent=25715"}],"wp:term":[{"taxonomy":"product_brand","embeddable":true,"href":"https:\/\/chilimag.hu\/webshop\/wp-json\/wp\/v2\/product_brand?post=25715"},{"taxonomy":"product_cat","embeddable":true,"href":"https:\/\/chilimag.hu\/webshop\/wp-json\/wp\/v2\/product_cat?post=25715"},{"taxonomy":"product_tag","embeddable":true,"href":"https:\/\/chilimag.hu\/webshop\/wp-json\/wp\/v2\/product_tag?post=25715"}],"curies":[{"name":"wp","href":"https:\/\/api.w.org\/{rel}","templated":true}]}}