{"id":25713,"date":"2023-10-13T12:27:24","date_gmt":"2023-10-13T12:27:24","guid":{"rendered":"https:\/\/chilimag.hu\/webshop\/?post_type=product&#038;p=25713"},"modified":"2026-03-16T15:13:20","modified_gmt":"2026-03-16T15:13:20","slug":"habanada-habanero","status":"publish","type":"product","link":"https:\/\/chilimag.hu\/webshop\/termek\/habanada-habanero\/","title":{"rendered":"Habanada Habanero"},"content":{"rendered":"","protected":false},"excerpt":{"rendered":"<p><img decoding=\"async\" src=\"https:\/\/chilimag.hu\/webshop\/wp-content\/uploads\/2014\/11\/chilimag-logo-2-150x150.jpg\" \/><\/p>\n<p>&nbsp;<\/p>\n<p>Le\u00edr\u00e1s<\/p>\n<p>A Habanada Red Chili mindenki sz\u00e1m\u00e1ra megfelel\u0151, aki a Habanero vir\u00e1gos gy\u00fcm\u00f6lcs\u00f6s \u00edz\u00e9re v\u00e1gyik, de an\u00e9lk\u00fcl, hogy felp\u00f6rgetn\u00e9 a sz\u00e1j\u00e1t \u2013 egy HABAnero h\u0151 n\u00e9lk\u00fcl (NADA). A Habanada az egyes\u00fclt \u00e1llamokbeli Cornell Egyetem term\u00e9szetes teny\u00e9szt\u00e9si technik\u00e1inak term\u00e9ke. 2014 \u00f3ta ez az egzotikus \u00faj paprika minden bizonnyal a kulin\u00e1ris szc\u00e9na kedvence, \u00edgy kiv\u00e1l\u00f3 v\u00e1laszt\u00e1s a piaci gazd\u00e1lkod\u00f3k, szak\u00e1csok \u00e9s \u00ednyencs\u00e9gek sz\u00e1m\u00e1ra. A h\u00fcvelyek k\u00f6r\u00fclbel\u00fcl 5 cm magasak \u00e9s lime z\u00f6ldt\u0151l a fluoreszk\u00e1l\u00f3 narancss\u00e1rg\u00e1ig \u00e9rnek. A n\u00f6v\u00e9nyek 90 cm-es bokross\u00e1 v\u00e1lnak. Er\u0151teljesek \u00e9s \u00e1tlagos kerti talajban rendk\u00edv\u00fcl term\u00e9kenyek.<\/p>\n<p>Gondoz\u00e1sa: A cs\u00edr\u00e1z\u00e1si h\u0151m\u00e9rs\u00e9klet 22\u00b0C \u00e9s 28\u00b0C k\u00f6z\u00f6tt van (cs\u00edr\u00e1z\u00e1si id\u0151: 6-20 nap); ez\u00e9rt \u00fcvegh\u00e1z \u00e9s f\u0171t\u0151sz\u0151nyeg haszn\u00e1lata javasolt. A n\u00f6v\u00e9nyeknek friss, j\u00f3l tr\u00e1gy\u00e1zott v\u00edz\u00e1tereszt\u0151 talajra van sz\u00fcks\u00e9g\u00fck, \u00e9s nem szabad \u00e1ll\u00f3v\u00edzben hagyni. Napos, v\u00e9dett helyre kell helyezni, ahol legal\u00e1bb napi 6 \u00f3ra napf\u00e9ny \u00e9ri, ha nem t\u00f6bb. K\u00f6r\u00fclbel\u00fcl 2-3 h\u00e9ttel az utols\u00f3 fagy ut\u00e1n helyezze ki a n\u00f6v\u00e9nyeket a szabadba. Amikor a pal\u00e1nt\u00e1kat a szabadba \u00fclteti, \u00fcgyeljen arra, hogy az egyes n\u00f6v\u00e9nyek k\u00f6z\u00f6tt legal\u00e1bb 50-60 cm t\u00e1vols\u00e1g legyen. A f\u0151 betakar\u00edt\u00e1st k\u00f6r\u00fclbel\u00fcl 3 h\u00f3napos \u00e9r\u00e9si id\u0151 ut\u00e1n kell elv\u00e9gezni.<\/p>\n<p>T\u00edpus: Capsicum chinense<br \/>\nOptim\u00e1lis cs\u00edr\u00e1z\u00e1si h\u0151m\u00e9rs\u00e9klet 22 &#8211; 28 \u00b0C<br \/>\nVet\u00e9s febr.-\u00e1pr<br \/>\nFeh\u00e9r vir\u00e1gok (m\u00e1jus-augusztus)<br \/>\nN\u00f6veked\u00e9si szok\u00e1sa Bokros, 80-90 cm magas<br \/>\n\u00c9rlel\u00e9s Z\u00f6ldt\u0151l v\u00f6r\u00f6sig<br \/>\nGy\u00fcm\u00f6lcs megjelen\u00e9s\u0171 mini kaliforniai paprika, 4 x 5 cm<br \/>\n\u00c9rlel\u00e9si id\u0151 90-100 nap<br \/>\nSz\u00e1rmaz\u00e1si hely USA<\/p>\n<p>Scoville:350.000-<\/p>\n<p>A csomag 10 szem magot tartalmaz<\/p>\n","protected":false},"featured_media":25714,"comment_status":"closed","ping_status":"closed","template":"","meta":[],"product_brand":[],"product_cat":[8],"product_tag":[],"class_list":{"0":"post-25713","1":"product","2":"type-product","3":"status-publish","4":"has-post-thumbnail","6":"product_cat-paprika","8":"first","9":"outofstock","10":"taxable","11":"shipping-taxable","12":"purchasable","13":"product-type-simple"},"_links":{"self":[{"href":"https:\/\/chilimag.hu\/webshop\/wp-json\/wp\/v2\/product\/25713","targetHints":{"allow":["GET"]}}],"collection":[{"href":"https:\/\/chilimag.hu\/webshop\/wp-json\/wp\/v2\/product"}],"about":[{"href":"https:\/\/chilimag.hu\/webshop\/wp-json\/wp\/v2\/types\/product"}],"replies":[{"embeddable":true,"href":"https:\/\/chilimag.hu\/webshop\/wp-json\/wp\/v2\/comments?post=25713"}],"wp:featuredmedia":[{"embeddable":true,"href":"https:\/\/chilimag.hu\/webshop\/wp-json\/wp\/v2\/media\/25714"}],"wp:attachment":[{"href":"https:\/\/chilimag.hu\/webshop\/wp-json\/wp\/v2\/media?parent=25713"}],"wp:term":[{"taxonomy":"product_brand","embeddable":true,"href":"https:\/\/chilimag.hu\/webshop\/wp-json\/wp\/v2\/product_brand?post=25713"},{"taxonomy":"product_cat","embeddable":true,"href":"https:\/\/chilimag.hu\/webshop\/wp-json\/wp\/v2\/product_cat?post=25713"},{"taxonomy":"product_tag","embeddable":true,"href":"https:\/\/chilimag.hu\/webshop\/wp-json\/wp\/v2\/product_tag?post=25713"}],"curies":[{"name":"wp","href":"https:\/\/api.w.org\/{rel}","templated":true}]}}