{"id":25710,"date":"2023-10-13T07:34:01","date_gmt":"2023-10-13T07:34:01","guid":{"rendered":"https:\/\/chilimag.hu\/webshop\/?post_type=product&#038;p=25710"},"modified":"2025-08-11T09:27:56","modified_gmt":"2025-08-11T09:27:56","slug":"pumpkin-chili","status":"publish","type":"product","link":"https:\/\/chilimag.hu\/webshop\/termek\/pumpkin-chili\/","title":{"rendered":"Pumpkin chili"},"content":{"rendered":"","protected":false},"excerpt":{"rendered":"<p><img decoding=\"async\" src=\"https:\/\/chilimag.hu\/webshop\/wp-content\/uploads\/2014\/11\/chilimag-logo-2-150x150.jpg\" \/><\/p>\n<p>Le\u00edr\u00e1s<\/p>\n<p>A nev\u00fck mindent el\u00e1rul: a Pumpkin Pepper Chili term\u00e9sei \u00fagy n\u00e9znek ki, mint egy kis mini s\u00fct\u0151t\u00f6k, amely z\u00f6ldt\u0151l narancss\u00e1rg\u00e1n \u00e1t eg\u00e9szen pirosig \u00e9rik \u2013 ez egy rendk\u00edv\u00fcl ritka \u00e9s nagyon sz\u00e9p fajta, amely szint\u00e9n nagyon magas term\u0151k\u00e9pess\u00e9g\u0171. Sz\u00e1r\u00edt\u00e1skor megszil\u00e1rdulnak \u00e9s nem vesz\u00edtik el form\u00e1jukat, \u00edgy dekor\u00e1ci\u00f3s c\u00e9lokra alkalmasak. A n\u00f6v\u00e9nyek ak\u00e1r egy m\u00e9ter magass\u00e1got is el\u00e9rhetnek, \u00e9s viszonylag k\u00f6nny\u0171ek maradnak. A chili m\u00e9rs\u00e9kelten f\u0171szerezett, f\u0151z\u00e9shez, f\u0171szerez\u00e9shez, sz\u00e1r\u00edt\u00e1shoz \u00e9s d\u00edsz\u00edt\u00e9shez egyar\u00e1nt haszn\u00e1lhat\u00f3.<\/p>\n<p>Gondoz\u00e1sa: A cs\u00edr\u00e1z\u00e1si h\u0151m\u00e9rs\u00e9klet 20 \u00e9s 28\u00b0C k\u00f6z\u00f6tt van (7-20 napos cs\u00edr\u00e1z\u00e1si id\u0151), ez\u00e9rt \u00fcvegh\u00e1z \u00e9s f\u0171t\u0151sz\u0151nyeg haszn\u00e1lata javasolt. A n\u00f6v\u00e9nyeknek friss, j\u00f3l tr\u00e1gy\u00e1zott, v\u00edz\u00e1tereszt\u0151 talajra van sz\u00fcks\u00e9g\u00fck, nem t\u0171rik a bevizesed\u00e9st. Napos, v\u00e9dett helyre kell \u00fcltetni, ahol legal\u00e1bb 6 \u00f3ra napf\u00e9ny \u2013 lehet\u0151leg t\u00f6bb. Tedd ki a n\u00f6v\u00e9nyeket kb. 2-3 h\u00e9ttel az utols\u00f3 fagy ut\u00e1n.<\/p>\n<p>Capsicum annuum t\u00edpus<br \/>\nF\u0171szeress\u00e9gi fokozat 6-7<br \/>\nScoville 5.000 &#8211; 30.000 SHU<br \/>\noptim\u00e1lis cs\u00edr\u00e1z\u00e1si h\u0151m\u00e9rs\u00e9klet 20 &#8211; 28 \u00b0C<br \/>\nVet\u00e9s febru\u00e1r &#8211; \u00e1pr.<br \/>\nVir\u00e1gok feh\u00e9rek (m\u00e1jus-j\u00falius)<br \/>\nN\u00f6v\u00e9nyn\u00f6veked\u00e9si szok\u00e1s bokros, kb. 100 cm magas, kev\u00e9s lev\u00e9l<br \/>\nZ\u00f6ldt\u0151l narancss\u00e1rg\u00e1n \u00e1t pirosig \u00e9rik<br \/>\nGy\u00fcm\u00f6lcs megjelen\u00e9se kicsi, t\u00f6kszer\u0171, kb. 5 x 6 cm<br \/>\n\u00c9r\u00e9si id\u0151 90-100 nap<br \/>\nSz\u00e1rmaz\u00e1sa USA<\/p>\n<p>A csomag 10 szem magot tartalmaz<\/p>\n","protected":false},"featured_media":25711,"comment_status":"closed","ping_status":"closed","template":"","meta":[],"product_brand":[],"product_cat":[8],"product_tag":[],"class_list":{"0":"post-25710","1":"product","2":"type-product","3":"status-publish","4":"has-post-thumbnail","6":"product_cat-paprika","8":"first","9":"instock","10":"taxable","11":"shipping-taxable","12":"purchasable","13":"product-type-simple"},"_links":{"self":[{"href":"https:\/\/chilimag.hu\/webshop\/wp-json\/wp\/v2\/product\/25710","targetHints":{"allow":["GET"]}}],"collection":[{"href":"https:\/\/chilimag.hu\/webshop\/wp-json\/wp\/v2\/product"}],"about":[{"href":"https:\/\/chilimag.hu\/webshop\/wp-json\/wp\/v2\/types\/product"}],"replies":[{"embeddable":true,"href":"https:\/\/chilimag.hu\/webshop\/wp-json\/wp\/v2\/comments?post=25710"}],"wp:featuredmedia":[{"embeddable":true,"href":"https:\/\/chilimag.hu\/webshop\/wp-json\/wp\/v2\/media\/25711"}],"wp:attachment":[{"href":"https:\/\/chilimag.hu\/webshop\/wp-json\/wp\/v2\/media?parent=25710"}],"wp:term":[{"taxonomy":"product_brand","embeddable":true,"href":"https:\/\/chilimag.hu\/webshop\/wp-json\/wp\/v2\/product_brand?post=25710"},{"taxonomy":"product_cat","embeddable":true,"href":"https:\/\/chilimag.hu\/webshop\/wp-json\/wp\/v2\/product_cat?post=25710"},{"taxonomy":"product_tag","embeddable":true,"href":"https:\/\/chilimag.hu\/webshop\/wp-json\/wp\/v2\/product_tag?post=25710"}],"curies":[{"name":"wp","href":"https:\/\/api.w.org\/{rel}","templated":true}]}}