{"id":25706,"date":"2023-10-13T07:22:44","date_gmt":"2023-10-13T07:22:44","guid":{"rendered":"https:\/\/chilimag.hu\/webshop\/?post_type=product&#038;p=25706"},"modified":"2025-08-11T08:59:27","modified_gmt":"2025-08-11T08:59:27","slug":"macarena","status":"publish","type":"product","link":"https:\/\/chilimag.hu\/webshop\/termek\/macarena\/","title":{"rendered":"Macarena"},"content":{"rendered":"","protected":false},"excerpt":{"rendered":"<p><img decoding=\"async\" src=\"https:\/\/chilimag.hu\/webshop\/wp-content\/uploads\/2014\/11\/chilimag-logo-2-150x150.jpg\" \/><\/p>\n<p>&nbsp;<\/p>\n<p>Le\u00edr\u00e1s<\/p>\n<p>Olaszorsz\u00e1gban hozott l\u00e9tre Mario Dadomo \u00far a p\u00e1rmai Stuard k\u00eds\u00e9rleti farmon.<\/p>\n<p>Mario Dadomo fajta. A bokor kompakt. \u00d6nmaga form\u00e1l\u00f3dik. Magass\u00e1ga 20-30 cm. Az eg\u00e9szet felfel\u00e9 n\u00f6vekv\u0151 g\u00f6nd\u00f6r k\u00fapos term\u00e9sek bor\u00edtj\u00e1k, amelyek teljesen \u00e9retten feket\u00e9t\u0151l cseresznyepirosig \u00e9rnek. Kiv\u00e1l\u00f3 cserepes fajta: sz\u00e9p, term\u00e9keny, ehet\u0151, f\u0171szeres.<\/p>\n<p>\u00c9r\u00e9si ideje 90-100 nap. Frissen, falatosan fogyaszthat\u00f3, valamint tart\u00f3s\u00edt\u00e1sra, sz\u00e1r\u00edt\u00e1sra. A fajta dekorat\u00edv megjelen\u00e9se \u00e9s gy\u00fcm\u00f6lcs\u00edze miatt tetszett. Febru\u00e1r v\u00e9g\u00e9n pal\u00e1nt\u00e1k vet\u00e9se.<\/p>\n<p>Faj: capsicum annuum (z\u00f6lds\u00e9gpaprika).<br \/>\n\u00cdz: 5000-30 000 a Scoville-sk\u00e1la szerint. M\u00e9rs\u00e9keltt\u0151l k\u00f6zepesig.<\/p>\n<p>Gondoz\u00e1sa:A cs\u00edr\u00e1z\u00e1si h\u0151m\u00e9rs\u00e9klet 20\u00b0C \u00e9s 28\u00b0C k\u00f6z\u00f6tt van (cs\u00edr\u00e1z\u00e1si id\u0151: 8-21 nap); ez\u00e9rt \u00fcvegh\u00e1z \u00e9s f\u0171t\u0151sz\u0151nyeg haszn\u00e1lata javasolt. A n\u00f6v\u00e9nyeknek friss, j\u00f3l tr\u00e1gy\u00e1zott, v\u00edz\u00e1tereszt\u0151 talajra van sz\u00fcks\u00e9g\u00fck, nem t\u0171rik a bevizesed\u00e9st. Napos, v\u00e9dett helyre kell \u00fcltetni, ahol legal\u00e1bb 6 \u00f3ra napf\u00e9ny \u2013 lehet\u0151leg t\u00f6bb. Tedd ki a n\u00f6v\u00e9nyeket kb. 2-3 h\u00e9ttel az utols\u00f3 fagy ut\u00e1n. Ahhoz, hogy a n\u00f6v\u00e9nyt t\u00e9len is meg\u0151rizze, betakar\u00edt\u00e1s ut\u00e1n v\u00e1gja vissza 20 cm-rel, \u00e9s tegye vil\u00e1gos helyre, ahol legal\u00e1bb 15\u00b0C h\u0151m\u00e9rs\u00e9klet\u0171.<\/p>\n<p>A csomag 10 szem magot tartalmaz.<\/p>\n","protected":false},"featured_media":25707,"comment_status":"closed","ping_status":"closed","template":"","meta":[],"product_brand":[],"product_cat":[8],"product_tag":[],"class_list":{"0":"post-25706","1":"product","2":"type-product","3":"status-publish","4":"has-post-thumbnail","6":"product_cat-paprika","8":"first","9":"instock","10":"taxable","11":"shipping-taxable","12":"purchasable","13":"product-type-simple"},"_links":{"self":[{"href":"https:\/\/chilimag.hu\/webshop\/wp-json\/wp\/v2\/product\/25706","targetHints":{"allow":["GET"]}}],"collection":[{"href":"https:\/\/chilimag.hu\/webshop\/wp-json\/wp\/v2\/product"}],"about":[{"href":"https:\/\/chilimag.hu\/webshop\/wp-json\/wp\/v2\/types\/product"}],"replies":[{"embeddable":true,"href":"https:\/\/chilimag.hu\/webshop\/wp-json\/wp\/v2\/comments?post=25706"}],"wp:featuredmedia":[{"embeddable":true,"href":"https:\/\/chilimag.hu\/webshop\/wp-json\/wp\/v2\/media\/25707"}],"wp:attachment":[{"href":"https:\/\/chilimag.hu\/webshop\/wp-json\/wp\/v2\/media?parent=25706"}],"wp:term":[{"taxonomy":"product_brand","embeddable":true,"href":"https:\/\/chilimag.hu\/webshop\/wp-json\/wp\/v2\/product_brand?post=25706"},{"taxonomy":"product_cat","embeddable":true,"href":"https:\/\/chilimag.hu\/webshop\/wp-json\/wp\/v2\/product_cat?post=25706"},{"taxonomy":"product_tag","embeddable":true,"href":"https:\/\/chilimag.hu\/webshop\/wp-json\/wp\/v2\/product_tag?post=25706"}],"curies":[{"name":"wp","href":"https:\/\/api.w.org\/{rel}","templated":true}]}}