{"id":25694,"date":"2023-10-09T06:44:32","date_gmt":"2023-10-09T06:44:32","guid":{"rendered":"https:\/\/chilimag.hu\/webshop\/?post_type=product&#038;p=25694"},"modified":"2024-01-28T21:05:30","modified_gmt":"2024-01-28T21:05:30","slug":"rozsatovis-leszedo-csipesz-gt-212","status":"publish","type":"product","link":"https:\/\/chilimag.hu\/webshop\/termek\/rozsatovis-leszedo-csipesz-gt-212\/","title":{"rendered":"R\u00f3zsat\u00f6vis leszed\u0151 csipesz (GT 212)"},"content":{"rendered":"","protected":false},"excerpt":{"rendered":"<p>K\u00f6nnyen kezelhet\u0151 \u00e9s praktikus kert\u00e9szeti eszk\u00f6z, amellyel k\u00f6nnyen elt\u00e1vol\u00edthat\u00f3 a r\u00f3zs\u00e1k t\u00fcsk\u00e9je. Ez\u00e1ltal megv\u00e9di kezeinket, r\u00e1ad\u00e1sul nem csak a r\u00f3zs\u00e1kra vonatkoz\u00f3lag lehet haszn\u00e1lni, hiszen b\u00e1rmely n\u00f6v\u00e9nyr\u0151l leszedi a felesleges leveleket.<\/p>\n","protected":false},"featured_media":25695,"comment_status":"closed","ping_status":"closed","template":"","meta":[],"product_brand":[],"product_cat":[394],"product_tag":[],"class_list":{"0":"post-25694","1":"product","2":"type-product","3":"status-publish","4":"has-post-thumbnail","6":"product_cat-kerti-szerszamok","8":"first","9":"instock","10":"taxable","11":"shipping-taxable","12":"purchasable","13":"product-type-simple"},"_links":{"self":[{"href":"https:\/\/chilimag.hu\/webshop\/wp-json\/wp\/v2\/product\/25694","targetHints":{"allow":["GET"]}}],"collection":[{"href":"https:\/\/chilimag.hu\/webshop\/wp-json\/wp\/v2\/product"}],"about":[{"href":"https:\/\/chilimag.hu\/webshop\/wp-json\/wp\/v2\/types\/product"}],"replies":[{"embeddable":true,"href":"https:\/\/chilimag.hu\/webshop\/wp-json\/wp\/v2\/comments?post=25694"}],"wp:featuredmedia":[{"embeddable":true,"href":"https:\/\/chilimag.hu\/webshop\/wp-json\/wp\/v2\/media\/25695"}],"wp:attachment":[{"href":"https:\/\/chilimag.hu\/webshop\/wp-json\/wp\/v2\/media?parent=25694"}],"wp:term":[{"taxonomy":"product_brand","embeddable":true,"href":"https:\/\/chilimag.hu\/webshop\/wp-json\/wp\/v2\/product_brand?post=25694"},{"taxonomy":"product_cat","embeddable":true,"href":"https:\/\/chilimag.hu\/webshop\/wp-json\/wp\/v2\/product_cat?post=25694"},{"taxonomy":"product_tag","embeddable":true,"href":"https:\/\/chilimag.hu\/webshop\/wp-json\/wp\/v2\/product_tag?post=25694"}],"curies":[{"name":"wp","href":"https:\/\/api.w.org\/{rel}","templated":true}]}}