{"id":25675,"date":"2023-10-08T16:39:38","date_gmt":"2023-10-08T16:39:38","guid":{"rendered":"https:\/\/chilimag.hu\/webshop\/?post_type=product&#038;p=25675"},"modified":"2025-08-11T15:35:43","modified_gmt":"2025-08-11T15:35:43","slug":"paradicsom-sandoline-f1","status":"publish","type":"product","link":"https:\/\/chilimag.hu\/webshop\/termek\/paradicsom-sandoline-f1\/","title":{"rendered":"Sandoline F1 Paradicsom"},"content":{"rendered":"","protected":false},"excerpt":{"rendered":"<p><img decoding=\"async\" src=\"https:\/\/co1.qualtrics.com\/WRQualtricsSiteIntercept\/Graphic.php?IM=IM_bQUw8DsKViwtTiB\" \/><\/p>\n<p>&nbsp;<\/p>\n<p>Le\u00edr\u00e1s<\/p>\n<p>Paradicsommag \u00a0Sandoline F1 hat\u00e1rozatlan n\u00f6veked\u00e9st \u00e9s f\u00e9l korai \u00e9retts\u00e9get mutatnak.A Sandoline egy hibrid, amely figyelemre m\u00e9lt\u00f3 a korai id\u0151szak sikeres kombin\u00e1ci\u00f3ja a termelt min\u0151s\u00e9ggel \u00e9s mindenekel\u0151tt a mennyis\u00e9ggel.<br \/>\nA gy\u00fcm\u00f6lcs\u00f6k \u00e1tlagos t\u00f6mege 180-200 g. Az \u00fczem er\u0151s \u00e9s nagy, egyenletes \u00e9s \u00e1lland\u00f3 termel\u00e9st biztos\u00edt. Gy\u00fcm\u00f6lcse kerek\/g\u00f6mb\u00f6ly\u0171, \u00edze kiv\u00e1l\u00f3, sz\u00edne intenz\u00edv \u00e9s ragyog\u00f3.<br \/>\nA n\u00f6v\u00e9nyek toleranci\u00e1t mutatnak a bronzfoltok v\u00edrus\u00e1val (TSWV) szemben<br \/>\nK\u00fcl\u00f6n\u00f6sen korai \u00e9letkor hibridje.<br \/>\nT\u0170R\u00c9SEK : HR = ToMV: 02 \/ TMV: 0 \/ Fol: 01 \/ Vd \/ Va \/ Ff: 15<br \/>\nTSWV \/ Mi \/ Ma \/ Mj \/ IR = TYLCV<\/p>\n<p>Gondoz\u00e1sa: A\u00a0paradicsomot, \u00fcvegh\u00e1zban vagy a szabadban termesztheti. Az optim\u00e1lis cs\u00edr\u00e1z\u00e1si h\u0151m\u00e9rs\u00e9klet 20 \u00e9s 25\u00b0C k\u00f6z\u00f6tt van, a cs\u00edr\u00e1z\u00e1s 8-14 nap ut\u00e1n k\u00f6vetkezik be. Felgyors\u00edthatja a cs\u00edr\u00e1z\u00e1si folyamatot, ha a magokat egy \u00e9jszak\u00e1n \u00e1t nedves ruh\u00e1ban hagyja \u00e1zni. V\u00e1rjon az utols\u00f3 fagy ut\u00e1n a kiv\u00e1lasztott n\u00f6v\u00e9nyek \u00fcltet\u00e9s\u00e9vel.<\/p>\n<p>A paradicsomnak friss, j\u00f3l tr\u00e1gy\u00e1zott, v\u00edz\u00e1tereszt\u0151 talajra van sz\u00fcks\u00e9ge, amelyet nedvesen (de nem nedvesen!) kell tartani. Napos, v\u00e9dett helyre \u00fcltess\u00fck, ahol legal\u00e1bb 6 \u00f3ra \u2013 lehet\u0151leg t\u00f6bb napf\u00e9ny \u00e9ri.<\/p>\n<p>&nbsp;<\/p>\n<p>A csomag 10 szem magot tartalmaz.<\/p>\n","protected":false},"featured_media":25677,"comment_status":"closed","ping_status":"closed","template":"","meta":[],"product_brand":[],"product_cat":[10],"product_tag":[],"class_list":{"0":"post-25675","1":"product","2":"type-product","3":"status-publish","4":"has-post-thumbnail","6":"product_cat-paradicsom","8":"first","9":"instock","10":"taxable","11":"shipping-taxable","12":"purchasable","13":"product-type-simple"},"_links":{"self":[{"href":"https:\/\/chilimag.hu\/webshop\/wp-json\/wp\/v2\/product\/25675","targetHints":{"allow":["GET"]}}],"collection":[{"href":"https:\/\/chilimag.hu\/webshop\/wp-json\/wp\/v2\/product"}],"about":[{"href":"https:\/\/chilimag.hu\/webshop\/wp-json\/wp\/v2\/types\/product"}],"replies":[{"embeddable":true,"href":"https:\/\/chilimag.hu\/webshop\/wp-json\/wp\/v2\/comments?post=25675"}],"wp:featuredmedia":[{"embeddable":true,"href":"https:\/\/chilimag.hu\/webshop\/wp-json\/wp\/v2\/media\/25677"}],"wp:attachment":[{"href":"https:\/\/chilimag.hu\/webshop\/wp-json\/wp\/v2\/media?parent=25675"}],"wp:term":[{"taxonomy":"product_brand","embeddable":true,"href":"https:\/\/chilimag.hu\/webshop\/wp-json\/wp\/v2\/product_brand?post=25675"},{"taxonomy":"product_cat","embeddable":true,"href":"https:\/\/chilimag.hu\/webshop\/wp-json\/wp\/v2\/product_cat?post=25675"},{"taxonomy":"product_tag","embeddable":true,"href":"https:\/\/chilimag.hu\/webshop\/wp-json\/wp\/v2\/product_tag?post=25675"}],"curies":[{"name":"wp","href":"https:\/\/api.w.org\/{rel}","templated":true}]}}