{"id":25594,"date":"2023-09-15T18:45:54","date_gmt":"2023-09-15T18:45:54","guid":{"rendered":"https:\/\/chilimag.hu\/webshop\/?post_type=product&#038;p=25594"},"modified":"2026-05-06T17:03:20","modified_gmt":"2026-05-06T17:03:20","slug":"tok-jack-be-little-z-s-sl","status":"publish","type":"product","link":"https:\/\/chilimag.hu\/webshop\/termek\/tok-jack-be-little-z-s-sl\/","title":{"rendered":"T\u00f6k Jack Be Little Z.S SL"},"content":{"rendered":"","protected":false},"excerpt":{"rendered":"<p><img decoding=\"async\" class=\"logo\" src=\"https:\/\/b2b.seklos.lt\/themes\/warehouse\/img\/logo_en.png\" alt=\"Agrofirma S\u0117klos, UAB\" \/><\/p>\n<p>Ez egy k\u00fasz\u00f3 sz\u00e1r\u00fa fajta. Egy n\u00f6v\u00e9ny k\u00f6r\u00fclbel\u00fcl 7-10 apr\u00f3, dekorat\u00edv s\u00fct\u0151t\u00f6k\u00f6t terem. Gy\u00fcm\u00f6lcsei kerekek, laposak, bord\u00e1zottak, narancsh\u00e9j\u00faak, t\u00f6meg\u00fck 150-350 g. Nemcsak dekor\u00e1ci\u00f3nak, hanem f\u0151z\u00e9shez is haszn\u00e1lhat\u00f3k \u2013 lehet p\u00e1rolni, s\u00fctni vagy t\u00f6lteni. Kor\u00e1bbi betakar\u00edt\u00e1shoz pal\u00e1nt\u00e1kb\u00f3l termesztj\u00fck.<\/p>\n<p>Egy csomagban l\u00e9v\u0151 mennyis\u00e9g 1 g<br \/>\nMagok sz\u00e1ma grammonk\u00e9nt 10-15<br \/>\nSz\u00fcret VIII-IX<br \/>\nTerm\u0151f\u00f6ld<br \/>\nVet\u00e9sid\u0151 a talajban V-VI, 3-5 cm<br \/>\nA pal\u00e1nt\u00e1k vet\u00e9si ideje IV, 3-5 cm<br \/>\nGy\u00e1rt\u00f3 \u017dalia stotel\u0117<br \/>\nT\u00e1vols\u00e1gok, cm V-VI,100&#215;100 cm<\/p>\n","protected":false},"featured_media":25595,"comment_status":"closed","ping_status":"closed","template":"","meta":[],"product_brand":[],"product_cat":[420],"product_tag":[],"class_list":{"0":"post-25594","1":"product","2":"type-product","3":"status-publish","4":"has-post-thumbnail","6":"product_cat-dinnye-es-tok-vetomagok-zalia-stotele","8":"first","9":"instock","10":"taxable","11":"shipping-taxable","12":"purchasable","13":"product-type-simple"},"_links":{"self":[{"href":"https:\/\/chilimag.hu\/webshop\/wp-json\/wp\/v2\/product\/25594","targetHints":{"allow":["GET"]}}],"collection":[{"href":"https:\/\/chilimag.hu\/webshop\/wp-json\/wp\/v2\/product"}],"about":[{"href":"https:\/\/chilimag.hu\/webshop\/wp-json\/wp\/v2\/types\/product"}],"replies":[{"embeddable":true,"href":"https:\/\/chilimag.hu\/webshop\/wp-json\/wp\/v2\/comments?post=25594"}],"wp:featuredmedia":[{"embeddable":true,"href":"https:\/\/chilimag.hu\/webshop\/wp-json\/wp\/v2\/media\/25595"}],"wp:attachment":[{"href":"https:\/\/chilimag.hu\/webshop\/wp-json\/wp\/v2\/media?parent=25594"}],"wp:term":[{"taxonomy":"product_brand","embeddable":true,"href":"https:\/\/chilimag.hu\/webshop\/wp-json\/wp\/v2\/product_brand?post=25594"},{"taxonomy":"product_cat","embeddable":true,"href":"https:\/\/chilimag.hu\/webshop\/wp-json\/wp\/v2\/product_cat?post=25594"},{"taxonomy":"product_tag","embeddable":true,"href":"https:\/\/chilimag.hu\/webshop\/wp-json\/wp\/v2\/product_tag?post=25594"}],"curies":[{"name":"wp","href":"https:\/\/api.w.org\/{rel}","templated":true}]}}