{"id":25586,"date":"2023-09-15T18:34:26","date_gmt":"2023-09-15T18:34:26","guid":{"rendered":"https:\/\/chilimag.hu\/webshop\/?post_type=product&#038;p=25586"},"modified":"2024-12-19T05:01:19","modified_gmt":"2024-12-19T05:01:19","slug":"bab-michelet-a-longue-cosse-agr-sl","status":"publish","type":"product","link":"https:\/\/chilimag.hu\/webshop\/termek\/bab-michelet-a-longue-cosse-agr-sl\/","title":{"rendered":"Bab Michelet \u00e1 longue cosse AGR SL"},"content":{"rendered":"","protected":false},"excerpt":{"rendered":"<p><img decoding=\"async\" class=\"logo\" src=\"https:\/\/b2b.seklos.lt\/themes\/warehouse\/img\/logo_en.png\" alt=\"Agrofirma S\u0117klos, UAB\" \/>\u00a0MICHELET \u00c0 LONGUE COSSE<br \/>\nKorai, nagyon magas hozam\u00fa h\u00e9jas babfajta. A n\u00f6v\u00e9nyek k\u00f6r\u00fclbel\u00fcl 50 cm magasak. A h\u00fcvelyek z\u00f6ldek, nagyok. Feh\u00e9r magvak. A fajta ellen\u00e1ll a h\u0151nek.<\/p>\n<p>Kiszerel\u00e9s egy csomagban 8 g<br \/>\nMagok sz\u00e1ma grammonk\u00e9nt 1-3<br \/>\nSz\u00fcret VII\u2013IX<br \/>\nNapos hely Igen<br \/>\nVet\u00e9sid\u0151 a talajban V\u2013VI, 4 cm<br \/>\nGy\u00e1rt\u00f3 Agronom<br \/>\nT\u00e1vols\u00e1gok, cm 40 x 10 cm<\/p>\n","protected":false},"featured_media":25587,"comment_status":"closed","ping_status":"closed","template":"","meta":[],"product_brand":[],"product_cat":[399],"product_tag":[],"class_list":{"0":"post-25586","1":"product","2":"type-product","3":"status-publish","4":"has-post-thumbnail","6":"product_cat-huvelyesek-vetomagok-agronom","8":"first","9":"instock","10":"taxable","11":"shipping-taxable","12":"purchasable","13":"product-type-simple"},"_links":{"self":[{"href":"https:\/\/chilimag.hu\/webshop\/wp-json\/wp\/v2\/product\/25586","targetHints":{"allow":["GET"]}}],"collection":[{"href":"https:\/\/chilimag.hu\/webshop\/wp-json\/wp\/v2\/product"}],"about":[{"href":"https:\/\/chilimag.hu\/webshop\/wp-json\/wp\/v2\/types\/product"}],"replies":[{"embeddable":true,"href":"https:\/\/chilimag.hu\/webshop\/wp-json\/wp\/v2\/comments?post=25586"}],"wp:featuredmedia":[{"embeddable":true,"href":"https:\/\/chilimag.hu\/webshop\/wp-json\/wp\/v2\/media\/25587"}],"wp:attachment":[{"href":"https:\/\/chilimag.hu\/webshop\/wp-json\/wp\/v2\/media?parent=25586"}],"wp:term":[{"taxonomy":"product_brand","embeddable":true,"href":"https:\/\/chilimag.hu\/webshop\/wp-json\/wp\/v2\/product_brand?post=25586"},{"taxonomy":"product_cat","embeddable":true,"href":"https:\/\/chilimag.hu\/webshop\/wp-json\/wp\/v2\/product_cat?post=25586"},{"taxonomy":"product_tag","embeddable":true,"href":"https:\/\/chilimag.hu\/webshop\/wp-json\/wp\/v2\/product_tag?post=25586"}],"curies":[{"name":"wp","href":"https:\/\/api.w.org\/{rel}","templated":true}]}}