{"id":25584,"date":"2023-09-15T18:27:16","date_gmt":"2023-09-15T18:27:16","guid":{"rendered":"https:\/\/chilimag.hu\/webshop\/?post_type=product&#038;p=25584"},"modified":"2025-08-20T14:04:13","modified_gmt":"2025-08-20T14:04:13","slug":"uborka-marketer-agr-sl","status":"publish","type":"product","link":"https:\/\/chilimag.hu\/webshop\/termek\/uborka-marketer-agr-sl\/","title":{"rendered":"Uborka Marketer AGR SL"},"content":{"rendered":"","protected":false},"excerpt":{"rendered":"<p><img decoding=\"async\" class=\"logo\" src=\"https:\/\/b2b.seklos.lt\/themes\/warehouse\/img\/logo_en.png\" alt=\"Agrofirma S\u0117klos, UAB\" \/><\/p>\n<p>K\u00f6z\u00e9pkorai sal\u00e1ta t\u00edpus\u00fa fajta. A veget\u00e1ci\u00f3s id\u0151szak 60 nap. Gy\u00fcm\u00f6lcsei sima h\u00e9j\u00faak, legfeljebb 15 cm hossz\u00faak. Szabadban \u00e9s \u00fcvegh\u00e1zakban termesztik. Friss fogyaszt\u00e1sra vagy bef\u0151z\u00e9sre.<\/p>\n<p>Mennyis\u00e9g kiszerel\u00e9sben 0,5g<br \/>\nMagok sz\u00e1ma grammonk\u00e9nt 35-50<br \/>\nSz\u00fcret VI\u2013IX<br \/>\nNapos hely Igen<br \/>\nVet\u00e9sid\u0151 a talajban V-VI, 1-2 cm<br \/>\nA pal\u00e1nt\u00e1k vet\u00e9si ideje IV, 1-2 cm<br \/>\nGy\u00e1rt\u00f3 Agronom<br \/>\nT\u00e1vols\u00e1gok, cm V-VI 80&#215;20 cm<\/p>\n","protected":false},"featured_media":25585,"comment_status":"closed","ping_status":"closed","template":"","meta":[],"product_brand":[],"product_cat":[404],"product_tag":[],"class_list":{"0":"post-25584","1":"product","2":"type-product","3":"status-publish","4":"has-post-thumbnail","6":"product_cat-uborka-es-padlizsan-vetomagok-agronom","8":"first","9":"instock","10":"taxable","11":"shipping-taxable","12":"purchasable","13":"product-type-simple"},"_links":{"self":[{"href":"https:\/\/chilimag.hu\/webshop\/wp-json\/wp\/v2\/product\/25584","targetHints":{"allow":["GET"]}}],"collection":[{"href":"https:\/\/chilimag.hu\/webshop\/wp-json\/wp\/v2\/product"}],"about":[{"href":"https:\/\/chilimag.hu\/webshop\/wp-json\/wp\/v2\/types\/product"}],"replies":[{"embeddable":true,"href":"https:\/\/chilimag.hu\/webshop\/wp-json\/wp\/v2\/comments?post=25584"}],"wp:featuredmedia":[{"embeddable":true,"href":"https:\/\/chilimag.hu\/webshop\/wp-json\/wp\/v2\/media\/25585"}],"wp:attachment":[{"href":"https:\/\/chilimag.hu\/webshop\/wp-json\/wp\/v2\/media?parent=25584"}],"wp:term":[{"taxonomy":"product_brand","embeddable":true,"href":"https:\/\/chilimag.hu\/webshop\/wp-json\/wp\/v2\/product_brand?post=25584"},{"taxonomy":"product_cat","embeddable":true,"href":"https:\/\/chilimag.hu\/webshop\/wp-json\/wp\/v2\/product_cat?post=25584"},{"taxonomy":"product_tag","embeddable":true,"href":"https:\/\/chilimag.hu\/webshop\/wp-json\/wp\/v2\/product_tag?post=25584"}],"curies":[{"name":"wp","href":"https:\/\/api.w.org\/{rel}","templated":true}]}}