{"id":25580,"date":"2023-09-15T18:22:26","date_gmt":"2023-09-15T18:22:26","guid":{"rendered":"https:\/\/chilimag.hu\/webshop\/?post_type=product&#038;p=25580"},"modified":"2024-07-16T04:48:55","modified_gmt":"2024-07-16T04:48:55","slug":"magas-agyas-barna-fem-300x100x20cm-sl","status":"publish","type":"product","link":"https:\/\/chilimag.hu\/webshop\/termek\/magas-agyas-barna-fem-300x100x20cm-sl\/","title":{"rendered":"Magas\u00e1gy\u00e1s barna, f\u00e9m 300X100X20CM SL"},"content":{"rendered":"","protected":false},"excerpt":{"rendered":"<p>Magas\u00edtott f\u00e9m \u00e1gy, barna, 300x100x20cm. A magas\u00edtott \u00e1gy sokkal tov\u00e1bb b\u00edrja, mint a fa deszk\u00e1b\u00f3l k\u00e9sz\u00fclt \u00e1gy, mert korr\u00f3zi\u00f3\u00e1ll\u00f3, \u00e9s nem kell t\u00e9len v\u00e9deni.<br \/>\nAz ac\u00e9l\u00e1gy el\u0151nyei a k\u00f6vetkez\u0151k:<br \/>\n\u2022 A f\u00e9mfel\u00fclet nem alkalmas gomb\u00e1k \u00e9s egy\u00e9b kerti k\u00e1rtev\u0151k fejl\u0151d\u00e9s\u00e9re. Ez a funkci\u00f3 k\u00fcl\u00f6n\u00f6sen el\u0151ny\u00f6s lesz azoknak a kert\u00e9szeknek, akik ezt az \u00e1gyat az \u00fcvegh\u00e1zban haszn\u00e1lj\u00e1k.<br \/>\n\u2022 A gy\u00e1rilag gy\u00e1rtott \u00e1gyszerkezet k\u00f6nnyen sz\u00e9tszedhet\u0151, \u00edgy a term\u00e9k mozg\u00e9kony.<br \/>\nA telep\u00edt\u00e9s \u00e9s a sz\u00e9tszerel\u00e9s nagyon gyors \u00e9s egyszer\u0171. Az \u00e1gy sz\u00fcks\u00e9g eset\u00e9n egyik helyr\u0151l a m\u00e1sikra mozgathat\u00f3<br \/>\n\u2022 Az \u00e1gy kisebb s\u00faly\u00e1nak k\u00f6sz\u00f6nhet\u0151en \u00f6n\u00e1ll\u00f3an \u00f6sszeszerelhet\u0151. Egy ember el\u00e9g a feladat elv\u00e9gz\u00e9s\u00e9re<br \/>\nAz \u00e1gyak haszn\u00e1lat\u00e1nak f\u0151 el\u0151nyei a k\u00f6vetkez\u0151k:<br \/>\n\u2022 A vitaminok \u00e9s a m\u0171tr\u00e1gy\u00e1k k\u00f6zvetlen\u00fcl a talajba ker\u00fclnek<br \/>\n\u2022 A talaj nem mos\u00f3dik le, \u00e9s az \u00e1gy\u00e1s sz\u00e9lei sem mozdulnak el<\/p>\n","protected":false},"featured_media":25581,"comment_status":"closed","ping_status":"closed","template":"","meta":[],"product_brand":[],"product_cat":[336],"product_tag":[],"class_list":{"0":"post-25580","1":"product","2":"type-product","3":"status-publish","4":"has-post-thumbnail","6":"product_cat-vetotalcak-ulteto-cserepek-es-palanta-nevelok","8":"first","9":"instock","10":"taxable","11":"shipping-taxable","12":"purchasable","13":"product-type-simple"},"_links":{"self":[{"href":"https:\/\/chilimag.hu\/webshop\/wp-json\/wp\/v2\/product\/25580","targetHints":{"allow":["GET"]}}],"collection":[{"href":"https:\/\/chilimag.hu\/webshop\/wp-json\/wp\/v2\/product"}],"about":[{"href":"https:\/\/chilimag.hu\/webshop\/wp-json\/wp\/v2\/types\/product"}],"replies":[{"embeddable":true,"href":"https:\/\/chilimag.hu\/webshop\/wp-json\/wp\/v2\/comments?post=25580"}],"wp:featuredmedia":[{"embeddable":true,"href":"https:\/\/chilimag.hu\/webshop\/wp-json\/wp\/v2\/media\/25581"}],"wp:attachment":[{"href":"https:\/\/chilimag.hu\/webshop\/wp-json\/wp\/v2\/media?parent=25580"}],"wp:term":[{"taxonomy":"product_brand","embeddable":true,"href":"https:\/\/chilimag.hu\/webshop\/wp-json\/wp\/v2\/product_brand?post=25580"},{"taxonomy":"product_cat","embeddable":true,"href":"https:\/\/chilimag.hu\/webshop\/wp-json\/wp\/v2\/product_cat?post=25580"},{"taxonomy":"product_tag","embeddable":true,"href":"https:\/\/chilimag.hu\/webshop\/wp-json\/wp\/v2\/product_tag?post=25580"}],"curies":[{"name":"wp","href":"https:\/\/api.w.org\/{rel}","templated":true}]}}