{"id":25572,"date":"2023-09-15T17:45:40","date_gmt":"2023-09-15T17:45:40","guid":{"rendered":"https:\/\/chilimag.hu\/webshop\/?post_type=product&#038;p=25572"},"modified":"2026-03-08T00:15:46","modified_gmt":"2026-03-08T00:15:46","slug":"soska-belleville-z-s-sl","status":"publish","type":"product","link":"https:\/\/chilimag.hu\/webshop\/termek\/soska-belleville-z-s-sl\/","title":{"rendered":"S\u00f3ska Belleville Z.S SL"},"content":{"rendered":"","protected":false},"excerpt":{"rendered":"<p><img decoding=\"async\" class=\"active-logo\" src=\"https:\/\/b2b.seklos.lt\/themes\/warehouse\/img\/logo_en.png\" alt=\"Agrofirma S\u0117klos, UAB\" width=\"280\" height=\"95\" \/><\/p>\n<p>Talajra nem ig\u00e9nyes \u00e9vel\u0151, fagy- \u00e9s sz\u00e1razs\u00e1gt\u0171r\u0151 leveles z\u00f6lds\u00e9g. A cs\u00edr\u00e1z\u00e1st\u00f3l az els\u0151 betakar\u00edt\u00e1sig eltelt id\u0151szak: 45-50 nap. \u00c1rny\u00e9kban termeszthet\u0151. Legjobban + 13-18 \u00b0C h\u0151m\u00e9rs\u00e9kleten fejl\u0151dik. A legnagyobb term\u00e9s a m\u00e1sodik \u00e9s a harmadik termeszt\u00e9si \u00e9vben v\u00e1rhat\u00f3. A fiatal leveleket \u00e9tkez\u00e9sre fogyasztj\u00e1k.<\/p>\n<p>Kiszerel\u00e9s egy csomagban 3 g<br \/>\nMagok sz\u00e1ma grammonk\u00e9nt 800<br \/>\nSz\u00fcret IV-IX<br \/>\nVet\u00e9sid\u0151 a talajban IV-V, VIII,1-2 cm<br \/>\nGy\u00e1rt\u00f3 \u017dalia stotel\u0117<br \/>\nT\u00e1vols\u00e1gok, cm 20&#215;5 cm<\/p>\n","protected":false},"featured_media":25573,"comment_status":"closed","ping_status":"closed","template":"","meta":[],"product_brand":[],"product_cat":[357],"product_tag":[],"class_list":{"0":"post-25572","1":"product","2":"type-product","3":"status-publish","4":"has-post-thumbnail","6":"product_cat-retek-salata-es-levelzoldseg-vetomagok","8":"first","9":"instock","10":"taxable","11":"shipping-taxable","12":"purchasable","13":"product-type-simple"},"_links":{"self":[{"href":"https:\/\/chilimag.hu\/webshop\/wp-json\/wp\/v2\/product\/25572","targetHints":{"allow":["GET"]}}],"collection":[{"href":"https:\/\/chilimag.hu\/webshop\/wp-json\/wp\/v2\/product"}],"about":[{"href":"https:\/\/chilimag.hu\/webshop\/wp-json\/wp\/v2\/types\/product"}],"replies":[{"embeddable":true,"href":"https:\/\/chilimag.hu\/webshop\/wp-json\/wp\/v2\/comments?post=25572"}],"wp:featuredmedia":[{"embeddable":true,"href":"https:\/\/chilimag.hu\/webshop\/wp-json\/wp\/v2\/media\/25573"}],"wp:attachment":[{"href":"https:\/\/chilimag.hu\/webshop\/wp-json\/wp\/v2\/media?parent=25572"}],"wp:term":[{"taxonomy":"product_brand","embeddable":true,"href":"https:\/\/chilimag.hu\/webshop\/wp-json\/wp\/v2\/product_brand?post=25572"},{"taxonomy":"product_cat","embeddable":true,"href":"https:\/\/chilimag.hu\/webshop\/wp-json\/wp\/v2\/product_cat?post=25572"},{"taxonomy":"product_tag","embeddable":true,"href":"https:\/\/chilimag.hu\/webshop\/wp-json\/wp\/v2\/product_tag?post=25572"}],"curies":[{"name":"wp","href":"https:\/\/api.w.org\/{rel}","templated":true}]}}