{"id":25561,"date":"2023-09-14T06:39:42","date_gmt":"2023-09-14T06:39:42","guid":{"rendered":"https:\/\/chilimag.hu\/webshop\/?post_type=product&#038;p=25561"},"modified":"2025-06-09T17:23:58","modified_gmt":"2025-06-09T17:23:58","slug":"nyari-viragfold-16-l-sl","status":"publish","type":"product","link":"https:\/\/chilimag.hu\/webshop\/termek\/nyari-viragfold-16-l-sl\/","title":{"rendered":"Ny\u00e1ri vir\u00e1gokhoz vir\u00e1gf\u00f6ld 16 L AGR  SL"},"content":{"rendered":"","protected":false},"excerpt":{"rendered":"<p>TALAJ \u201eIR\u00c1NY\u00cdT\u00c1S\u201d<br \/>\nUniverz\u00e1lis talaj, amely alkalmas vir\u00e1gmagok cs\u00edr\u00e1ztat\u00e1s\u00e1ra, vir\u00e1gcs\u00edr\u00e1k szapor\u00edt\u00e1s\u00e1ra \u00e9s termeszt\u00e9s\u00e9re, vir\u00e1gok, leveles \u00e9s egy\u00e9b belt\u00e9ri n\u00f6v\u00e9nyek termeszt\u00e9s\u00e9re \u00e9s \u00fajra\u00fcltet\u00e9s\u00e9re, akaszt\u00f3s \u00e9s k\u00fclt\u00e9ri cserepek, balkont\u00e1lc\u00e1k, baromfi \u00e9s csom\u00f3k t\u00f6lt\u00e9s\u00e9re, form\u00e1z\u00e1s\u00e1ra parterek \u00e9s fogaskertek, s\u00edrok kiv\u00e1g\u00e1s\u00e1ra, talajd\u00fas\u00edt\u00e1sra, talajjav\u00edt\u00e1sra is.<\/p>\n<p style=\"font-weight: 400;\">Bejelenthet\u0151 min\u0151s\u00e9gi mutat\u00f3k: pHkcr 5,5-6,5, elektromos vezet\u0151k\u00e9pess\u00e9g (EC)-1,3 mS\/cm, szerves anyag-88%, \u00f6sszes nitrog\u00e9n (N)0,2%, \u00f6sszes foszfor (P203) 0,07%, \u00f6sszes k\u00e1lium (K2O) 0,08%, p\u00e1ratartalom-max 65%.<\/p>\n<p style=\"font-weight: 400;\">Nyersanyagok: k\u00fcl\u00f6nb\u00f6z\u0151 t\u00edpus\u00fa t\u0151zeg, \u00e1llati eredet\u0171 szerves tr\u00e1gy\u00e1k, \u00e1sv\u00e1nyi m\u0171tr\u00e1gy\u00e1k, m\u00e9szk\u0151liszt, nedves\u00edt\u0151szer \u00e9s perlit.<\/p>\n<p style=\"font-weight: 400;\">Haszn\u00e1lata: a vir\u00e1gcserepek (\u00fcltetv\u00e9nytart\u00f3k, vir\u00e1gl\u00e1d\u00e1k, kerek vir\u00e1g\u00e1gy\u00e1sok) \u00fcres ter\u00e9t t\u00f6ltse fel f\u00f6lddel, \u00fcltessen n\u00f6v\u00e9nyeket, z\u00e1rja le a talajt a n\u00f6v\u00e9nyek k\u00f6r\u00fcl, b\u0151 v\u00edzzel meglocsolja, vir\u00e1gpal\u00e1nt\u00e1k \u00fcltet\u00e9se a talajba-1-2 L az \u00fcltet\u0151g\u00f6d\u00f6rben, a n\u00f6v\u00e9nyek kieg\u00e9sz\u00edt\u0151 tr\u00e1gy\u00e1z\u00e1sa a veget\u00e1ci\u00f3 alatt-0,5L \/ n\u00f6v\u00e9ny vagy 2 L\/m2, talajtakar\u00e1s-2 cm-es r\u00e9tegben.<\/p>\n<p style=\"font-weight: 400;\">Garant\u00e1lt t\u00e9rfogat:500-600kg\/m3<\/p>\n<p style=\"font-weight: 400;\">Felhaszn\u00e1l\u00e1s: univerz\u00e1lis alapoz\u00f3, szakszer\u0171en, szerves \u00e9s \u00e1sv\u00e1nyi anyaokb\u00f3l speci\u00e1lis recept\u00fara alapj\u00e1n elk\u00e9sz\u00edtve, vir\u00e1gmagok, cs\u00edr\u00e1ztat\u00e1s\u00e1ra, vir\u00e1gpal\u00e1nt\u00e1k szapor\u00edt\u00e1s\u00e1ra \u00e9s termeszt\u00e9s\u00e9re, vir\u00e1gok z\u00f6ld \u00e9s egy\u00e9b szoban\u00f6v\u00e9nyek termeszt\u00e9s\u00e9hez \u00e9s \u00e1t\u00fcltet\u00e9s\u00e9hez. f\u00fcgg\u0151 \u00e9s mezei vir\u00e1gcserepek, erk\u00e9lyes vir\u00e1gl\u00e1d\u00e1k, kerek vir\u00e1g\u00e1gy\u00e1sok t\u00f6lt\u00e9s\u00e9re, vir\u00e1g\u00e1gy\u00e1sok \u00e9s sziklakertek l\u00e9trehoz\u00e1s\u00e1hoz, s\u00edrok rendez\u00e9s\u00e9hez, az \u00fcltet\u00e9si ter\u00fcletek kieg\u00e9sz\u00edt\u00e9s\u00e9re \u00e9s jav\u00edt\u00e1s\u00e1ra. A talajban a t\u00e1panyag mennyis\u00e9ge kiegyens\u00falyozott, por\u00f3zus, j\u00f3l felveszi a vizet, megtartja a nedvess\u00e9get, nincsennek benne betegs\u00e9gfert\u0151z\u00e9si g\u00f3cok.<\/p>\n<p style=\"font-weight: 400;\">Tippek: Haszn\u00e1lat el\u0151tt a talajt leveg\u0151ztetni kell. Az \u00e1t\u00fcltet\u00e9s k\u00f6vet\u0151en 6-8 h\u00e9t m\u00falva el kell kezdeni a m\u0171tr\u00e1gy\u00e1z\u00e1st. A talajt m\u00e1sik talajjal vagy t\u0151zeggel keverhetj\u00fck, ha a talaj szerkezet\u00e9t \u00e9s term\u0151k\u00e9pess\u00e9g\u00e9t szeretn\u00e9nk jav\u00edtani. A n\u00f6v\u00e9nyeket h\u0171v\u00f6s id\u0151ben \u00fcltess\u00fck (\u00fajra telep\u00edts\u00fck). Folyamatosan laz\u00edtsa meg a talajt felsz\u00edn\u00e9t. A haszn\u00e1lt talaj kiv\u00e1l\u00f3an alkalmas gy\u00fcm\u00f6lcs\u00f6s vagy vetem\u00e9nyeskert talajjav\u00edt\u00e1s\u00e1ra, n\u00f6v\u00e9nyi maradv\u00e1nyok komposzt\u00e1l\u00e1s\u00e1ra.<\/p>\n<p>T\u00e9rfogat t\u00f6lt\u00e9skor 16 l<br \/>\nUniverz\u00e1lis rendeltet\u00e9s\u0171, vir\u00e1gokhoz<br \/>\nGy\u00e1rt\u00f3 Agronom<br \/>\nKiszerel\u00e9s 16 l<\/p>\n","protected":false},"featured_media":25562,"comment_status":"closed","ping_status":"closed","template":"","meta":[],"product_brand":[],"product_cat":[371],"product_tag":[],"class_list":{"0":"post-25561","1":"product","2":"type-product","3":"status-publish","4":"has-post-thumbnail","6":"product_cat-seklos-lt-tozegek","8":"first","9":"instock","10":"taxable","11":"shipping-taxable","12":"purchasable","13":"product-type-simple"},"_links":{"self":[{"href":"https:\/\/chilimag.hu\/webshop\/wp-json\/wp\/v2\/product\/25561","targetHints":{"allow":["GET"]}}],"collection":[{"href":"https:\/\/chilimag.hu\/webshop\/wp-json\/wp\/v2\/product"}],"about":[{"href":"https:\/\/chilimag.hu\/webshop\/wp-json\/wp\/v2\/types\/product"}],"replies":[{"embeddable":true,"href":"https:\/\/chilimag.hu\/webshop\/wp-json\/wp\/v2\/comments?post=25561"}],"wp:featuredmedia":[{"embeddable":true,"href":"https:\/\/chilimag.hu\/webshop\/wp-json\/wp\/v2\/media\/25562"}],"wp:attachment":[{"href":"https:\/\/chilimag.hu\/webshop\/wp-json\/wp\/v2\/media?parent=25561"}],"wp:term":[{"taxonomy":"product_brand","embeddable":true,"href":"https:\/\/chilimag.hu\/webshop\/wp-json\/wp\/v2\/product_brand?post=25561"},{"taxonomy":"product_cat","embeddable":true,"href":"https:\/\/chilimag.hu\/webshop\/wp-json\/wp\/v2\/product_cat?post=25561"},{"taxonomy":"product_tag","embeddable":true,"href":"https:\/\/chilimag.hu\/webshop\/wp-json\/wp\/v2\/product_tag?post=25561"}],"curies":[{"name":"wp","href":"https:\/\/api.w.org\/{rel}","templated":true}]}}