{"id":25540,"date":"2023-09-13T18:11:37","date_gmt":"2023-09-13T18:11:37","guid":{"rendered":"https:\/\/chilimag.hu\/webshop\/?post_type=product&#038;p=25540"},"modified":"2023-09-13T18:11:37","modified_gmt":"2023-09-13T18:11:37","slug":"zoldseg-es-burgonya-tragya-10-kg-agr-sl","status":"publish","type":"product","link":"https:\/\/chilimag.hu\/webshop\/termek\/zoldseg-es-burgonya-tragya-10-kg-agr-sl\/","title":{"rendered":"Z\u00f6lds\u00e9g \u00e9s burgonya tr\u00e1gya 10 kg AGR SL"},"content":{"rendered":"","protected":false},"excerpt":{"rendered":"<p>Z\u00d6LDS\u00c9G \u00c9S BURGONYA TR\u00c1GYA<br \/>\nGranul\u00e1lt komplex m\u0171tr\u00e1gya k\u00fclt\u00e9ri z\u00f6lds\u00e9gekhez.<br \/>\nM\u0171tr\u00e1gy\u00e1z\u00e1si javaslatok: helyben kell kijuttatni. Adja hozz\u00e1 a m\u0171tr\u00e1gy\u00e1t a talajba. Tr\u00e1gy\u00e1z\u00e1si ar\u00e1ny: kerti talaj 50\u2013100 g\/m2 h\u00fcvelyes z\u00f6lds\u00e9gek \u2013 30 g\/m2 (vet\u00e9s el\u0151tt) gy\u00f6k\u00e9rz\u00f6lds\u00e9gek \u2013 50\u201390 g\/m2 burgonya \u2013 80\u2013100 g\/m2 hagym\u00e1s z\u00f6lds\u00e9gek \u2013 40 g\/m2 k\u00e1poszta \u2013 90- 120 g\/m2.<br \/>\nEK TR\u00c1GYA. M\u0171tr\u00e1gya t\u00edpusa: B.1.1. NPK \u00e1sv\u00e1nyi m\u0171tr\u00e1gya magn\u00e9ziummal, k\u00e9nnel \u00e9s nyomelemekkel (b\u00f3r, cink) NPK (Mg, S) 12-12-17 (+2+35)+(B, Zn).<br \/>\n\u00d6sszet\u00e9tel: nitrog\u00e9n (N) \u2013 12% (amm\u00f3ni\u00e1s nitrog\u00e9n N-NH4 \u2013 12%) foszfor-pentoxid (P2O5) \u2013 12% (ebb\u0151l v\u00edzoldhat\u00f3 \u2013 10,5%) v\u00edzben old\u00f3d\u00f3 k\u00e1lium-oxid (K2O) \u2013 17% magn\u00e9zium-oxid (MgO) \u2013 2% k\u00e9n-trioxid (SO3) \u2013 35% b\u00f3r (B) \u2013 0,02% cink (Zn) \u2013 0,01%.<br \/>\nFizikai v\u00e1ltoz\u00e1sok eset\u00e9n a m\u0171tr\u00e1gya t\u00e1panyag tulajdons\u00e1gai nem v\u00e1ltoznak. Ha a m\u0171tr\u00e1gy\u00e1t sz\u00e1raz helyen, k\u00f6zvetlen napf\u00e9nyt\u0151l v\u00e9dett helyen t\u00e1rolj\u00e1k, az eltarthat\u00f3s\u00e1g korl\u00e1tlan. \u00d3vint\u00e9zked\u00e9sre vonatkoz\u00f3 mondatok: Gyermekek el\u0151l elz\u00e1rva tartand\u00f3 (P102). Ruh\u00e1zatt\u00f3l, vegyszerekt\u0151l \u00e9s \u00e9ghet\u0151 anyagokt\u00f3l t\u00e1vol tartand\u00f3\/t\u00e1rolhat\u00f3 (P220). Nedvess\u00e9gt\u0151l \u00e9s napf\u00e9nyt\u0151l v\u00e9dve (P232+P410). A szappannal val\u00f3 kezel\u00e9s ut\u00e1n alaposan mosson kezet (P264). Ker\u00fclni kell a k\u00f6rnyezetbe jut\u00e1st (P273). Viseljen v\u00e9d\u0151keszty\u0171t\/v\u00e9d\u0151ruh\u00e1zatot\/szemv\u00e9d\u0151t\/arcv\u00e9d\u0151t (P280). SZEMBE KER\u00dcL\u00c9S ESET\u00c9N: t\u00f6bb percig tart\u00f3 \u00f3vatos \u00f6bl\u00edt\u00e9s v\u00edzzel, t\u00e1vol\u00edtsa el a kontaktlencs\u00e9ket, ha van \u00e9s k\u00f6nnyen elv\u00e9gezhet\u0151, folytassa az \u00f6bl\u00edt\u00e9st, ha a szemirrit\u00e1ci\u00f3 nem m\u00falik el: k\u00e9rjen orvosi tan\u00e1csot\/figyelmet (P305+P351+P338+P337+P313). HA B\u0150RRE KER\u00dcL: b\u0151 szappannal \u00e9s v\u00edzzel le kell mosni, ha b\u0151rirrit\u00e1ci\u00f3 l\u00e9p fel: orvoshoz kell fordulni (P302+P352+P332+P313). LENYEL\u00c9S ESET\u00c9N: rosszull\u00e9t eset\u00e9n forduljon TOXIKOL\u00d3GIAI K\u00d6ZPONTHOZ vagy orvoshoz, \u00f6bl\u00edtse ki a sz\u00e1jat, NE v\u00e9gezzen h\u00e1nytat\u00e1st (P301+P312+P330+P331). +5 \u00e9s +25\u00b0C k\u00f6z\u00f6tti h\u0151m\u00e9rs\u00e9kleten t\u00e1roland\u00f3. \u00c9lelmiszert\u0151l, italt\u00f3l \u00e9s takarm\u00e1nyt\u00f3l t\u00e1vol t\u00e1roland\u00f3 (P401). A tartalom\/ed\u00e9ny \u00e1rtalmatlan\u00edt\u00e1sa a helyi el\u0151\u00edr\u00e1soknak megfelel\u0151en (P501).<\/p>\n<p>Gy\u00e1rt\u00f3 Agronom<br \/>\nKiszerel\u00e9s 10 kg<\/p>\n","protected":false},"featured_media":25541,"comment_status":"closed","ping_status":"closed","template":"","meta":[],"product_brand":[],"product_cat":[388],"product_tag":[],"class_list":{"0":"post-25540","1":"product","2":"type-product","3":"status-publish","4":"has-post-thumbnail","6":"product_cat-agronom-tapoldatok-es-noveny-apolok","8":"first","9":"instock","10":"taxable","11":"shipping-taxable","12":"purchasable","13":"product-type-simple"},"_links":{"self":[{"href":"https:\/\/chilimag.hu\/webshop\/wp-json\/wp\/v2\/product\/25540","targetHints":{"allow":["GET"]}}],"collection":[{"href":"https:\/\/chilimag.hu\/webshop\/wp-json\/wp\/v2\/product"}],"about":[{"href":"https:\/\/chilimag.hu\/webshop\/wp-json\/wp\/v2\/types\/product"}],"replies":[{"embeddable":true,"href":"https:\/\/chilimag.hu\/webshop\/wp-json\/wp\/v2\/comments?post=25540"}],"wp:featuredmedia":[{"embeddable":true,"href":"https:\/\/chilimag.hu\/webshop\/wp-json\/wp\/v2\/media\/25541"}],"wp:attachment":[{"href":"https:\/\/chilimag.hu\/webshop\/wp-json\/wp\/v2\/media?parent=25540"}],"wp:term":[{"taxonomy":"product_brand","embeddable":true,"href":"https:\/\/chilimag.hu\/webshop\/wp-json\/wp\/v2\/product_brand?post=25540"},{"taxonomy":"product_cat","embeddable":true,"href":"https:\/\/chilimag.hu\/webshop\/wp-json\/wp\/v2\/product_cat?post=25540"},{"taxonomy":"product_tag","embeddable":true,"href":"https:\/\/chilimag.hu\/webshop\/wp-json\/wp\/v2\/product_tag?post=25540"}],"curies":[{"name":"wp","href":"https:\/\/api.w.org\/{rel}","templated":true}]}}