{"id":25538,"date":"2023-09-13T18:02:37","date_gmt":"2023-09-13T18:02:37","guid":{"rendered":"https:\/\/chilimag.hu\/webshop\/?post_type=product&#038;p=25538"},"modified":"2025-09-07T17:31:38","modified_gmt":"2025-09-07T17:31:38","slug":"saletrosan-nitrogenammonium-nitrat-szulfat-agr-sl","status":"publish","type":"product","link":"https:\/\/chilimag.hu\/webshop\/termek\/saletrosan-nitrogenammonium-nitrat-szulfat-agr-sl\/","title":{"rendered":"Saletrosan nitrog\u00e9n(AMM\u00d3NIUM-NITR\u00c1T-SZULF\u00c1T) 4 kg AGR SL"},"content":{"rendered":"","protected":false},"excerpt":{"rendered":"<p>SALETROSAN<br \/>\nGranul\u00e1lt t\u00f6m\u00e9ny nitrog\u00e9n m\u0171tr\u00e1gya tavaszi f\u0151tr\u00e1gy\u00e1z\u00e1shoz \u00e9s ny\u00e1ri m\u0171tr\u00e1gy\u00e1z\u00e1shoz az akt\u00edv n\u00f6v\u00e9nyi veget\u00e1ci\u00f3 elej\u00e9n \u00e9s alatt.<br \/>\nTr\u00e1gy\u00e1z\u00e1si javaslatok: helyi vagy sz\u00f3rv\u00e1nyos tr\u00e1gy\u00e1z\u00e1s. Bokrok \u00e9s f\u00e1k eset\u00e9ben az \u00e1gak sz\u00e9tter\u00fcl\u00e9se alatt (koronater\u00edt\u00e9s) alkalmazzuk. Tov\u00e1bbi m\u0171tr\u00e1gy\u00e1z\u00e1shoz v\u00edzben feloldhat\u00f3 \u00e9s n\u00f6v\u00e9nyek \u00f6nt\u00f6z\u00e9s\u00e9re (permetez\u00e9s\u00e9re) haszn\u00e1lhat\u00f3. H\u00fcvelyesekhez nem alkalmas. M\u0171tr\u00e1gyamennyis\u00e9g: k\u00fclt\u00e9ri z\u00f6lds\u00e9gek \u2013 25\u201335 g\/m2 \u00fcvegh\u00e1zi z\u00f6lds\u00e9gek, d\u00edszn\u00f6v\u00e9nyek \u2013 20\u201325 g\/m2 vir\u00e1gok \u2013 10\u201315 g\/m2 bogy\u00f3s n\u00f6v\u00e9nyek, bogy\u00f3s bokrok, gy\u00fcm\u00f6lcsbokrok \u2013 25 g\/m2, gy\u00fcm\u00f6lcsf\u00e1k, hajt\u00e1sok , s\u00f6v\u00e9ny \u2013 25\u201340 g\/m2 gyep (vet\u00e9s k\u00f6zben, veget\u00e1ci\u00f3 kezdet\u00e9n) \u2013 25 g\/m2 gyep (ny\u00edr\u00e1s ut\u00e1n 3-szor) \u2013 10 g\/m2 p\u00f3ttr\u00e1gy\u00e1z\u00e1s (\u00f6nt\u00f6z\u00e9ssel) \u2013 50 g\/10 l v\u00edz .<br \/>\nEK TR\u00c1GYA. M\u0171tr\u00e1gya t\u00edpusa: A.1.6. nitrog\u00e9n m\u0171tr\u00e1gya (amm\u00f3nium-szulf\u00e1t-nitr\u00e1t) \u2013 N(S) 26(+32).<br \/>\n\u00d6sszet\u00e9tel: nitrog\u00e9n (N) \u2013 26% (amm\u00f3ni\u00e1s nitrog\u00e9n (N-NH4) \u2013 19%, nitr\u00e1t nitrog\u00e9n (N-NO3) \u2013 7%) k\u00e9n-trioxid (SO3) \u2013 32%.<br \/>\nFizikai v\u00e1ltoz\u00e1sok eset\u00e9n a m\u0171tr\u00e1gy\u00e1k t\u00e1pl\u00e1lkoz\u00e1si tulajdons\u00e1gai nem v\u00e1ltoznak. Ha a m\u0171tr\u00e1gy\u00e1t sz\u00e1razon \u00e9s k\u00f6zvetlen napf\u00e9nyt\u0151l v\u00e9dve tartj\u00e1k, a felhaszn\u00e1l\u00e1si id\u0151 korl\u00e1tlan. Figyelmeztet\u0151 mondat: S\u00falyos szemirrit\u00e1ci\u00f3t okoz (H319). \u00d3vint\u00e9zked\u00e9sre vonatkoz\u00f3 mondatok: Gyermekek el\u0151l elz\u00e1rva tartand\u00f3 (P102). Ruh\u00e1zatt\u00f3l, vegyszerekt\u0151l \u00e9s \u00e9ghet\u0151 anyagokt\u00f3l t\u00e1vol tartand\u00f3\/t\u00e1rolhat\u00f3 (P220). Nedvess\u00e9gt\u0151l \u00e9s napf\u00e9nyt\u0151l v\u00e9dve (P232+P410). A szappannal val\u00f3 kezel\u00e9s ut\u00e1n alaposan mosson kezet (P264). Viseljen v\u00e9d\u0151keszty\u0171t\/v\u00e9d\u0151ruh\u00e1zatot\/szemv\u00e9d\u0151t\/arcv\u00e9d\u0151t (P280). SZEMBE KER\u00dcL\u00c9S ESET\u00c9N: t\u00f6bb percig tart\u00f3 \u00f3vatos \u00f6bl\u00edt\u00e9s v\u00edzzel, t\u00e1vol\u00edtsa el a kontaktlencs\u00e9ket, ha van \u00e9s k\u00f6nnyen elv\u00e9gezhet\u0151, folytassa az \u00f6bl\u00edt\u00e9st, ha a szemirrit\u00e1ci\u00f3 nem m\u00falik el: k\u00e9rjen orvosi tan\u00e1csot\/figyelmet (P305+P351+P338+P337+P313). HA B\u0150RRE KER\u00dcL: mossa le b\u0151 szappannal \u00e9s v\u00edzzel, vegye le a szennyezett ruh\u00e1zatot \u00e9s l\u00e1bbelit, ha b\u0151rirrit\u00e1ci\u00f3 l\u00e9p fel: forduljon orvoshoz (P302+P352+P361+P332+P313). LENYEL\u00c9S ESET\u00c9N: rosszull\u00e9t eset\u00e9n forduljon TOXIKOL\u00d3GIAI K\u00d6ZPONTHOZ vagy orvoshoz, \u00f6bl\u00edtse ki a sz\u00e1jat, NE v\u00e9gezzen h\u00e1nytat\u00e1st (P301+P312+P330+P331). +5 \u00e9s +25\u00b0C k\u00f6z\u00f6tti h\u0151m\u00e9rs\u00e9kleten t\u00e1roland\u00f3. \u00c9lelmiszert\u0151l, italt\u00f3l \u00e9s takarm\u00e1nyt\u00f3l t\u00e1vol t\u00e1roland\u00f3 (P401). A helyi el\u0151\u00edr\u00e1soknak megfelel\u0151en dobja ki a tartalmat\/gyors\u00edt\u00f3t\u00e1rat. (P501).<\/p>\n<p>Gy\u00e1rt\u00f3 Agronom<br \/>\nKiszerel\u00e9s 4 kg<\/p>\n","protected":false},"featured_media":25539,"comment_status":"closed","ping_status":"closed","template":"","meta":[],"product_brand":[],"product_cat":[388],"product_tag":[],"class_list":{"0":"post-25538","1":"product","2":"type-product","3":"status-publish","4":"has-post-thumbnail","6":"product_cat-agronom-tapoldatok-es-noveny-apolok","8":"first","9":"instock","10":"taxable","11":"shipping-taxable","12":"purchasable","13":"product-type-simple"},"_links":{"self":[{"href":"https:\/\/chilimag.hu\/webshop\/wp-json\/wp\/v2\/product\/25538","targetHints":{"allow":["GET"]}}],"collection":[{"href":"https:\/\/chilimag.hu\/webshop\/wp-json\/wp\/v2\/product"}],"about":[{"href":"https:\/\/chilimag.hu\/webshop\/wp-json\/wp\/v2\/types\/product"}],"replies":[{"embeddable":true,"href":"https:\/\/chilimag.hu\/webshop\/wp-json\/wp\/v2\/comments?post=25538"}],"wp:featuredmedia":[{"embeddable":true,"href":"https:\/\/chilimag.hu\/webshop\/wp-json\/wp\/v2\/media\/25539"}],"wp:attachment":[{"href":"https:\/\/chilimag.hu\/webshop\/wp-json\/wp\/v2\/media?parent=25538"}],"wp:term":[{"taxonomy":"product_brand","embeddable":true,"href":"https:\/\/chilimag.hu\/webshop\/wp-json\/wp\/v2\/product_brand?post=25538"},{"taxonomy":"product_cat","embeddable":true,"href":"https:\/\/chilimag.hu\/webshop\/wp-json\/wp\/v2\/product_cat?post=25538"},{"taxonomy":"product_tag","embeddable":true,"href":"https:\/\/chilimag.hu\/webshop\/wp-json\/wp\/v2\/product_tag?post=25538"}],"curies":[{"name":"wp","href":"https:\/\/api.w.org\/{rel}","templated":true}]}}