{"id":25536,"date":"2023-09-13T17:56:13","date_gmt":"2023-09-13T17:56:13","guid":{"rendered":"https:\/\/chilimag.hu\/webshop\/?post_type=product&#038;p=25536"},"modified":"2023-09-13T17:56:14","modified_gmt":"2023-09-13T17:56:14","slug":"univerzalis-oszi-tragya-8-kg-agr-sl","status":"publish","type":"product","link":"https:\/\/chilimag.hu\/webshop\/termek\/univerzalis-oszi-tragya-8-kg-agr-sl\/","title":{"rendered":"Univerz\u00e1lis \u0150szi tr\u00e1gya 8 kg AGR SL"},"content":{"rendered":"","protected":false},"excerpt":{"rendered":"<p>UNIVERZ\u00c1LIS \u0150SZI TR\u00c1GYA NPK 3,5-10-20<br \/>\nSzemcs\u00e9s komplex m\u0171tr\u00e1gy\u00e1k kerti talajhoz, hagym\u00e1s vir\u00e1gokhoz, \u00e9vel\u0151 kerti \u00e9s d\u00edszn\u00f6v\u00e9nyekhez, gyeptr\u00e1gy\u00e1z\u00e1shoz \u0151sszel vagy kora tavasszal, ha nem m\u0171tr\u00e1gy\u00e1zz\u00e1k \u0151sszel.<br \/>\nTr\u00e1gy\u00e1z\u00e1si javaslatok: helyi vagy sz\u00f3rv\u00e1nyos tr\u00e1gy\u00e1z\u00e1s. Ter\u00edtse ki a m\u0171tr\u00e1gy\u00e1t, \u00e9s helyezze be a talajba \u00e1s\u00e1s (vagy \u00fcltet\u00e9s) el\u0151tt vagy a veget\u00e1l\u00f3 n\u00f6v\u00e9nyek k\u00f6r\u00e9. Alkalmazza a m\u0171tr\u00e1gy\u00e1t a bokrok \u00e9s f\u00e1k k\u00f6r\u00e9 az \u00e1gak sz\u00e9less\u00e9g\u00e9ben. Tr\u00e1gy\u00e1z\u00e1si ar\u00e1ny: kerti talaj (ugar) \u2013 40\u201380 g\/m2 (\u00e1s\u00e1s el\u0151tt) hagym\u00e1s vir\u00e1gok \u2013 20 g\/m2 (\u00fcltet\u00e9skor) eper, bogy\u00f3s \u00e9s d\u00edszcserj\u00e9k \u2013 60 g\/m2 (\u00fcltet\u00e9skor) vagy 30 g\/m2 (a javasolt m\u0171tr\u00e1gy\u00e1z\u00e1si id\u0151szakban) gy\u00fcm\u00f6lcs- \u00e9s d\u00edszf\u00e1k \u2013 100 g\/m2 (\u00fcltet\u00e9skor vagy a javasolt tr\u00e1gy\u00e1z\u00e1si id\u0151szakban) gyep l\u00e9tes\u00edt\u00e9sekor (vet\u00e9skor) \u2013 80 g\/m2 \u00faj gyep \u2013 60 g\/m2 (egyszer els\u0151 ny\u00edr\u00e1s) j\u00f3l fejlett gyep \u2013 30 g\/m2 (a javasolt m\u0171tr\u00e1gy\u00e1z\u00e1si id\u0151szakban).<br \/>\nEK TR\u00c1GYA. M\u0171tr\u00e1gya t\u00edpusa: B.1.1. NPK \u00e1sv\u00e1nyi m\u0171tr\u00e1gy\u00e1k kalciummal \u00e9s k\u00e9nnel NPK (Ca, S) 3,5-10-20 (+12,5+10). \u00d6sszet\u00e9tel: nitrog\u00e9n (N) \u2013 3,5 % (amm\u00f3ni\u00e1s nitrog\u00e9n N-NH4 \u2013 3,5 %) foszfor-pentoxid (P2O5) \u2013 10 % (bele\u00e9rtve a v\u00edzben oldhat\u00f3 mennyis\u00e9get \u2013 8 %) k\u00e1lium-oxid (K2O) \u2013 20 % ( bele\u00e9rtve a v\u00edzben old\u00f3d\u00f3 mennyis\u00e9get \u2013 20 % kalcium-oxid (CaO) \u2013 12,5 % k\u00e9n-trioxid (SO3) \u2013 10 %.<br \/>\nFizikai v\u00e1ltoz\u00e1sok eset\u00e9n a m\u0171tr\u00e1gy\u00e1k t\u00e1pl\u00e1lkoz\u00e1si tulajdons\u00e1gai nem v\u00e1ltoznak. Ha a m\u0171tr\u00e1gy\u00e1t sz\u00e1razon \u00e9s k\u00f6zvetlen napf\u00e9nyt\u0151l v\u00e9dve tartj\u00e1k, a felhaszn\u00e1l\u00e1si id\u0151 korl\u00e1tlan. Figyelmeztet\u0151 mondatok: S\u00falyos szemk\u00e1rosod\u00e1st okoz (H318). \u00d3vint\u00e9zked\u00e9sre vonatkoz\u00f3 mondatok: Gyermekek el\u0151l elz\u00e1rva tartand\u00f3 (P102). Ruh\u00e1zatt\u00f3l\/vegyszerekt\u0151l\/\u00e9ghet\u0151 anyagokt\u00f3l t\u00e1vol tartand\u00f3\/t\u00e1rolhat\u00f3 (P220). Nedvess\u00e9gt\u0151l \u00e9s napf\u00e9nyt\u0151l v\u00e9dve (P232+P410). A kezel\u00e9s ut\u00e1n alaposan mosson kezet szappannal (P264). Viseljen v\u00e9d\u0151keszty\u0171t\/v\u00e9d\u0151ruh\u00e1zatot\/szemv\u00e9d\u0151t\/arcv\u00e9d\u0151t (P280). SZEMBE KER\u00dcL\u00c9S ESET\u00c9N: azonnal \u00f3vatosan \u00f6bl\u00edtse ki v\u00edzzel n\u00e9h\u00e1ny percig, t\u00e1vol\u00edtsa el a kontaktlencs\u00e9ket, ha van \u00e9s k\u00f6nnyen elv\u00e9gezhet\u0151, folytassa az \u00f6bl\u00edt\u00e9st. Ha a szemirrit\u00e1ci\u00f3 nem m\u00falik el: forduljon orvoshoz (P305+P351+P338+P337+P313). HA B\u0150RRE KER\u00dcL: mossa le b\u0151 szappannal \u00e9s v\u00edzzel azonnal t\u00e1vol\u00edtsa el\/vegye le az \u00f6sszes szennyezett ruh\u00e1zatot \u00e9s cip\u0151t B\u0151rirrit\u00e1ci\u00f3 eset\u00e9n: forduljon orvoshoz (P302+P352+P361+P332+P313). LENYEL\u00c9S ESET\u00c9N: rosszull\u00e9t eset\u00e9n forduljon TOXIKOL\u00d3GIAI K\u00d6ZPONTHOZ vagy orvoshoz, \u00f6bl\u00edtse ki a sz\u00e1jat, NE v\u00e9gezzen h\u00e1nytat\u00e1st (P301+P312+P330+P331). +5 \u00e9s +25\u00b0C k\u00f6z\u00f6tti h\u0151m\u00e9rs\u00e9kleten t\u00e1roland\u00f3. \u00c9lelmiszert\u0151l, italt\u00f3l \u00e9s takarm\u00e1nyt\u00f3l t\u00e1vol tartand\u00f3 (P401). A helyi el\u0151\u00edr\u00e1soknak megfelel\u0151en dobja ki a tartalmat\/gyors\u00edt\u00f3t\u00e1rat. (P501).<br \/>\nGy\u00e1rt\u00f3 Agronom<br \/>\nKiszerel\u00e9s 8 kg<\/p>\n","protected":false},"featured_media":25537,"comment_status":"closed","ping_status":"closed","template":"","meta":[],"product_brand":[],"product_cat":[388],"product_tag":[],"class_list":{"0":"post-25536","1":"product","2":"type-product","3":"status-publish","4":"has-post-thumbnail","6":"product_cat-agronom-tapoldatok-es-noveny-apolok","8":"first","9":"instock","10":"taxable","11":"shipping-taxable","12":"purchasable","13":"product-type-simple"},"_links":{"self":[{"href":"https:\/\/chilimag.hu\/webshop\/wp-json\/wp\/v2\/product\/25536","targetHints":{"allow":["GET"]}}],"collection":[{"href":"https:\/\/chilimag.hu\/webshop\/wp-json\/wp\/v2\/product"}],"about":[{"href":"https:\/\/chilimag.hu\/webshop\/wp-json\/wp\/v2\/types\/product"}],"replies":[{"embeddable":true,"href":"https:\/\/chilimag.hu\/webshop\/wp-json\/wp\/v2\/comments?post=25536"}],"wp:featuredmedia":[{"embeddable":true,"href":"https:\/\/chilimag.hu\/webshop\/wp-json\/wp\/v2\/media\/25537"}],"wp:attachment":[{"href":"https:\/\/chilimag.hu\/webshop\/wp-json\/wp\/v2\/media?parent=25536"}],"wp:term":[{"taxonomy":"product_brand","embeddable":true,"href":"https:\/\/chilimag.hu\/webshop\/wp-json\/wp\/v2\/product_brand?post=25536"},{"taxonomy":"product_cat","embeddable":true,"href":"https:\/\/chilimag.hu\/webshop\/wp-json\/wp\/v2\/product_cat?post=25536"},{"taxonomy":"product_tag","embeddable":true,"href":"https:\/\/chilimag.hu\/webshop\/wp-json\/wp\/v2\/product_tag?post=25536"}],"curies":[{"name":"wp","href":"https:\/\/api.w.org\/{rel}","templated":true}]}}