{"id":25518,"date":"2023-09-12T19:14:50","date_gmt":"2023-09-12T19:14:50","guid":{"rendered":"https:\/\/chilimag.hu\/webshop\/?post_type=product&#038;p=25518"},"modified":"2023-09-12T19:16:01","modified_gmt":"2023-09-12T19:16:01","slug":"komplex-mutragya-pazsitra-4-kg-agr-sl","status":"publish","type":"product","link":"https:\/\/chilimag.hu\/webshop\/termek\/komplex-mutragya-pazsitra-4-kg-agr-sl\/","title":{"rendered":"Komplex m\u0171tr\u00e1gya p\u00e1zs\u00edtra 4 kg AGR SL"},"content":{"rendered":"","protected":false},"excerpt":{"rendered":"<p>A szemcs\u00e9s komplex m\u0171tr\u00e1gy\u00e1k p\u00e1zsit \u00e9s t\u00e1ji n\u00f6v\u00e9nyek tr\u00e1gy\u00e1z\u00e1s\u00e1ra szolg\u00e1lnak. Tr\u00e1gy\u00e1z\u00e1si javaslatok: sz\u00fcks\u00e9g szerint foltokban vagy helyben tr\u00e1gy\u00e1zzunk. M\u0171tr\u00e1gyamennyis\u00e9g: gyep telep\u00edt\u00e9sekor &#8211; 30-40 g\/m2; fiatal gyep &#8211; 40 g\/m2; ben\u0151tt gyep &#8211; 30 g\/m2 (tavasszal a veget\u00e1ci\u00f3 kezdet\u00e9n) \u00e9s 20 g\/m2 (2-3 alkalommal 14-21 naponk\u00e9nt akt\u00edv veget\u00e1ci\u00f3 idej\u00e9n); t\u00e1j n\u00f6v\u00e9nyek &#8211; 30-100 g\/m2. EK-TR\u00c1GY\u00c1K. M\u0171tr\u00e1gya t\u00edpusa: B.1.1. NPK \u00e1sv\u00e1nyi m\u0171tr\u00e1gy\u00e1k magn\u00e9ziummal, k\u00e9nnel \u00e9s nyomelemes b\u00f3rral NPK (Mg,S) 18-11-13 (+1,7+6,5)+ B (0,02). Kiszerel\u00e9s: 4 kg.<\/p>\n<p>M\u0171tr\u00e1gya t\u00edpusa Granul\u00e1lt m\u0171tr\u00e1gy\u00e1k<br \/>\nGy\u00e1rt\u00f3 Agronom<br \/>\nKiszerel\u00e9s 4 kg<\/p>\n","protected":false},"featured_media":25519,"comment_status":"closed","ping_status":"closed","template":"","meta":[],"product_brand":[],"product_cat":[388],"product_tag":[],"class_list":{"0":"post-25518","1":"product","2":"type-product","3":"status-publish","4":"has-post-thumbnail","6":"product_cat-agronom-tapoldatok-es-noveny-apolok","8":"first","9":"instock","10":"taxable","11":"shipping-taxable","12":"purchasable","13":"product-type-simple"},"_links":{"self":[{"href":"https:\/\/chilimag.hu\/webshop\/wp-json\/wp\/v2\/product\/25518","targetHints":{"allow":["GET"]}}],"collection":[{"href":"https:\/\/chilimag.hu\/webshop\/wp-json\/wp\/v2\/product"}],"about":[{"href":"https:\/\/chilimag.hu\/webshop\/wp-json\/wp\/v2\/types\/product"}],"replies":[{"embeddable":true,"href":"https:\/\/chilimag.hu\/webshop\/wp-json\/wp\/v2\/comments?post=25518"}],"wp:featuredmedia":[{"embeddable":true,"href":"https:\/\/chilimag.hu\/webshop\/wp-json\/wp\/v2\/media\/25519"}],"wp:attachment":[{"href":"https:\/\/chilimag.hu\/webshop\/wp-json\/wp\/v2\/media?parent=25518"}],"wp:term":[{"taxonomy":"product_brand","embeddable":true,"href":"https:\/\/chilimag.hu\/webshop\/wp-json\/wp\/v2\/product_brand?post=25518"},{"taxonomy":"product_cat","embeddable":true,"href":"https:\/\/chilimag.hu\/webshop\/wp-json\/wp\/v2\/product_cat?post=25518"},{"taxonomy":"product_tag","embeddable":true,"href":"https:\/\/chilimag.hu\/webshop\/wp-json\/wp\/v2\/product_tag?post=25518"}],"curies":[{"name":"wp","href":"https:\/\/api.w.org\/{rel}","templated":true}]}}