{"id":25517,"date":"2023-09-12T18:58:41","date_gmt":"2023-09-12T18:58:41","guid":{"rendered":"https:\/\/chilimag.hu\/webshop\/?post_type=product&#038;p=25517"},"modified":"2023-09-12T18:59:53","modified_gmt":"2023-09-12T18:59:53","slug":"gyep-tragya-4-kg-agr-sl","status":"publish","type":"product","link":"https:\/\/chilimag.hu\/webshop\/termek\/gyep-tragya-4-kg-agr-sl\/","title":{"rendered":"Gyep tr\u00e1gya 4 kg AGR SL"},"content":{"rendered":"","protected":false},"excerpt":{"rendered":"<p>MOH\u00c1S GYEP TR\u00c1GYA<br \/>\nKomplex szemcs\u00e9s m\u0171tr\u00e1gy\u00e1k mohos gyepek tr\u00e1gy\u00e1z\u00e1s\u00e1hoz.<br \/>\nTr\u00e1gy\u00e1z\u00e1si javaslatok: helyi tr\u00e1gy\u00e1z\u00e1s. A m\u0171tr\u00e1gy\u00e1t sz\u00f3rja ki a gyep mohos ter\u00fcleteire. A m\u0171tr\u00e1gy\u00e1z\u00e1s m\u00e9rt\u00e9ke a mohatartalomt\u00f3l f\u00fcgg. Ne tr\u00e1gy\u00e1zzon l\u00f3here gyepet. T\u00e1vol\u00edtsa el a barna moh\u00e1t a gyepr\u0151l (gerebly\u00e9zze ki). Ha sz\u00fcks\u00e9ges, vetje be a gyepet. Tr\u00e1gy\u00e1z\u00e1si ar\u00e1ny: moh\u00e1s gyep \u2013 30-50 g\/m2 (els\u0151 alkalommal) moh\u00e1s gyep &#8211; 40 g\/m2 (7-10 nap ut\u00e1n ism\u00e9telve).<br \/>\nEK TR\u00c1GYA. M\u0171tr\u00e1gya t\u00edpusa: B.1.1. NPK magn\u00e9zium-, k\u00e9n- \u00e9s vastartalm\u00fa \u00e1sv\u00e1nyi m\u0171tr\u00e1gy\u00e1k NPK (Mg, S) 7-5-8 (+4,5+20)+Fe 5.<br \/>\n\u00d6sszet\u00e9tel: nitrog\u00e9n (N) \u2013 7% (amm\u00f3ni\u00e1s nitrog\u00e9n N-NH4 \u2013 5,5%, nitr\u00e1t nitrog\u00e9n N-NO3 \u2013 1,5%) foszfor-pentoxid (P2O5) \u2013 5% (bele\u00e9rtve a v\u00edzben oldhat\u00f3 mennyis\u00e9get \u2013 5%) k\u00e1lium-oxid (K2O) \u2013 8% (bele\u00e9rtve a v\u00edzben old\u00f3d\u00f3 mennyis\u00e9get \u2013 8%) magn\u00e9zium-oxid (MgO) \u2013 4,5% k\u00e9n-trioxid (SO3) \u2013 20% vas (Fe) \u2013 5%.<br \/>\nFizikai v\u00e1ltoz\u00e1sok eset\u00e9n a m\u0171tr\u00e1gy\u00e1k t\u00e1pl\u00e1lkoz\u00e1si tulajdons\u00e1gai nem v\u00e1ltoznak. Ha a m\u0171tr\u00e1gy\u00e1t sz\u00e1razon \u00e9s k\u00f6zvetlen napf\u00e9nyt\u0151l v\u00e9dve tartj\u00e1k, a felhaszn\u00e1l\u00e1si id\u0151 korl\u00e1tlan. Figyelmeztet\u0151 mondatok: S\u00falyos szemk\u00e1rosod\u00e1st okoz (H318). \u00d3vint\u00e9zked\u00e9sre vonatkoz\u00f3 mondatok: Gyermekek el\u0151l elz\u00e1rva tartand\u00f3 (P102). Ruh\u00e1zatt\u00f3l\/vegyszerekt\u0151l\/\u00e9ghet\u0151 anyagokt\u00f3l t\u00e1vol tartand\u00f3\/t\u00e1rolhat\u00f3 (P220). Nedvess\u00e9gt\u0151l \u00e9s napf\u00e9nyt\u0151l v\u00e9dve (P232+P410). A kezel\u00e9s ut\u00e1n alaposan mosson kezet szappannal (P264). Viseljen v\u00e9d\u0151keszty\u0171t\/v\u00e9d\u0151ruh\u00e1zatot\/szemv\u00e9d\u0151t\/arcv\u00e9d\u0151t (P280). SZEMBE KER\u00dcL\u00c9S ESET\u00c9N: azonnal \u00f3vatosan \u00f6bl\u00edtse ki v\u00edzzel n\u00e9h\u00e1ny percig, t\u00e1vol\u00edtsa el a kontaktlencs\u00e9ket, ha van \u00e9s k\u00f6nnyen elv\u00e9gezhet\u0151, folytassa az \u00f6bl\u00edt\u00e9st. Ha a szemirrit\u00e1ci\u00f3 nem m\u00falik el: forduljon orvoshoz (P305+P351+P338+P337+P313). HA B\u0150RRE KER\u00dcL: mossa le b\u0151 szappannal \u00e9s v\u00edzzel azonnal t\u00e1vol\u00edtsa el\/vegye le az \u00f6sszes szennyezett ruh\u00e1zatot \u00e9s cip\u0151t B\u0151rirrit\u00e1ci\u00f3 eset\u00e9n: forduljon orvoshoz (P302+P352+P361+P332+P313). LENYEL\u00c9S ESET\u00c9N: rosszull\u00e9t eset\u00e9n forduljon TOXIKOL\u00d3GIAI K\u00d6ZPONTHOZ vagy orvoshoz, \u00f6bl\u00edtse ki a sz\u00e1jat, NE v\u00e9gezzen h\u00e1nytat\u00e1st (P301+P312+P330+P331). +5 \u00e9s +25\u00b0C k\u00f6z\u00f6tti h\u0151m\u00e9rs\u00e9kleten t\u00e1roland\u00f3. \u00c9lelmiszert\u0151l, italt\u00f3l \u00e9s takarm\u00e1nyt\u00f3l t\u00e1vol tartand\u00f3 (P401). A helyi el\u0151\u00edr\u00e1soknak megfelel\u0151en dobja ki a tartalmat\/gyors\u00edt\u00f3t\u00e1rat. (P501).<br \/>\nGy\u00e1rt\u00f3 Agronom<br \/>\nKiszerel\u00e9s 4 kg<\/p>\n","protected":false},"featured_media":25515,"comment_status":"closed","ping_status":"closed","template":"","meta":[],"product_brand":[],"product_cat":[388],"product_tag":[],"class_list":{"0":"post-25517","1":"product","2":"type-product","3":"status-publish","4":"has-post-thumbnail","6":"product_cat-agronom-tapoldatok-es-noveny-apolok","8":"first","9":"instock","10":"taxable","11":"shipping-taxable","12":"purchasable","13":"product-type-simple"},"_links":{"self":[{"href":"https:\/\/chilimag.hu\/webshop\/wp-json\/wp\/v2\/product\/25517","targetHints":{"allow":["GET"]}}],"collection":[{"href":"https:\/\/chilimag.hu\/webshop\/wp-json\/wp\/v2\/product"}],"about":[{"href":"https:\/\/chilimag.hu\/webshop\/wp-json\/wp\/v2\/types\/product"}],"replies":[{"embeddable":true,"href":"https:\/\/chilimag.hu\/webshop\/wp-json\/wp\/v2\/comments?post=25517"}],"wp:featuredmedia":[{"embeddable":true,"href":"https:\/\/chilimag.hu\/webshop\/wp-json\/wp\/v2\/media\/25515"}],"wp:attachment":[{"href":"https:\/\/chilimag.hu\/webshop\/wp-json\/wp\/v2\/media?parent=25517"}],"wp:term":[{"taxonomy":"product_brand","embeddable":true,"href":"https:\/\/chilimag.hu\/webshop\/wp-json\/wp\/v2\/product_brand?post=25517"},{"taxonomy":"product_cat","embeddable":true,"href":"https:\/\/chilimag.hu\/webshop\/wp-json\/wp\/v2\/product_cat?post=25517"},{"taxonomy":"product_tag","embeddable":true,"href":"https:\/\/chilimag.hu\/webshop\/wp-json\/wp\/v2\/product_tag?post=25517"}],"curies":[{"name":"wp","href":"https:\/\/api.w.org\/{rel}","templated":true}]}}