{"id":25497,"date":"2023-09-12T18:19:28","date_gmt":"2023-09-12T18:19:28","guid":{"rendered":"https:\/\/chilimag.hu\/webshop\/?post_type=product&#038;p=25497"},"modified":"2024-07-05T18:10:22","modified_gmt":"2024-07-05T18:10:22","slug":"komplex-mutragya-szemcses-zoldseg-es-burgonyahoz-2-kg-agr-sl","status":"publish","type":"product","link":"https:\/\/chilimag.hu\/webshop\/termek\/komplex-mutragya-szemcses-zoldseg-es-burgonyahoz-2-kg-agr-sl\/","title":{"rendered":"Z\u00f6lds\u00e9g \u00e9s burgonya tr\u00e1gya  2 kg AGR SL"},"content":{"rendered":"","protected":false},"excerpt":{"rendered":"<p>A szemcs\u00e9s komplex m\u0171tr\u00e1gy\u00e1k k\u00fclt\u00e9ri z\u00f6lds\u00e9gek tr\u00e1gy\u00e1z\u00e1s\u00e1ra szolg\u00e1lnak. Tr\u00e1gy\u00e1z\u00e1si javaslatok: pr\u00f3b\u00e1ljunk helyben tr\u00e1gy\u00e1zni. Helyezze a m\u0171tr\u00e1gy\u00e1t a talajba. M\u0171tr\u00e1gyamennyis\u00e9g: kerti talaj (talaj) 50-100 g\/m2; h\u00fcvelyesek &#8211; 30 g\/m2 (vet\u00e9s el\u0151tt); gy\u00f6k\u00e9rz\u00f6lds\u00e9gek &#8211; 50-90 g \/ m2; burgonya &#8211; 80-100 g \/ m2; hagym\u00e1s z\u00f6lds\u00e9gek &#8211; 40 g\/m2; k\u00e1poszta z\u00f6lds\u00e9gek &#8211; 90-120 g\/m2. EK-TR\u00c1GY\u00c1K. M\u0171tr\u00e1gya t\u00edpusa: B.1.1. NPK \u00e1sv\u00e1nyi m\u0171tr\u00e1gya magn\u00e9ziummal, k\u00e9nnel \u00e9s nyomelemekkel (b\u00f3r, cink) NPK (Mg, S) 12-12-17 (+2+35)+(B, Zn). Kiszerel\u00e9s: 2 kg.<\/p>\n<p>M\u0171tr\u00e1gya t\u00edpusa Granul\u00e1lt m\u0171tr\u00e1gy\u00e1k<br \/>\nGy\u00e1rt\u00f3 Agronom<br \/>\nKiszerel\u00e9s 2 kg<\/p>\n","protected":false},"featured_media":25498,"comment_status":"closed","ping_status":"closed","template":"","meta":[],"product_brand":[],"product_cat":[388],"product_tag":[],"class_list":{"0":"post-25497","1":"product","2":"type-product","3":"status-publish","4":"has-post-thumbnail","6":"product_cat-agronom-tapoldatok-es-noveny-apolok","8":"first","9":"instock","10":"taxable","11":"shipping-taxable","12":"purchasable","13":"product-type-simple"},"_links":{"self":[{"href":"https:\/\/chilimag.hu\/webshop\/wp-json\/wp\/v2\/product\/25497","targetHints":{"allow":["GET"]}}],"collection":[{"href":"https:\/\/chilimag.hu\/webshop\/wp-json\/wp\/v2\/product"}],"about":[{"href":"https:\/\/chilimag.hu\/webshop\/wp-json\/wp\/v2\/types\/product"}],"replies":[{"embeddable":true,"href":"https:\/\/chilimag.hu\/webshop\/wp-json\/wp\/v2\/comments?post=25497"}],"wp:featuredmedia":[{"embeddable":true,"href":"https:\/\/chilimag.hu\/webshop\/wp-json\/wp\/v2\/media\/25498"}],"wp:attachment":[{"href":"https:\/\/chilimag.hu\/webshop\/wp-json\/wp\/v2\/media?parent=25497"}],"wp:term":[{"taxonomy":"product_brand","embeddable":true,"href":"https:\/\/chilimag.hu\/webshop\/wp-json\/wp\/v2\/product_brand?post=25497"},{"taxonomy":"product_cat","embeddable":true,"href":"https:\/\/chilimag.hu\/webshop\/wp-json\/wp\/v2\/product_cat?post=25497"},{"taxonomy":"product_tag","embeddable":true,"href":"https:\/\/chilimag.hu\/webshop\/wp-json\/wp\/v2\/product_tag?post=25497"}],"curies":[{"name":"wp","href":"https:\/\/api.w.org\/{rel}","templated":true}]}}