{"id":25487,"date":"2023-09-11T19:12:28","date_gmt":"2023-09-11T19:12:28","guid":{"rendered":"https:\/\/chilimag.hu\/webshop\/?post_type=product&#038;p=25487"},"modified":"2026-05-11T23:24:26","modified_gmt":"2026-05-11T23:24:26","slug":"talajsavasito-szer-ammonium-szulfat-2-kg-agr-sl","status":"publish","type":"product","link":"https:\/\/chilimag.hu\/webshop\/termek\/talajsavasito-szer-ammonium-szulfat-2-kg-agr-sl\/","title":{"rendered":"TALAJSAVAS\u00cdT\u00d3 SZER (AMM\u00d3NIUM-SZULF\u00c1T) 2 kg AGR SL"},"content":{"rendered":"","protected":false},"excerpt":{"rendered":"<p><img decoding=\"async\" class=\"\" src=\"https:\/\/b2b.seklos.lt\/img\/m\/79-medium_default.jpg\" alt=\"\" width=\"152\" height=\"152\" \/><\/p>\n<h3>Term\u00e9kle\u00edr\u00e1s<\/h3>\n<p>TALAJSAVAS\u00cdT\u00d3 SZER (AMM\u00d3NIUM-SZULF\u00c1T) 2<br \/>\nGranul\u00e1lt koncentr\u00e1lt nitrog\u00e9n m\u0171tr\u00e1gya sz\u00e1nt\u00f3f\u00f6ldi n\u00f6v\u00e9nyek tr\u00e1gy\u00e1z\u00e1s\u00e1ra \u00e9s talajsavany\u00edt\u00e1sra.<br \/>\nTr\u00e1gy\u00e1z\u00e1si javaslatok: Pr\u00f3b\u00e1ljunk helyben vagy sz\u00f3rv\u00e1nyosan (talaj, gyep) tr\u00e1gy\u00e1zni. Alkalmazza a m\u0171tr\u00e1gy\u00e1kat a talajba. A m\u0171tr\u00e1gy\u00e1z\u00e1s befejez\u00e9se ut\u00e1n \u00f6nt\u00f6zze meg a talajt. A cserj\u00e9k \u00e9s f\u00e1k k\u00f6r\u00fcl az \u00e1gak koron\u00e1j\u00e1nak sz\u00e9less\u00e9g\u0171 szakasz\u00e1t tr\u00e1gy\u00e1zzuk meg. Ne tr\u00e1gy\u00e1zzon h\u00fcvelyeseket. Tov\u00e1bbi m\u0171tr\u00e1gy\u00e1z\u00e1s eset\u00e9n feloldhatja a m\u0171tr\u00e1gy\u00e1t v\u00edzben, \u00e9s a kapott oldatot haszn\u00e1lhatja a n\u00f6v\u00e9nyek \u00f6nt\u00f6z\u00e9s\u00e9re. Rendszeresen tr\u00e1gy\u00e1zzuk a p\u00e1zsitot, ha a benne n\u00f6v\u0151 l\u00f3her\u00e9t szeretn\u00e9nk kiirtani. Folyamatosan \u00e9s gyakran tr\u00e1gy\u00e1zzon, hogy a r\u00f3zsasz\u00edn hortenzia sz\u00edne k\u00e9kre v\u00e1ltozzon. M\u0171tr\u00e1gyaadag: gy\u00fcm\u00f6lcs\u00f6s talaj &#8211; 100-150 g\/m2 (egyszer a veget\u00e1ci\u00f3 elej\u00e9n) sz\u00e1nt\u00f3f\u00f6ldi z\u00f6lds\u00e9gek &#8211; 20-50 g\/m2 (1-2 alkalommal) burgonya &#8211; 50 g\/m2 d\u00edszn\u00f6v\u00e9nyek &#8211; 40-60 g\/m2 ericaceae csal\u00e1dba tartoz\u00f3 n\u00f6v\u00e9nyek (rododendronok, az\u00e1le\u00e1k, hortenzi\u00e1k, \u00e1fonya (Vaccinium) \u2013 50-100 g\/m2 (2-3 alkalommal), p\u00e1zsit &#8211; 30 g\/m2. (2-4 alkalom) talaj, mulcs \u00e9s n\u00f6v\u00e9nyek \u00f6nt\u00f6z\u00e9se \u2013 50 g\/10 l v\u00edz\/2-3 m2.<br \/>\nEK TR\u00c1GYA. M\u0171tr\u00e1gya t\u00edpusa: A.1.4. nitrog\u00e9n m\u0171tr\u00e1gya (amm\u00f3nium-szulf\u00e1t) &#8211; N 21. \u00d6sszet\u00e9tel: nitrog\u00e9n (N) \u2013 21% (amm\u00f3ni\u00e1s nitrog\u00e9n (N-NH4) \u2013 21%) k\u00e9n-trioxid (SO3) \u2013 60%. CAS-sz\u00e1m 7783-20-2.<br \/>\nFizikai v\u00e1ltoz\u00e1sok eset\u00e9n a m\u0171tr\u00e1gya t\u00e1panyag-tulajdons\u00e1gai nem v\u00e1ltoznak. Ha a m\u0171tr\u00e1gy\u00e1t sz\u00e1razon \u00e9s k\u00f6zvetlen napf\u00e9nyt\u0151l v\u00e9dve tartj\u00e1k, a felhaszn\u00e1l\u00e1s nem korl\u00e1tozott. \u00d3vint\u00e9zked\u00e9sre vonatkoz\u00f3 mondatok: Gyermekek el\u0151l elz\u00e1rva tartand\u00f3 (P102). Ruh\u00e1zatt\u00f3l, vegyszerekt\u0151l \u00e9s gy\u00fal\u00e9kony anyagokt\u00f3l t\u00e1vol tartand\u00f3\/t\u00e1rolhat\u00f3 (P220). Nedvess\u00e9gt\u0151l \u00e9s napf\u00e9nyt\u0151l v\u00e9dve (P232+P410). A port nem szabad bel\u00e9legezni (P260). A kezel\u00e9s ut\u00e1n alaposan mosson kezet szappannal (P264). Ne egyen, igyon vagy doh\u00e1nyozzon a term\u00e9k haszn\u00e1lata k\u00f6zben (P270). Viseljen v\u00e9d\u0151keszty\u0171t\/v\u00e9d\u0151ruh\u00e1zatot\/szemv\u00e9d\u0151t\/arcv\u00e9d\u0151t (P280). SZEMBE KER\u00dcL\u00c9S ESET\u00c9N: \u00d3vatosan \u00f6bl\u00edtse le v\u00edzzel n\u00e9h\u00e1ny percig, t\u00e1vol\u00edtsa el a kontaktlencs\u00e9ket, ha van \u00e9s k\u00f6nnyen megtehet\u0151. Folytassa az \u00f6bl\u00edt\u00e9st. Ha a szemirrit\u00e1ci\u00f3 nem m\u00falik el: orvosi ell\u00e1t\u00e1st kell k\u00e9rni (P305+P351+P338+P337+P313). HA B\u0150RRE KER\u00dcL: B\u0151rirrit\u00e1ci\u00f3 eset\u00e9n mossa le b\u0151 szappannal \u00e9s v\u00edzzel: forduljon orvoshoz (P302+P352+P332+P313). LENYEL\u00c9S ESET\u00c9N: Rosszull\u00e9t eset\u00e9n azonnal forduljon TOXIKOL\u00d3GIAI K\u00d6ZPONTHOZ\/orvoshoz. Sz\u00e1j\u00f6bl\u00edt\u00e9s NE v\u00e9gezzen h\u00e1nytat\u00e1st (P301+P312+P330+P331). +5 \u00e9s +25oC k\u00f6z\u00f6tti h\u0151m\u00e9rs\u00e9kleten t\u00e1roland\u00f3. \u00c9lelmiszert\u0151l, italt\u00f3l \u00e9s takarm\u00e1nyt\u00f3l t\u00e1vol tartand\u00f3 (P401). A tartalom\/ed\u00e9ny \u00e1rtalmatlan\u00edt\u00e1sa a helyi el\u0151\u00edr\u00e1soknak megfelel\u0151en (P501).<br \/>\nGy\u00e1rt\u00f3 Agronom<br \/>\nKiszerel\u00e9s 2 kg<\/p>\n","protected":false},"featured_media":25488,"comment_status":"closed","ping_status":"closed","template":"","meta":[],"product_brand":[],"product_cat":[388],"product_tag":[],"class_list":{"0":"post-25487","1":"product","2":"type-product","3":"status-publish","4":"has-post-thumbnail","6":"product_cat-agronom-tapoldatok-es-noveny-apolok","8":"first","9":"instock","10":"taxable","11":"shipping-taxable","12":"purchasable","13":"product-type-simple"},"_links":{"self":[{"href":"https:\/\/chilimag.hu\/webshop\/wp-json\/wp\/v2\/product\/25487","targetHints":{"allow":["GET"]}}],"collection":[{"href":"https:\/\/chilimag.hu\/webshop\/wp-json\/wp\/v2\/product"}],"about":[{"href":"https:\/\/chilimag.hu\/webshop\/wp-json\/wp\/v2\/types\/product"}],"replies":[{"embeddable":true,"href":"https:\/\/chilimag.hu\/webshop\/wp-json\/wp\/v2\/comments?post=25487"}],"wp:featuredmedia":[{"embeddable":true,"href":"https:\/\/chilimag.hu\/webshop\/wp-json\/wp\/v2\/media\/25488"}],"wp:attachment":[{"href":"https:\/\/chilimag.hu\/webshop\/wp-json\/wp\/v2\/media?parent=25487"}],"wp:term":[{"taxonomy":"product_brand","embeddable":true,"href":"https:\/\/chilimag.hu\/webshop\/wp-json\/wp\/v2\/product_brand?post=25487"},{"taxonomy":"product_cat","embeddable":true,"href":"https:\/\/chilimag.hu\/webshop\/wp-json\/wp\/v2\/product_cat?post=25487"},{"taxonomy":"product_tag","embeddable":true,"href":"https:\/\/chilimag.hu\/webshop\/wp-json\/wp\/v2\/product_tag?post=25487"}],"curies":[{"name":"wp","href":"https:\/\/api.w.org\/{rel}","templated":true}]}}