{"id":25485,"date":"2023-09-11T19:06:10","date_gmt":"2023-09-11T19:06:10","guid":{"rendered":"https:\/\/chilimag.hu\/webshop\/?post_type=product&#038;p=25485"},"modified":"2025-09-07T18:09:54","modified_gmt":"2025-09-07T18:09:54","slug":"zoldmutragya-magnezium-szulfat-1-kg-agr-sl","status":"publish","type":"product","link":"https:\/\/chilimag.hu\/webshop\/termek\/zoldmutragya-magnezium-szulfat-1-kg-agr-sl\/","title":{"rendered":"Z\u00f6ldm\u0171tr\u00e1gya (Magn\u00e9zium szulf\u00e1t) 1 kg AGR SL"},"content":{"rendered":"","protected":false},"excerpt":{"rendered":"<p>Z\u00d6LDM\u0170TR\u00c1GYA (MAGN\u00c9ZIUM-SZULF\u00c1T)<br \/>\nMagn\u00e9zium m\u0171tr\u00e1gya t\u0171level\u0171ek \u00e9s sz\u00e9les level\u0171 \u00f6r\u00f6kz\u00f6ldek, k\u00fclt\u00e9ri \u00e9s \u00fcvegh\u00e1zi z\u00f6lds\u00e9gek, kerti n\u00f6v\u00e9nyek \u00e9s p\u00e1zsit kieg\u00e9sz\u00edt\u0151 tr\u00e1gy\u00e1z\u00e1s\u00e1hoz. Oldja fel a m\u0171tr\u00e1gy\u00e1t v\u00edzben, \u00e9s alkalmazza a n\u00f6v\u00e9ny n\u00f6veked\u00e9se \u00e9s a term\u0151 id\u0151szak alatt. M\u0171tr\u00e1gyaadag: \u00f6nt\u00f6z\u00e9shez \u2013 30\u201350 g\/10 l v\u00edz, permetez\u00e9shez \u2013 50 g\/10 l v\u00edz.<br \/>\nEK TR\u00c1GYA. M\u0171tr\u00e1gya t\u00edpusa: D.5. magn\u00e9zium-szulf\u00e1t \u2013 Mg(+S) 16(+32). \u00d6sszet\u00e9tel: magn\u00e9zium-oxid (MgO) \u2013 16% k\u00e9n-trioxid (SO3 ) \u2013 32%. A m\u0171tr\u00e1gy\u00e1ban tal\u00e1lhat\u00f3 hat\u00f3anyagok teljesen v\u00edzben old\u00f3dnak.<br \/>\nFizikai v\u00e1ltoz\u00e1sok eset\u00e9n a m\u0171tr\u00e1gy\u00e1k t\u00e1pl\u00e1lkoz\u00e1si tulajdons\u00e1gai nem v\u00e1ltoznak. Ha a m\u0171tr\u00e1gy\u00e1t sz\u00e1razon \u00e9s k\u00f6zvetlen napf\u00e9nyt\u0151l v\u00e9dve tartj\u00e1k, a felhaszn\u00e1l\u00e1si id\u0151 korl\u00e1tlan. \u00d3vint\u00e9zked\u00e9sre vonatkoz\u00f3 mondatok: Gyermekek el\u0151l elz\u00e1rva tartand\u00f3 (P102). Nedvess\u00e9gt\u0151l \u00e9s napf\u00e9nyt\u0151l v\u00e9dve (P232+P410). A szappannal val\u00f3 kezel\u00e9s ut\u00e1n alaposan mosson kezet (P264). Ne egyen, igyon vagy doh\u00e1nyozzon a term\u00e9k haszn\u00e1lata k\u00f6zben (P270). Viseljen v\u00e9d\u0151keszty\u0171t\/v\u00e9d\u0151ruh\u00e1zatot\/szemv\u00e9d\u0151t\/arcv\u00e9d\u0151t (P280). SZEMBE KER\u00dcL\u00c9S ESET\u00c9N: t\u00f6bb percig tart\u00f3 \u00f3vatos \u00f6bl\u00edt\u00e9s v\u00edzzel, t\u00e1vol\u00edtsa el a kontaktlencs\u00e9ket, ha van \u00e9s k\u00f6nnyen elv\u00e9gezhet\u0151, folytassa az \u00f6bl\u00edt\u00e9st, ha a szemirrit\u00e1ci\u00f3 nem m\u00falik el: k\u00e9rjen orvosi tan\u00e1csot\/figyelmet (P305+P351+P338+P337+P313). HA B\u0150RRE KER\u00dcL: mossa le b\u0151 szappannal \u00e9s v\u00edzzel (302+352). LENYEL\u00c9S ESET\u00c9N: rosszull\u00e9t eset\u00e9n forduljon TOXIKOL\u00d3GIAI K\u00d6ZPONTHOZ vagy orvoshoz, \u00f6bl\u00edtse ki a sz\u00e1jat (P301+P312+P330). +5 \u00e9s +25\u00b0C k\u00f6z\u00f6tti h\u0151m\u00e9rs\u00e9kleten t\u00e1roland\u00f3 (P401). A helyi el\u0151\u00edr\u00e1soknak megfelel\u0151en dobja ki a tartalmat\/gyors\u00edt\u00f3t\u00e1rat. (P501).<br \/>\nGy\u00e1rt\u00f3 Agronom<br \/>\nKiszerel\u00e9s 1 kg<\/p>\n","protected":false},"featured_media":25486,"comment_status":"closed","ping_status":"closed","template":"","meta":[],"product_brand":[],"product_cat":[388],"product_tag":[],"class_list":{"0":"post-25485","1":"product","2":"type-product","3":"status-publish","4":"has-post-thumbnail","6":"product_cat-agronom-tapoldatok-es-noveny-apolok","8":"first","9":"instock","10":"taxable","11":"shipping-taxable","12":"purchasable","13":"product-type-simple"},"_links":{"self":[{"href":"https:\/\/chilimag.hu\/webshop\/wp-json\/wp\/v2\/product\/25485","targetHints":{"allow":["GET"]}}],"collection":[{"href":"https:\/\/chilimag.hu\/webshop\/wp-json\/wp\/v2\/product"}],"about":[{"href":"https:\/\/chilimag.hu\/webshop\/wp-json\/wp\/v2\/types\/product"}],"replies":[{"embeddable":true,"href":"https:\/\/chilimag.hu\/webshop\/wp-json\/wp\/v2\/comments?post=25485"}],"wp:featuredmedia":[{"embeddable":true,"href":"https:\/\/chilimag.hu\/webshop\/wp-json\/wp\/v2\/media\/25486"}],"wp:attachment":[{"href":"https:\/\/chilimag.hu\/webshop\/wp-json\/wp\/v2\/media?parent=25485"}],"wp:term":[{"taxonomy":"product_brand","embeddable":true,"href":"https:\/\/chilimag.hu\/webshop\/wp-json\/wp\/v2\/product_brand?post=25485"},{"taxonomy":"product_cat","embeddable":true,"href":"https:\/\/chilimag.hu\/webshop\/wp-json\/wp\/v2\/product_cat?post=25485"},{"taxonomy":"product_tag","embeddable":true,"href":"https:\/\/chilimag.hu\/webshop\/wp-json\/wp\/v2\/product_tag?post=25485"}],"curies":[{"name":"wp","href":"https:\/\/api.w.org\/{rel}","templated":true}]}}