{"id":25475,"date":"2023-09-11T18:33:07","date_gmt":"2023-09-11T18:33:07","guid":{"rendered":"https:\/\/chilimag.hu\/webshop\/?post_type=product&#038;p=25475"},"modified":"2026-03-21T08:24:11","modified_gmt":"2026-03-21T08:24:11","slug":"univerzalis-nitrogen-es-kalcium-mutragya-1-kg-agr-sl","status":"publish","type":"product","link":"https:\/\/chilimag.hu\/webshop\/termek\/univerzalis-nitrogen-es-kalcium-mutragya-1-kg-agr-sl\/","title":{"rendered":"Kalcium m\u0171tr\u00e1gya 1 kg AGR SL"},"content":{"rendered":"","protected":false},"excerpt":{"rendered":"<p>KALCIUM \u00a0(NITR\u00e1t)<br \/>\nHaszn\u00e1lat el\u0151tt oldja fel a m\u0171tr\u00e1gy\u00e1t v\u00edzben. Nem alkalmas Ericaceae n\u00f6v\u00e9nyekre. M\u0171tr\u00e1gyaadag: \u00f6nt\u00f6z\u00e9shez \u2013 10\u201330 g\/10 l v\u00edz, permetez\u00e9shez \u2013 50 g\/10 l v\u00edz.<br \/>\nEK TR\u00c1GYA. M\u0171tr\u00e1gya t\u00edpusa: A.1.1a, nitrog\u00e9n m\u0171tr\u00e1gya (kalcium-nitr\u00e1t) \u2013 N(Ca) 15,5 (+26). \u00d6sszet\u00e9tel: nitrog\u00e9n (N) \u2013 15,5% (amm\u00f3ni\u00e1s nitrog\u00e9n (N-NH4) \u2013 1,1%, nitr\u00e1t nitrog\u00e9n (N-NO3) \u2013 14,4%) kalcium-oxid (CaO) \u2013 26,3%. A m\u0171tr\u00e1gy\u00e1ban tal\u00e1lhat\u00f3 hat\u00f3anyagok teljesen v\u00edzben old\u00f3dnak.<br \/>\nFizikai v\u00e1ltoz\u00e1sok eset\u00e9n a m\u0171tr\u00e1gy\u00e1k t\u00e1pl\u00e1lkoz\u00e1si tulajdons\u00e1gai nem v\u00e1ltoznak. Ha a m\u0171tr\u00e1gy\u00e1t sz\u00e1razon \u00e9s k\u00f6zvetlen napf\u00e9nyt\u0151l v\u00e9dve tartj\u00e1k, a felhaszn\u00e1l\u00e1si id\u0151 korl\u00e1tlan. Figyelmeztet\u0151 mondatok: Lenyelve \u00e1rtalmas (H302). S\u00falyos szemk\u00e1rosod\u00e1st okoz (H318). \u00d3vint\u00e9zked\u00e9sre vonatkoz\u00f3 mondatok: Gyermekek el\u0151l elz\u00e1rva tartand\u00f3 (P102). Nedvess\u00e9gt\u0151l \u00e9s napf\u00e9nyt\u0151l v\u00e9dve (P232+P410). A szappannal val\u00f3 kezel\u00e9s ut\u00e1n alaposan mosson kezet (P264). Ne egyen, igyon vagy doh\u00e1nyozzon a term\u00e9k haszn\u00e1lata k\u00f6zben (P270). Viseljen v\u00e9d\u0151keszty\u0171t\/v\u00e9d\u0151ruh\u00e1zatot\/szemv\u00e9d\u0151t\/arcv\u00e9d\u0151t (P280). SZEMBE KER\u00dcL\u00c9S ESET\u00c9N: t\u00f6bb percig tart\u00f3 \u00f3vatos \u00f6bl\u00edt\u00e9s v\u00edzzel, t\u00e1vol\u00edtsa el a kontaktlencs\u00e9ket, ha van \u00e9s k\u00f6nnyen elv\u00e9gezhet\u0151, folytassa az \u00f6bl\u00edt\u00e9st, ha a szemirrit\u00e1ci\u00f3 nem m\u00falik el: k\u00e9rjen orvosi tan\u00e1csot\/figyelmet (P305+P351+P338+P337+P313). HA B\u0150RRE KER\u00dcL: mossa le b\u0151 szappannal \u00e9s v\u00edzzel (302+352). LENYEL\u00c9S ESET\u00c9N: rosszull\u00e9t eset\u00e9n forduljon TOXIKOL\u00d3GIAI K\u00d6ZPONTHOZ vagy orvoshoz, \u00f6bl\u00edtse ki a sz\u00e1jat (P301+P312+P330). +5 \u00e9s +25\u00b0C k\u00f6z\u00f6tti h\u0151m\u00e9rs\u00e9kleten t\u00e1roland\u00f3 (P401). A helyi el\u0151\u00edr\u00e1soknak megfelel\u0151en dobja ki a tartalmat\/gyors\u00edt\u00f3t\u00e1rat. (P501).<\/p>\n<p>Gy\u00e1rt\u00f3 Agronom<br \/>\nKiszerel\u00e9s 1 kg<\/p>\n","protected":false},"featured_media":25476,"comment_status":"closed","ping_status":"closed","template":"","meta":[],"product_brand":[],"product_cat":[388],"product_tag":[],"class_list":{"0":"post-25475","1":"product","2":"type-product","3":"status-publish","4":"has-post-thumbnail","6":"product_cat-agronom-tapoldatok-es-noveny-apolok","8":"first","9":"instock","10":"taxable","11":"shipping-taxable","12":"purchasable","13":"product-type-simple"},"_links":{"self":[{"href":"https:\/\/chilimag.hu\/webshop\/wp-json\/wp\/v2\/product\/25475","targetHints":{"allow":["GET"]}}],"collection":[{"href":"https:\/\/chilimag.hu\/webshop\/wp-json\/wp\/v2\/product"}],"about":[{"href":"https:\/\/chilimag.hu\/webshop\/wp-json\/wp\/v2\/types\/product"}],"replies":[{"embeddable":true,"href":"https:\/\/chilimag.hu\/webshop\/wp-json\/wp\/v2\/comments?post=25475"}],"wp:featuredmedia":[{"embeddable":true,"href":"https:\/\/chilimag.hu\/webshop\/wp-json\/wp\/v2\/media\/25476"}],"wp:attachment":[{"href":"https:\/\/chilimag.hu\/webshop\/wp-json\/wp\/v2\/media?parent=25475"}],"wp:term":[{"taxonomy":"product_brand","embeddable":true,"href":"https:\/\/chilimag.hu\/webshop\/wp-json\/wp\/v2\/product_brand?post=25475"},{"taxonomy":"product_cat","embeddable":true,"href":"https:\/\/chilimag.hu\/webshop\/wp-json\/wp\/v2\/product_cat?post=25475"},{"taxonomy":"product_tag","embeddable":true,"href":"https:\/\/chilimag.hu\/webshop\/wp-json\/wp\/v2\/product_tag?post=25475"}],"curies":[{"name":"wp","href":"https:\/\/api.w.org\/{rel}","templated":true}]}}